{"id":7195,"date":"2023-09-01T03:12:09","date_gmt":"2023-09-01T01:12:09","guid":{"rendered":"https:\/\/www.jussihaikka.fi\/fi\/?page_id=7195"},"modified":"2024-03-11T00:58:27","modified_gmt":"2024-03-10T22:58:27","slug":"sveitsi","status":"publish","type":"page","link":"https:\/\/www.jussihaikka.com\/fi\/verkkokauppa\/trail-running\/sveitsi\/","title":{"rendered":"Trail Running Sveitsiss\u00e4"},"content":{"rendered":"<h1><strong>Trail Running Sveitsiss\u00e4<\/strong><\/h1>\n<p><img loading=\"lazy\" decoding=\"async\" class=\"alignnone wp-image-8157 size-full\" src=\"https:\/\/www.jussihaikka.fi\/fi\/wp-content\/uploads\/2023\/12\/IMG_3867-scaled.jpg\" alt=\"\" width=\"2560\" height=\"1707\" srcset=\"https:\/\/www.jussihaikka.com\/fi\/wp-content\/uploads\/2023\/12\/IMG_3867-scaled.jpg 2560w, https:\/\/www.jussihaikka.com\/fi\/wp-content\/uploads\/2023\/12\/IMG_3867-300x200.jpg 300w, https:\/\/www.jussihaikka.com\/fi\/wp-content\/uploads\/2023\/12\/IMG_3867-1024x683.jpg 1024w, https:\/\/www.jussihaikka.com\/fi\/wp-content\/uploads\/2023\/12\/IMG_3867-768x512.jpg 768w\" sizes=\"auto, (max-width: 2560px) 100vw, 2560px\" \/><\/p>\n<h2><strong>Alppien laadukkaimmat vuorijuoksut<\/strong><\/h2>\n<h3>Tavoitteenani on tarjota Alppien laadukkaimpia Trail Running vuorijuoksuja ja urheilumatkoja suomalaisille yritysjohtajille ja yritysasiakkaille<\/h3>\n<h3>Vastaanotto shampanjatarjoilun kanssa Geneven lentokent\u00e4ll\u00e4<\/h3>\n<h3>Matkalaukkujen kuljetus Jeepill\u00e4 ja opastus hotelliin<\/h3>\n<h3>Laatu- ja tyytyv\u00e4isyystakuu<\/h3>\n<p><img loading=\"lazy\" decoding=\"async\" class=\"alignnone wp-image-7624 size-full\" src=\"https:\/\/www.jussihaikka.fi\/fi\/wp-content\/uploads\/2023\/10\/shutterstock_2251687275_719345560315-scaled.jpeg\" alt=\"\" width=\"2560\" height=\"1707\" srcset=\"https:\/\/www.jussihaikka.com\/fi\/wp-content\/uploads\/2023\/10\/shutterstock_2251687275_719345560315-scaled.jpeg 2560w, https:\/\/www.jussihaikka.com\/fi\/wp-content\/uploads\/2023\/10\/shutterstock_2251687275_719345560315-300x200.jpeg 300w, https:\/\/www.jussihaikka.com\/fi\/wp-content\/uploads\/2023\/10\/shutterstock_2251687275_719345560315-1024x683.jpeg 1024w, https:\/\/www.jussihaikka.com\/fi\/wp-content\/uploads\/2023\/10\/shutterstock_2251687275_719345560315-768x512.jpeg 768w\" sizes=\"auto, (max-width: 2560px) 100vw, 2560px\" \/><\/p>\n<h2>Urheilumatkat Sveitsiss\u00e4<\/h2>\n<h3>Hienoimmat Alppi-kyl\u00e4t<\/h3>\n<h3>Premium-tason urheilumatkoilla panostetaan kokonaisvaltaiseen hyvinvointiin<\/h3>\n<h3>Laadukkaat hotellit<\/h3>\n<h3>Ravintolael\u00e4mykset<\/h3>\n<h3>Kylpyl\u00e4mahdollisuudet<\/h3>\n<p><img loading=\"lazy\" decoding=\"async\" class=\"alignnone wp-image-6262 size-full\" src=\"https:\/\/www.jussihaikka.fi\/fi\/wp-content\/uploads\/2023\/08\/shutterstock_704449390_713884616089-scaled.jpg\" alt=\"\" width=\"2560\" height=\"1707\" srcset=\"https:\/\/www.jussihaikka.com\/fi\/wp-content\/uploads\/2023\/08\/shutterstock_704449390_713884616089-scaled.jpg 2560w, https:\/\/www.jussihaikka.com\/fi\/wp-content\/uploads\/2023\/08\/shutterstock_704449390_713884616089-300x200.jpg 300w, https:\/\/www.jussihaikka.com\/fi\/wp-content\/uploads\/2023\/08\/shutterstock_704449390_713884616089-1024x683.jpg 1024w, https:\/\/www.jussihaikka.com\/fi\/wp-content\/uploads\/2023\/08\/shutterstock_704449390_713884616089-768x512.jpg 768w, https:\/\/www.jussihaikka.com\/fi\/wp-content\/uploads\/2023\/08\/shutterstock_704449390_713884616089-1536x1024.jpg 1536w, https:\/\/www.jussihaikka.com\/fi\/wp-content\/uploads\/2023\/08\/shutterstock_704449390_713884616089-2048x1365.jpg 2048w\" sizes=\"auto, (max-width: 2560px) 100vw, 2560px\" \/><\/p>\n<h2>Vuorijuoksu<\/h2>\n<h3>Trail Running<\/h3>\n<h3>Kokenut vuorijuoksuopas<\/h3>\n<h3>Vuoristomajat Sveitsiss\u00e4<\/h3>\n<h3>Raitista vuoristoilmaa<\/h3>\n<h3>Kunto kasvaa yl\u00e4m\u00e4ess\u00e4<\/h3>\n<h3>Pys\u00e4hdymme ihailemaan maisemia<\/h3>\n<h3>Aina opas ja auton kuljettaja<\/h3>\n<h2>Johtamistaitoja ja verkostoitumista<\/h2>\n<h3>Johtamistaidon akateemisia keskusteluita vuoripoluilla<\/h3>\n<h3>Verkostoitumista<\/h3>\n<h2>Palvelun joustavuus ja nopeus<\/h2>\n<h3>Vuorijuoksut ovat yksil\u00f6llisesti suunniteltuja<\/h3>\n<p>Mahdollisuuksien mukaan juoksen reitit etuk\u00e4teen ja selvit\u00e4n laadukkaat ravintola- ja hotellivaihtoehdot<\/p>\n<p>Voin rakentaa vuorijuoksuviikon yhteyteen my\u00f6s muita palveluita<\/p>\n<p>Joustavat ilmoittautumisajat ja peruutusmahdollisuudet<\/p>\n<h3>Vuorijuoksut voidaan toteuttaa my\u00f6s vuorivaelluksina<\/h3>\n<h3>Lis\u00e4palvelut tarpeidenne ja toiveidenne mukaisesti<\/h3>\n<p><img loading=\"lazy\" decoding=\"async\" class=\"alignnone wp-image-6263 size-full\" src=\"https:\/\/www.jussihaikka.fi\/fi\/wp-content\/uploads\/2023\/08\/shutterstock_714840958_713884516611-scaled.jpg\" alt=\"\" width=\"2560\" height=\"1722\" srcset=\"https:\/\/www.jussihaikka.com\/fi\/wp-content\/uploads\/2023\/08\/shutterstock_714840958_713884516611-scaled.jpg 2560w, https:\/\/www.jussihaikka.com\/fi\/wp-content\/uploads\/2023\/08\/shutterstock_714840958_713884516611-300x202.jpg 300w, https:\/\/www.jussihaikka.com\/fi\/wp-content\/uploads\/2023\/08\/shutterstock_714840958_713884516611-1024x689.jpg 1024w, https:\/\/www.jussihaikka.com\/fi\/wp-content\/uploads\/2023\/08\/shutterstock_714840958_713884516611-768x517.jpg 768w, https:\/\/www.jussihaikka.com\/fi\/wp-content\/uploads\/2023\/08\/shutterstock_714840958_713884516611-1536x1033.jpg 1536w, https:\/\/www.jussihaikka.com\/fi\/wp-content\/uploads\/2023\/08\/shutterstock_714840958_713884516611-2048x1377.jpg 2048w\" sizes=\"auto, (max-width: 2560px) 100vw, 2560px\" \/><\/p>\n<h3><\/h3>\n<h3 style=\"text-align: center;\"><a href=\"https:\/\/www.jussihaikka.fi\/fi\/verkkokauppa\/ilmoittautuminen\/\"><strong>ILMOITTAUDU VUORIJUOKSUUN<\/strong><\/a><\/h3>\n<h3 style=\"text-align: center;\"><a href=\"https:\/\/www.jussihaikka.fi\/fi\/verkkokauppa\/urheiluvalmennus\/juoksuvalmennus\/\"><strong>ILMOITTAUDU JUOKSUVALMENNUKSEEN<\/strong><\/a><\/h3>\n","protected":false},"excerpt":{"rendered":"<p>Trail Running Sveitsiss\u00e4 Alppien laadukkaimmat vuorijuoksut Tavoitteenani on tarjota Alppien laadukkaimpia Trail Running vuorijuoksuja ja urheilumatkoja suomalaisille yritysjohtajille ja yritysasiakkaille Vastaanotto shampanjatarjoilun kanssa Geneven lentokent\u00e4ll\u00e4 Matkalaukkujen kuljetus Jeepill\u00e4 ja opastus &#8230;<\/p>\n","protected":false},"author":4,"featured_media":0,"parent":5192,"menu_order":0,"comment_status":"closed","ping_status":"closed","template":"","meta":{"footnotes":""},"class_list":["post-7195","page","type-page","status-publish","hentry"],"yoast_head":"<!-- This site is optimized with the Yoast SEO plugin v27.4 - https:\/\/yoast.com\/product\/yoast-seo-wordpress\/ -->\n<title>Trail Running Sveitsiss\u00e4 - Jussi Haikka<\/title>\n<meta name=\"robots\" content=\"index, follow, max-snippet:-1, max-image-preview:large, max-video-preview:-1\" \/>\n<link rel=\"canonical\" href=\"https:\/\/www.jussihaikka.com\/fi\/verkkokauppa\/trail-running\/sveitsi\/\" \/>\n<meta property=\"og:locale\" content=\"fi_FI\" \/>\n<meta property=\"og:type\" content=\"article\" \/>\n<meta property=\"og:title\" content=\"Trail Running Sveitsiss\u00e4 - Jussi Haikka\" \/>\n<meta property=\"og:description\" content=\"Trail Running Sveitsiss\u00e4 Alppien laadukkaimmat vuorijuoksut Tavoitteenani on tarjota Alppien laadukkaimpia Trail Running vuorijuoksuja ja urheilumatkoja suomalaisille yritysjohtajille ja yritysasiakkaille Vastaanotto shampanjatarjoilun kanssa Geneven lentokent\u00e4ll\u00e4 Matkalaukkujen kuljetus Jeepill\u00e4 ja opastus ...\" \/>\n<meta property=\"og:url\" content=\"https:\/\/www.jussihaikka.com\/fi\/verkkokauppa\/trail-running\/sveitsi\/\" \/>\n<meta property=\"og:site_name\" content=\"Jussi Haikka\" \/>\n<meta property=\"article:modified_time\" content=\"2024-03-10T22:58:27+00:00\" \/>\n<meta property=\"og:image\" content=\"https:\/\/www.jussihaikka.fi\/fi\/wp-content\/uploads\/2023\/12\/IMG_3867-scaled.jpg\" \/>\n<meta name=\"twitter:card\" content=\"summary_large_image\" \/>\n<meta name=\"twitter:label1\" content=\"Arvioitu lukuaika\" \/>\n\t<meta name=\"twitter:data1\" content=\"2 minuuttia\" \/>\n<script type=\"application\/ld+json\" class=\"yoast-schema-graph\">{\"@context\":\"https:\\\/\\\/schema.org\",\"@graph\":[{\"@type\":\"WebPage\",\"@id\":\"https:\\\/\\\/www.jussihaikka.com\\\/fi\\\/verkkokauppa\\\/trail-running\\\/sveitsi\\\/\",\"url\":\"https:\\\/\\\/www.jussihaikka.com\\\/fi\\\/verkkokauppa\\\/trail-running\\\/sveitsi\\\/\",\"name\":\"Trail Running Sveitsiss\u00e4 - Jussi Haikka\",\"isPartOf\":{\"@id\":\"https:\\\/\\\/www.jussihaikka.com\\\/fi\\\/#website\"},\"primaryImageOfPage\":{\"@id\":\"https:\\\/\\\/www.jussihaikka.com\\\/fi\\\/verkkokauppa\\\/trail-running\\\/sveitsi\\\/#primaryimage\"},\"image\":{\"@id\":\"https:\\\/\\\/www.jussihaikka.com\\\/fi\\\/verkkokauppa\\\/trail-running\\\/sveitsi\\\/#primaryimage\"},\"thumbnailUrl\":\"https:\\\/\\\/www.jussihaikka.fi\\\/fi\\\/wp-content\\\/uploads\\\/2023\\\/12\\\/IMG_3867-scaled.jpg\",\"datePublished\":\"2023-09-01T01:12:09+00:00\",\"dateModified\":\"2024-03-10T22:58:27+00:00\",\"breadcrumb\":{\"@id\":\"https:\\\/\\\/www.jussihaikka.com\\\/fi\\\/verkkokauppa\\\/trail-running\\\/sveitsi\\\/#breadcrumb\"},\"inLanguage\":\"fi\",\"potentialAction\":[{\"@type\":\"ReadAction\",\"target\":[\"https:\\\/\\\/www.jussihaikka.com\\\/fi\\\/verkkokauppa\\\/trail-running\\\/sveitsi\\\/\"]}]},{\"@type\":\"ImageObject\",\"inLanguage\":\"fi\",\"@id\":\"https:\\\/\\\/www.jussihaikka.com\\\/fi\\\/verkkokauppa\\\/trail-running\\\/sveitsi\\\/#primaryimage\",\"url\":\"https:\\\/\\\/www.jussihaikka.fi\\\/fi\\\/wp-content\\\/uploads\\\/2023\\\/12\\\/IMG_3867-scaled.jpg\",\"contentUrl\":\"https:\\\/\\\/www.jussihaikka.fi\\\/fi\\\/wp-content\\\/uploads\\\/2023\\\/12\\\/IMG_3867-scaled.jpg\"},{\"@type\":\"BreadcrumbList\",\"@id\":\"https:\\\/\\\/www.jussihaikka.com\\\/fi\\\/verkkokauppa\\\/trail-running\\\/sveitsi\\\/#breadcrumb\",\"itemListElement\":[{\"@type\":\"ListItem\",\"position\":1,\"name\":\"Etusivu\",\"item\":\"https:\\\/\\\/www.jussihaikka.com\\\/fi\\\/\"},{\"@type\":\"ListItem\",\"position\":2,\"name\":\"Verkkokauppa\",\"item\":\"https:\\\/\\\/www.jussihaikka.com\\\/fi\\\/verkkokauppa\\\/\"},{\"@type\":\"ListItem\",\"position\":3,\"name\":\"Trail Running\",\"item\":\"https:\\\/\\\/www.jussihaikka.com\\\/fi\\\/verkkokauppa\\\/trail-running\\\/\"},{\"@type\":\"ListItem\",\"position\":4,\"name\":\"Trail Running Sveitsiss\u00e4\"}]},{\"@type\":\"WebSite\",\"@id\":\"https:\\\/\\\/www.jussihaikka.com\\\/fi\\\/#website\",\"url\":\"https:\\\/\\\/www.jussihaikka.com\\\/fi\\\/\",\"name\":\"Jussi Haikka\",\"description\":\"Do Not Fear - Just Believe\",\"potentialAction\":[{\"@type\":\"SearchAction\",\"target\":{\"@type\":\"EntryPoint\",\"urlTemplate\":\"https:\\\/\\\/www.jussihaikka.com\\\/fi\\\/?s={search_term_string}\"},\"query-input\":{\"@type\":\"PropertyValueSpecification\",\"valueRequired\":true,\"valueName\":\"search_term_string\"}}],\"inLanguage\":\"fi\"}]}<\/script>\n<!-- \/ Yoast SEO plugin. -->","yoast_head_json":{"title":"Trail Running Sveitsiss\u00e4 - Jussi Haikka","robots":{"index":"index","follow":"follow","max-snippet":"max-snippet:-1","max-image-preview":"max-image-preview:large","max-video-preview":"max-video-preview:-1"},"canonical":"https:\/\/www.jussihaikka.com\/fi\/verkkokauppa\/trail-running\/sveitsi\/","og_locale":"fi_FI","og_type":"article","og_title":"Trail Running Sveitsiss\u00e4 - Jussi Haikka","og_description":"Trail Running Sveitsiss\u00e4 Alppien laadukkaimmat vuorijuoksut Tavoitteenani on tarjota Alppien laadukkaimpia Trail Running vuorijuoksuja ja urheilumatkoja suomalaisille yritysjohtajille ja yritysasiakkaille Vastaanotto shampanjatarjoilun kanssa Geneven lentokent\u00e4ll\u00e4 Matkalaukkujen kuljetus Jeepill\u00e4 ja opastus ...","og_url":"https:\/\/www.jussihaikka.com\/fi\/verkkokauppa\/trail-running\/sveitsi\/","og_site_name":"Jussi Haikka","article_modified_time":"2024-03-10T22:58:27+00:00","og_image":[{"url":"https:\/\/www.jussihaikka.fi\/fi\/wp-content\/uploads\/2023\/12\/IMG_3867-scaled.jpg","type":"","width":"","height":""}],"twitter_card":"summary_large_image","twitter_misc":{"Arvioitu lukuaika":"2 minuuttia"},"schema":{"@context":"https:\/\/schema.org","@graph":[{"@type":"WebPage","@id":"https:\/\/www.jussihaikka.com\/fi\/verkkokauppa\/trail-running\/sveitsi\/","url":"https:\/\/www.jussihaikka.com\/fi\/verkkokauppa\/trail-running\/sveitsi\/","name":"Trail Running Sveitsiss\u00e4 - Jussi Haikka","isPartOf":{"@id":"https:\/\/www.jussihaikka.com\/fi\/#website"},"primaryImageOfPage":{"@id":"https:\/\/www.jussihaikka.com\/fi\/verkkokauppa\/trail-running\/sveitsi\/#primaryimage"},"image":{"@id":"https:\/\/www.jussihaikka.com\/fi\/verkkokauppa\/trail-running\/sveitsi\/#primaryimage"},"thumbnailUrl":"https:\/\/www.jussihaikka.fi\/fi\/wp-content\/uploads\/2023\/12\/IMG_3867-scaled.jpg","datePublished":"2023-09-01T01:12:09+00:00","dateModified":"2024-03-10T22:58:27+00:00","breadcrumb":{"@id":"https:\/\/www.jussihaikka.com\/fi\/verkkokauppa\/trail-running\/sveitsi\/#breadcrumb"},"inLanguage":"fi","potentialAction":[{"@type":"ReadAction","target":["https:\/\/www.jussihaikka.com\/fi\/verkkokauppa\/trail-running\/sveitsi\/"]}]},{"@type":"ImageObject","inLanguage":"fi","@id":"https:\/\/www.jussihaikka.com\/fi\/verkkokauppa\/trail-running\/sveitsi\/#primaryimage","url":"https:\/\/www.jussihaikka.fi\/fi\/wp-content\/uploads\/2023\/12\/IMG_3867-scaled.jpg","contentUrl":"https:\/\/www.jussihaikka.fi\/fi\/wp-content\/uploads\/2023\/12\/IMG_3867-scaled.jpg"},{"@type":"BreadcrumbList","@id":"https:\/\/www.jussihaikka.com\/fi\/verkkokauppa\/trail-running\/sveitsi\/#breadcrumb","itemListElement":[{"@type":"ListItem","position":1,"name":"Etusivu","item":"https:\/\/www.jussihaikka.com\/fi\/"},{"@type":"ListItem","position":2,"name":"Verkkokauppa","item":"https:\/\/www.jussihaikka.com\/fi\/verkkokauppa\/"},{"@type":"ListItem","position":3,"name":"Trail Running","item":"https:\/\/www.jussihaikka.com\/fi\/verkkokauppa\/trail-running\/"},{"@type":"ListItem","position":4,"name":"Trail Running Sveitsiss\u00e4"}]},{"@type":"WebSite","@id":"https:\/\/www.jussihaikka.com\/fi\/#website","url":"https:\/\/www.jussihaikka.com\/fi\/","name":"Jussi Haikka","description":"Do Not Fear - Just Believe","potentialAction":[{"@type":"SearchAction","target":{"@type":"EntryPoint","urlTemplate":"https:\/\/www.jussihaikka.com\/fi\/?s={search_term_string}"},"query-input":{"@type":"PropertyValueSpecification","valueRequired":true,"valueName":"search_term_string"}}],"inLanguage":"fi"}]}},"_links":{"self":[{"href":"https:\/\/www.jussihaikka.com\/fi\/wp-json\/wp\/v2\/pages\/7195","targetHints":{"allow":["GET"]}}],"collection":[{"href":"https:\/\/www.jussihaikka.com\/fi\/wp-json\/wp\/v2\/pages"}],"about":[{"href":"https:\/\/www.jussihaikka.com\/fi\/wp-json\/wp\/v2\/types\/page"}],"author":[{"embeddable":true,"href":"https:\/\/www.jussihaikka.com\/fi\/wp-json\/wp\/v2\/users\/4"}],"replies":[{"embeddable":true,"href":"https:\/\/www.jussihaikka.com\/fi\/wp-json\/wp\/v2\/comments?post=7195"}],"version-history":[{"count":27,"href":"https:\/\/www.jussihaikka.com\/fi\/wp-json\/wp\/v2\/pages\/7195\/revisions"}],"predecessor-version":[{"id":9538,"href":"https:\/\/www.jussihaikka.com\/fi\/wp-json\/wp\/v2\/pages\/7195\/revisions\/9538"}],"up":[{"embeddable":true,"href":"https:\/\/www.jussihaikka.com\/fi\/wp-json\/wp\/v2\/pages\/5192"}],"wp:attachment":[{"href":"https:\/\/www.jussihaikka.com\/fi\/wp-json\/wp\/v2\/media?parent=7195"}],"curies":[{"name":"wp","href":"https:\/\/api.w.org\/{rel}","templated":true}]}}