{"id":6189,"date":"2023-08-15T23:17:28","date_gmt":"2023-08-15T21:17:28","guid":{"rendered":"https:\/\/www.jussihaikka.fi\/fi\/?page_id=6189"},"modified":"2024-03-04T03:03:56","modified_gmt":"2024-03-04T01:03:56","slug":"sea-to-summit-taktiikka","status":"publish","type":"page","link":"https:\/\/www.jussihaikka.com\/fi\/himalaja\/sea-to-summit-suunnittelu\/sea-to-summit-taktiikka\/","title":{"rendered":"Sea to Summit taktiikka"},"content":{"rendered":"<h1>Sea to Summit taktiikka<\/h1>\n<p><img loading=\"lazy\" decoding=\"async\" class=\"alignnone wp-image-3821 size-full\" src=\"https:\/\/www.jussihaikka.fi\/fi\/wp-content\/uploads\/2022\/03\/Summit-Climbing.png\" alt=\"\" width=\"2862\" height=\"1098\" srcset=\"https:\/\/www.jussihaikka.com\/fi\/wp-content\/uploads\/2022\/03\/Summit-Climbing.png 2862w, https:\/\/www.jussihaikka.com\/fi\/wp-content\/uploads\/2022\/03\/Summit-Climbing-300x115.png 300w, https:\/\/www.jussihaikka.com\/fi\/wp-content\/uploads\/2022\/03\/Summit-Climbing-1024x393.png 1024w, https:\/\/www.jussihaikka.com\/fi\/wp-content\/uploads\/2022\/03\/Summit-Climbing-768x295.png 768w, https:\/\/www.jussihaikka.com\/fi\/wp-content\/uploads\/2022\/03\/Summit-Climbing-1536x589.png 1536w, https:\/\/www.jussihaikka.com\/fi\/wp-content\/uploads\/2022\/03\/Summit-Climbing-2048x786.png 2048w\" sizes=\"auto, (max-width: 2862px) 100vw, 2862px\" \/><\/p>\n<h2>Sea to Summit Expedition<\/h2>\n<p>&nbsp;<\/p>\n<h2>100 days Acclimatisation<\/h2>\n<p>&nbsp;<\/p>\n<h2>100 tunnin huippusuoritus<\/h2>\n<p>50 tuntia 100 tunnin aikana<\/p>\n<p>Klassinen EBC &#8211; C1 &#8211; C2 &#8211; C3 &#8211; C4 &#8211; Summit &#8211; C4 &#8211; C3 &#8211; C2 &#8211; C1- EBC<\/p>\n<p>Nopea EBC &#8211; C2 &#8211; C4 &#8211; Summit &#8211; C4 &#8211; C2 &#8211; EBC<\/p>\n<h2>36 tunnin huippukiipeily<\/h2>\n<p>C2 &#8211; C4 &#8211; Summit &#8211; C4 &#8211; C2<\/p>\n<h2>20 tunnin huippuharjanne<\/h2>\n<p>C4 &#8211; Summit &#8211; C4<\/p>\n<h2>Erilaiset huiputustaktiikat ja tyylit<\/h2>\n<h3>Yhteinen retkikunta vai solo? Sherpat?<\/h3>\n<h3>Raskaat yl\u00e4vuoristoleirit ja kiinte\u00e4t k\u00f6ydet?<\/h3>\n<h3>Vai nopea ja kevyt taktiikka?<\/h3>\n<h3>Liitovarjot, sukset vai j\u00e4\u00e4raudat?<\/h3>\n","protected":false},"excerpt":{"rendered":"<p>Sea to Summit taktiikka Sea to Summit Expedition &nbsp; 100 days Acclimatisation &nbsp; 100 tunnin huippusuoritus 50 tuntia 100 tunnin aikana Klassinen EBC &#8211; C1 &#8211; C2 &#8211; C3 &#8211; &#8230;<\/p>\n","protected":false},"author":4,"featured_media":0,"parent":5055,"menu_order":0,"comment_status":"closed","ping_status":"closed","template":"","meta":{"footnotes":""},"class_list":["post-6189","page","type-page","status-publish","hentry"],"yoast_head":"<!-- This site is optimized with the Yoast SEO plugin v27.5 - https:\/\/yoast.com\/product\/yoast-seo-wordpress\/ -->\n<title>Sea to Summit taktiikka - Jussi Haikka<\/title>\n<meta name=\"robots\" content=\"index, follow, max-snippet:-1, max-image-preview:large, max-video-preview:-1\" \/>\n<link rel=\"canonical\" href=\"https:\/\/www.jussihaikka.com\/fi\/himalaja\/sea-to-summit-suunnittelu\/sea-to-summit-taktiikka\/\" \/>\n<meta property=\"og:locale\" content=\"fi_FI\" \/>\n<meta property=\"og:type\" content=\"article\" \/>\n<meta property=\"og:title\" content=\"Sea to Summit taktiikka - Jussi Haikka\" \/>\n<meta property=\"og:description\" content=\"Sea to Summit taktiikka Sea to Summit Expedition &nbsp; 100 days Acclimatisation &nbsp; 100 tunnin huippusuoritus 50 tuntia 100 tunnin aikana Klassinen EBC &#8211; C1 &#8211; C2 &#8211; C3 &#8211; ...\" \/>\n<meta property=\"og:url\" content=\"https:\/\/www.jussihaikka.com\/fi\/himalaja\/sea-to-summit-suunnittelu\/sea-to-summit-taktiikka\/\" \/>\n<meta property=\"og:site_name\" content=\"Jussi Haikka\" \/>\n<meta property=\"article:modified_time\" content=\"2024-03-04T01:03:56+00:00\" \/>\n<meta property=\"og:image\" content=\"https:\/\/www.jussihaikka.fi\/fi\/wp-content\/uploads\/2022\/03\/Summit-Climbing.png\" \/>\n<meta name=\"twitter:card\" content=\"summary_large_image\" \/>\n<meta name=\"twitter:label1\" content=\"Arvioitu lukuaika\" \/>\n\t<meta name=\"twitter:data1\" content=\"1 minuutti\" \/>\n<script type=\"application\/ld+json\" class=\"yoast-schema-graph\">{\"@context\":\"https:\\\/\\\/schema.org\",\"@graph\":[{\"@type\":\"WebPage\",\"@id\":\"https:\\\/\\\/www.jussihaikka.com\\\/fi\\\/himalaja\\\/sea-to-summit-suunnittelu\\\/sea-to-summit-taktiikka\\\/\",\"url\":\"https:\\\/\\\/www.jussihaikka.com\\\/fi\\\/himalaja\\\/sea-to-summit-suunnittelu\\\/sea-to-summit-taktiikka\\\/\",\"name\":\"Sea to Summit taktiikka - Jussi Haikka\",\"isPartOf\":{\"@id\":\"https:\\\/\\\/www.jussihaikka.com\\\/fi\\\/#website\"},\"primaryImageOfPage\":{\"@id\":\"https:\\\/\\\/www.jussihaikka.com\\\/fi\\\/himalaja\\\/sea-to-summit-suunnittelu\\\/sea-to-summit-taktiikka\\\/#primaryimage\"},\"image\":{\"@id\":\"https:\\\/\\\/www.jussihaikka.com\\\/fi\\\/himalaja\\\/sea-to-summit-suunnittelu\\\/sea-to-summit-taktiikka\\\/#primaryimage\"},\"thumbnailUrl\":\"https:\\\/\\\/www.jussihaikka.fi\\\/fi\\\/wp-content\\\/uploads\\\/2022\\\/03\\\/Summit-Climbing.png\",\"datePublished\":\"2023-08-15T21:17:28+00:00\",\"dateModified\":\"2024-03-04T01:03:56+00:00\",\"breadcrumb\":{\"@id\":\"https:\\\/\\\/www.jussihaikka.com\\\/fi\\\/himalaja\\\/sea-to-summit-suunnittelu\\\/sea-to-summit-taktiikka\\\/#breadcrumb\"},\"inLanguage\":\"fi\",\"potentialAction\":[{\"@type\":\"ReadAction\",\"target\":[\"https:\\\/\\\/www.jussihaikka.com\\\/fi\\\/himalaja\\\/sea-to-summit-suunnittelu\\\/sea-to-summit-taktiikka\\\/\"]}]},{\"@type\":\"ImageObject\",\"inLanguage\":\"fi\",\"@id\":\"https:\\\/\\\/www.jussihaikka.com\\\/fi\\\/himalaja\\\/sea-to-summit-suunnittelu\\\/sea-to-summit-taktiikka\\\/#primaryimage\",\"url\":\"https:\\\/\\\/www.jussihaikka.fi\\\/fi\\\/wp-content\\\/uploads\\\/2022\\\/03\\\/Summit-Climbing.png\",\"contentUrl\":\"https:\\\/\\\/www.jussihaikka.fi\\\/fi\\\/wp-content\\\/uploads\\\/2022\\\/03\\\/Summit-Climbing.png\"},{\"@type\":\"BreadcrumbList\",\"@id\":\"https:\\\/\\\/www.jussihaikka.com\\\/fi\\\/himalaja\\\/sea-to-summit-suunnittelu\\\/sea-to-summit-taktiikka\\\/#breadcrumb\",\"itemListElement\":[{\"@type\":\"ListItem\",\"position\":1,\"name\":\"Etusivu\",\"item\":\"https:\\\/\\\/www.jussihaikka.com\\\/fi\\\/\"},{\"@type\":\"ListItem\",\"position\":2,\"name\":\"Himalaja\",\"item\":\"https:\\\/\\\/www.jussihaikka.com\\\/fi\\\/himalaja\\\/\"},{\"@type\":\"ListItem\",\"position\":3,\"name\":\"Retkikunnan suunnittelu vuodelle 2027 &#8211; 2028\",\"item\":\"https:\\\/\\\/www.jussihaikka.com\\\/fi\\\/himalaja\\\/sea-to-summit-suunnittelu\\\/\"},{\"@type\":\"ListItem\",\"position\":4,\"name\":\"Sea to Summit taktiikka\"}]},{\"@type\":\"WebSite\",\"@id\":\"https:\\\/\\\/www.jussihaikka.com\\\/fi\\\/#website\",\"url\":\"https:\\\/\\\/www.jussihaikka.com\\\/fi\\\/\",\"name\":\"Jussi Haikka\",\"description\":\"Do Not Fear - Just Believe\",\"potentialAction\":[{\"@type\":\"SearchAction\",\"target\":{\"@type\":\"EntryPoint\",\"urlTemplate\":\"https:\\\/\\\/www.jussihaikka.com\\\/fi\\\/?s={search_term_string}\"},\"query-input\":{\"@type\":\"PropertyValueSpecification\",\"valueRequired\":true,\"valueName\":\"search_term_string\"}}],\"inLanguage\":\"fi\"}]}<\/script>\n<!-- \/ Yoast SEO plugin. -->","yoast_head_json":{"title":"Sea to Summit taktiikka - Jussi Haikka","robots":{"index":"index","follow":"follow","max-snippet":"max-snippet:-1","max-image-preview":"max-image-preview:large","max-video-preview":"max-video-preview:-1"},"canonical":"https:\/\/www.jussihaikka.com\/fi\/himalaja\/sea-to-summit-suunnittelu\/sea-to-summit-taktiikka\/","og_locale":"fi_FI","og_type":"article","og_title":"Sea to Summit taktiikka - Jussi Haikka","og_description":"Sea to Summit taktiikka Sea to Summit Expedition &nbsp; 100 days Acclimatisation &nbsp; 100 tunnin huippusuoritus 50 tuntia 100 tunnin aikana Klassinen EBC &#8211; C1 &#8211; C2 &#8211; C3 &#8211; ...","og_url":"https:\/\/www.jussihaikka.com\/fi\/himalaja\/sea-to-summit-suunnittelu\/sea-to-summit-taktiikka\/","og_site_name":"Jussi Haikka","article_modified_time":"2024-03-04T01:03:56+00:00","og_image":[{"url":"https:\/\/www.jussihaikka.fi\/fi\/wp-content\/uploads\/2022\/03\/Summit-Climbing.png","type":"","width":"","height":""}],"twitter_card":"summary_large_image","twitter_misc":{"Arvioitu lukuaika":"1 minuutti"},"schema":{"@context":"https:\/\/schema.org","@graph":[{"@type":"WebPage","@id":"https:\/\/www.jussihaikka.com\/fi\/himalaja\/sea-to-summit-suunnittelu\/sea-to-summit-taktiikka\/","url":"https:\/\/www.jussihaikka.com\/fi\/himalaja\/sea-to-summit-suunnittelu\/sea-to-summit-taktiikka\/","name":"Sea to Summit taktiikka - Jussi Haikka","isPartOf":{"@id":"https:\/\/www.jussihaikka.com\/fi\/#website"},"primaryImageOfPage":{"@id":"https:\/\/www.jussihaikka.com\/fi\/himalaja\/sea-to-summit-suunnittelu\/sea-to-summit-taktiikka\/#primaryimage"},"image":{"@id":"https:\/\/www.jussihaikka.com\/fi\/himalaja\/sea-to-summit-suunnittelu\/sea-to-summit-taktiikka\/#primaryimage"},"thumbnailUrl":"https:\/\/www.jussihaikka.fi\/fi\/wp-content\/uploads\/2022\/03\/Summit-Climbing.png","datePublished":"2023-08-15T21:17:28+00:00","dateModified":"2024-03-04T01:03:56+00:00","breadcrumb":{"@id":"https:\/\/www.jussihaikka.com\/fi\/himalaja\/sea-to-summit-suunnittelu\/sea-to-summit-taktiikka\/#breadcrumb"},"inLanguage":"fi","potentialAction":[{"@type":"ReadAction","target":["https:\/\/www.jussihaikka.com\/fi\/himalaja\/sea-to-summit-suunnittelu\/sea-to-summit-taktiikka\/"]}]},{"@type":"ImageObject","inLanguage":"fi","@id":"https:\/\/www.jussihaikka.com\/fi\/himalaja\/sea-to-summit-suunnittelu\/sea-to-summit-taktiikka\/#primaryimage","url":"https:\/\/www.jussihaikka.fi\/fi\/wp-content\/uploads\/2022\/03\/Summit-Climbing.png","contentUrl":"https:\/\/www.jussihaikka.fi\/fi\/wp-content\/uploads\/2022\/03\/Summit-Climbing.png"},{"@type":"BreadcrumbList","@id":"https:\/\/www.jussihaikka.com\/fi\/himalaja\/sea-to-summit-suunnittelu\/sea-to-summit-taktiikka\/#breadcrumb","itemListElement":[{"@type":"ListItem","position":1,"name":"Etusivu","item":"https:\/\/www.jussihaikka.com\/fi\/"},{"@type":"ListItem","position":2,"name":"Himalaja","item":"https:\/\/www.jussihaikka.com\/fi\/himalaja\/"},{"@type":"ListItem","position":3,"name":"Retkikunnan suunnittelu vuodelle 2027 &#8211; 2028","item":"https:\/\/www.jussihaikka.com\/fi\/himalaja\/sea-to-summit-suunnittelu\/"},{"@type":"ListItem","position":4,"name":"Sea to Summit taktiikka"}]},{"@type":"WebSite","@id":"https:\/\/www.jussihaikka.com\/fi\/#website","url":"https:\/\/www.jussihaikka.com\/fi\/","name":"Jussi Haikka","description":"Do Not Fear - Just Believe","potentialAction":[{"@type":"SearchAction","target":{"@type":"EntryPoint","urlTemplate":"https:\/\/www.jussihaikka.com\/fi\/?s={search_term_string}"},"query-input":{"@type":"PropertyValueSpecification","valueRequired":true,"valueName":"search_term_string"}}],"inLanguage":"fi"}]}},"_links":{"self":[{"href":"https:\/\/www.jussihaikka.com\/fi\/wp-json\/wp\/v2\/pages\/6189","targetHints":{"allow":["GET"]}}],"collection":[{"href":"https:\/\/www.jussihaikka.com\/fi\/wp-json\/wp\/v2\/pages"}],"about":[{"href":"https:\/\/www.jussihaikka.com\/fi\/wp-json\/wp\/v2\/types\/page"}],"author":[{"embeddable":true,"href":"https:\/\/www.jussihaikka.com\/fi\/wp-json\/wp\/v2\/users\/4"}],"replies":[{"embeddable":true,"href":"https:\/\/www.jussihaikka.com\/fi\/wp-json\/wp\/v2\/comments?post=6189"}],"version-history":[{"count":7,"href":"https:\/\/www.jussihaikka.com\/fi\/wp-json\/wp\/v2\/pages\/6189\/revisions"}],"predecessor-version":[{"id":9266,"href":"https:\/\/www.jussihaikka.com\/fi\/wp-json\/wp\/v2\/pages\/6189\/revisions\/9266"}],"up":[{"embeddable":true,"href":"https:\/\/www.jussihaikka.com\/fi\/wp-json\/wp\/v2\/pages\/5055"}],"wp:attachment":[{"href":"https:\/\/www.jussihaikka.com\/fi\/wp-json\/wp\/v2\/media?parent=6189"}],"curies":[{"name":"wp","href":"https:\/\/api.w.org\/{rel}","templated":true}]}}