{"id":6026,"date":"2023-08-09T15:51:45","date_gmt":"2023-08-09T13:51:45","guid":{"rendered":"https:\/\/www.jussihaikka.fi\/fi\/?page_id=6026"},"modified":"2024-02-29T02:10:50","modified_gmt":"2024-02-29T00:10:50","slug":"yhteistyokumppanit","status":"publish","type":"page","link":"https:\/\/www.jussihaikka.com\/fi\/yhteistyokumppanit\/yhteistyokumppanit\/","title":{"rendered":"Yhteisty\u00f6kumppanit"},"content":{"rendered":"<h1>Yhteisty\u00f6kumppanit<\/h1>\n<p>&nbsp;<\/p>\n<h2>Lapin Kiipeilij\u00e4t, Arctic Climbers<\/h2>\n<p><img loading=\"lazy\" decoding=\"async\" class=\"alignnone size-medium wp-image-3184\" src=\"https:\/\/www.jussihaikka.fi\/fi\/wp-content\/uploads\/2022\/03\/logo-artic-climbers-266x300.jpg\" alt=\"\" width=\"266\" height=\"300\" srcset=\"https:\/\/www.jussihaikka.com\/fi\/wp-content\/uploads\/2022\/03\/logo-artic-climbers-266x300.jpg 266w, https:\/\/www.jussihaikka.com\/fi\/wp-content\/uploads\/2022\/03\/logo-artic-climbers-768x867.jpg 768w, https:\/\/www.jussihaikka.com\/fi\/wp-content\/uploads\/2022\/03\/logo-artic-climbers.jpg 800w\" sizes=\"auto, (max-width: 266px) 100vw, 266px\" \/><\/p>\n<p><strong>Lapin Kiipeilij\u00e4t (Arctic Climbers)<\/strong> on tehnyt innovatiivista kiipeilyn pioneerity\u00f6t\u00e4 Pohjois-Suomessa vuodesta 2013 alkaen. Pohjois-Suomeen palanneen liikunnanopettaja <strong>Aki Rautavan<\/strong> johdolla Lapin kiipeilij\u00e4t nousi hetkess\u00e4 yhdeksi Suomen aktiivisimmista kiipeilyseuroista.<\/p>\n<p>Lappi on vuorikiipeilij\u00f6ille ja arktisille retkeilij\u00f6ille yksi Suomen parhaista paikoista asua. Lyngenin Alpeille Norjaan on noin kuuden tunnin ajomatka ja arktiset olosuhteet revontulineen ovat Sodankyl\u00e4n takapihalla. <strong>Suomen paras j\u00e4\u00e4kiipeilypaikka, Korouoma, on tunnin ajomatkan p\u00e4\u00e4ss\u00e4<\/strong> ja puuhamies Akin ja Sodankyl\u00e4n kunnan toimesta pyssykyl\u00e4ss\u00e4 on my\u00f6s kunnan asukasm\u00e4\u00e4r\u00e4\u00e4n n\u00e4hden yksi Suomen isoimmista kiipeilyseinist\u00e4 <strong>sek\u00e4 joinakin talvina seuralla on oma j\u00e4\u00e4putous<\/strong>. Lapin Kiipeilij\u00f6ill\u00e4 on paljon junioreita ja monipuolista toimintaa, joista kuulemme tulevina vuosikymmenin\u00e4.<\/p>\n<p><strong>Lapin Kiipeilij\u00e4t ovat olleet tukemassa vuorikiipeily\u00e4ni vuodesta 2013 asti <\/strong>ja kev\u00e4\u00e4ll\u00e4 2023 olin esittelem\u00e4ss\u00e4 Everest-vuorikiipeily\u00e4 Lapin Kiipeilij\u00f6iden 10-vuotisjuhlagaalassa.<\/p>\n<p>&nbsp;<\/p>\n<h2>Alfa Wear Oy<\/h2>\n<p data-fontsize=\"38\" data-lineheight=\"41.799999px\"><img loading=\"lazy\" decoding=\"async\" class=\"alignnone size-medium wp-image-2116\" src=\"https:\/\/www.jussihaikka.fi\/fi\/wp-content\/uploads\/2022\/01\/logo-alfa-wear-300x140.jpg\" alt=\"\" width=\"300\" height=\"140\" srcset=\"https:\/\/www.jussihaikka.com\/fi\/wp-content\/uploads\/2022\/01\/logo-alfa-wear-300x140.jpg 300w, https:\/\/www.jussihaikka.com\/fi\/wp-content\/uploads\/2022\/01\/logo-alfa-wear-768x358.jpg 768w, https:\/\/www.jussihaikka.com\/fi\/wp-content\/uploads\/2022\/01\/logo-alfa-wear.jpg 800w\" sizes=\"auto, (max-width: 300px) 100vw, 300px\" \/><\/p>\n<p class=\"fusion-responsive-typography-calculated\" data-fontsize=\"38\" data-lineheight=\"41.799999px\">Ty\u00f6vaatteita ja tekstiilej\u00e4 ammattik\u00e4ytt\u00f6\u00f6n<\/p>\n<p data-fontsize=\"38\" data-lineheight=\"41.799999px\"><a href=\"https:\/\/alfawear.fi\/\">https:\/\/www.alfawear.fi<\/a><\/p>\n<p data-fontsize=\"38\" data-lineheight=\"41.799999px\">\n","protected":false},"excerpt":{"rendered":"<p>Yhteisty\u00f6kumppanit &nbsp; Lapin Kiipeilij\u00e4t, Arctic Climbers Lapin Kiipeilij\u00e4t (Arctic Climbers) on tehnyt innovatiivista kiipeilyn pioneerity\u00f6t\u00e4 Pohjois-Suomessa vuodesta 2013 alkaen. Pohjois-Suomeen palanneen liikunnanopettaja Aki Rautavan johdolla Lapin kiipeilij\u00e4t nousi hetkess\u00e4 yhdeksi &#8230;<\/p>\n","protected":false},"author":4,"featured_media":0,"parent":1491,"menu_order":0,"comment_status":"closed","ping_status":"closed","template":"","meta":{"footnotes":""},"class_list":["post-6026","page","type-page","status-publish","hentry"],"yoast_head":"<!-- This site is optimized with the Yoast SEO plugin v27.4 - https:\/\/yoast.com\/product\/yoast-seo-wordpress\/ -->\n<title>Yhteisty\u00f6kumppanit - Jussi Haikka<\/title>\n<meta name=\"robots\" content=\"index, follow, max-snippet:-1, max-image-preview:large, max-video-preview:-1\" \/>\n<link rel=\"canonical\" href=\"https:\/\/www.jussihaikka.com\/fi\/yhteistyokumppanit\/yhteistyokumppanit\/\" \/>\n<meta property=\"og:locale\" content=\"fi_FI\" \/>\n<meta property=\"og:type\" content=\"article\" \/>\n<meta property=\"og:title\" content=\"Yhteisty\u00f6kumppanit - Jussi Haikka\" \/>\n<meta property=\"og:description\" content=\"Yhteisty\u00f6kumppanit &nbsp; Lapin Kiipeilij\u00e4t, Arctic Climbers Lapin Kiipeilij\u00e4t (Arctic Climbers) on tehnyt innovatiivista kiipeilyn pioneerity\u00f6t\u00e4 Pohjois-Suomessa vuodesta 2013 alkaen. Pohjois-Suomeen palanneen liikunnanopettaja Aki Rautavan johdolla Lapin kiipeilij\u00e4t nousi hetkess\u00e4 yhdeksi ...\" \/>\n<meta property=\"og:url\" content=\"https:\/\/www.jussihaikka.com\/fi\/yhteistyokumppanit\/yhteistyokumppanit\/\" \/>\n<meta property=\"og:site_name\" content=\"Jussi Haikka\" \/>\n<meta property=\"article:modified_time\" content=\"2024-02-29T00:10:50+00:00\" \/>\n<meta property=\"og:image\" content=\"https:\/\/www.jussihaikka.fi\/fi\/wp-content\/uploads\/2022\/03\/logo-artic-climbers-266x300.jpg\" \/>\n<meta name=\"twitter:card\" content=\"summary_large_image\" \/>\n<meta name=\"twitter:label1\" content=\"Arvioitu lukuaika\" \/>\n\t<meta name=\"twitter:data1\" content=\"2 minuuttia\" \/>\n<script type=\"application\/ld+json\" class=\"yoast-schema-graph\">{\"@context\":\"https:\\\/\\\/schema.org\",\"@graph\":[{\"@type\":\"WebPage\",\"@id\":\"https:\\\/\\\/www.jussihaikka.com\\\/fi\\\/yhteistyokumppanit\\\/yhteistyokumppanit\\\/\",\"url\":\"https:\\\/\\\/www.jussihaikka.com\\\/fi\\\/yhteistyokumppanit\\\/yhteistyokumppanit\\\/\",\"name\":\"Yhteisty\u00f6kumppanit - Jussi Haikka\",\"isPartOf\":{\"@id\":\"https:\\\/\\\/www.jussihaikka.com\\\/fi\\\/#website\"},\"primaryImageOfPage\":{\"@id\":\"https:\\\/\\\/www.jussihaikka.com\\\/fi\\\/yhteistyokumppanit\\\/yhteistyokumppanit\\\/#primaryimage\"},\"image\":{\"@id\":\"https:\\\/\\\/www.jussihaikka.com\\\/fi\\\/yhteistyokumppanit\\\/yhteistyokumppanit\\\/#primaryimage\"},\"thumbnailUrl\":\"https:\\\/\\\/www.jussihaikka.fi\\\/fi\\\/wp-content\\\/uploads\\\/2022\\\/03\\\/logo-artic-climbers-266x300.jpg\",\"datePublished\":\"2023-08-09T13:51:45+00:00\",\"dateModified\":\"2024-02-29T00:10:50+00:00\",\"breadcrumb\":{\"@id\":\"https:\\\/\\\/www.jussihaikka.com\\\/fi\\\/yhteistyokumppanit\\\/yhteistyokumppanit\\\/#breadcrumb\"},\"inLanguage\":\"fi\",\"potentialAction\":[{\"@type\":\"ReadAction\",\"target\":[\"https:\\\/\\\/www.jussihaikka.com\\\/fi\\\/yhteistyokumppanit\\\/yhteistyokumppanit\\\/\"]}]},{\"@type\":\"ImageObject\",\"inLanguage\":\"fi\",\"@id\":\"https:\\\/\\\/www.jussihaikka.com\\\/fi\\\/yhteistyokumppanit\\\/yhteistyokumppanit\\\/#primaryimage\",\"url\":\"https:\\\/\\\/www.jussihaikka.fi\\\/fi\\\/wp-content\\\/uploads\\\/2022\\\/03\\\/logo-artic-climbers-266x300.jpg\",\"contentUrl\":\"https:\\\/\\\/www.jussihaikka.fi\\\/fi\\\/wp-content\\\/uploads\\\/2022\\\/03\\\/logo-artic-climbers-266x300.jpg\"},{\"@type\":\"BreadcrumbList\",\"@id\":\"https:\\\/\\\/www.jussihaikka.com\\\/fi\\\/yhteistyokumppanit\\\/yhteistyokumppanit\\\/#breadcrumb\",\"itemListElement\":[{\"@type\":\"ListItem\",\"position\":1,\"name\":\"Etusivu\",\"item\":\"https:\\\/\\\/www.jussihaikka.com\\\/fi\\\/\"},{\"@type\":\"ListItem\",\"position\":2,\"name\":\"Yhteisty\u00f6kumppanit\",\"item\":\"https:\\\/\\\/www.jussihaikka.com\\\/fi\\\/yhteistyokumppanit\\\/\"},{\"@type\":\"ListItem\",\"position\":3,\"name\":\"Yhteisty\u00f6kumppanit\"}]},{\"@type\":\"WebSite\",\"@id\":\"https:\\\/\\\/www.jussihaikka.com\\\/fi\\\/#website\",\"url\":\"https:\\\/\\\/www.jussihaikka.com\\\/fi\\\/\",\"name\":\"Jussi Haikka\",\"description\":\"Do Not Fear - Just Believe\",\"potentialAction\":[{\"@type\":\"SearchAction\",\"target\":{\"@type\":\"EntryPoint\",\"urlTemplate\":\"https:\\\/\\\/www.jussihaikka.com\\\/fi\\\/?s={search_term_string}\"},\"query-input\":{\"@type\":\"PropertyValueSpecification\",\"valueRequired\":true,\"valueName\":\"search_term_string\"}}],\"inLanguage\":\"fi\"}]}<\/script>\n<!-- \/ Yoast SEO plugin. -->","yoast_head_json":{"title":"Yhteisty\u00f6kumppanit - Jussi Haikka","robots":{"index":"index","follow":"follow","max-snippet":"max-snippet:-1","max-image-preview":"max-image-preview:large","max-video-preview":"max-video-preview:-1"},"canonical":"https:\/\/www.jussihaikka.com\/fi\/yhteistyokumppanit\/yhteistyokumppanit\/","og_locale":"fi_FI","og_type":"article","og_title":"Yhteisty\u00f6kumppanit - Jussi Haikka","og_description":"Yhteisty\u00f6kumppanit &nbsp; Lapin Kiipeilij\u00e4t, Arctic Climbers Lapin Kiipeilij\u00e4t (Arctic Climbers) on tehnyt innovatiivista kiipeilyn pioneerity\u00f6t\u00e4 Pohjois-Suomessa vuodesta 2013 alkaen. Pohjois-Suomeen palanneen liikunnanopettaja Aki Rautavan johdolla Lapin kiipeilij\u00e4t nousi hetkess\u00e4 yhdeksi ...","og_url":"https:\/\/www.jussihaikka.com\/fi\/yhteistyokumppanit\/yhteistyokumppanit\/","og_site_name":"Jussi Haikka","article_modified_time":"2024-02-29T00:10:50+00:00","og_image":[{"url":"https:\/\/www.jussihaikka.fi\/fi\/wp-content\/uploads\/2022\/03\/logo-artic-climbers-266x300.jpg","type":"","width":"","height":""}],"twitter_card":"summary_large_image","twitter_misc":{"Arvioitu lukuaika":"2 minuuttia"},"schema":{"@context":"https:\/\/schema.org","@graph":[{"@type":"WebPage","@id":"https:\/\/www.jussihaikka.com\/fi\/yhteistyokumppanit\/yhteistyokumppanit\/","url":"https:\/\/www.jussihaikka.com\/fi\/yhteistyokumppanit\/yhteistyokumppanit\/","name":"Yhteisty\u00f6kumppanit - Jussi Haikka","isPartOf":{"@id":"https:\/\/www.jussihaikka.com\/fi\/#website"},"primaryImageOfPage":{"@id":"https:\/\/www.jussihaikka.com\/fi\/yhteistyokumppanit\/yhteistyokumppanit\/#primaryimage"},"image":{"@id":"https:\/\/www.jussihaikka.com\/fi\/yhteistyokumppanit\/yhteistyokumppanit\/#primaryimage"},"thumbnailUrl":"https:\/\/www.jussihaikka.fi\/fi\/wp-content\/uploads\/2022\/03\/logo-artic-climbers-266x300.jpg","datePublished":"2023-08-09T13:51:45+00:00","dateModified":"2024-02-29T00:10:50+00:00","breadcrumb":{"@id":"https:\/\/www.jussihaikka.com\/fi\/yhteistyokumppanit\/yhteistyokumppanit\/#breadcrumb"},"inLanguage":"fi","potentialAction":[{"@type":"ReadAction","target":["https:\/\/www.jussihaikka.com\/fi\/yhteistyokumppanit\/yhteistyokumppanit\/"]}]},{"@type":"ImageObject","inLanguage":"fi","@id":"https:\/\/www.jussihaikka.com\/fi\/yhteistyokumppanit\/yhteistyokumppanit\/#primaryimage","url":"https:\/\/www.jussihaikka.fi\/fi\/wp-content\/uploads\/2022\/03\/logo-artic-climbers-266x300.jpg","contentUrl":"https:\/\/www.jussihaikka.fi\/fi\/wp-content\/uploads\/2022\/03\/logo-artic-climbers-266x300.jpg"},{"@type":"BreadcrumbList","@id":"https:\/\/www.jussihaikka.com\/fi\/yhteistyokumppanit\/yhteistyokumppanit\/#breadcrumb","itemListElement":[{"@type":"ListItem","position":1,"name":"Etusivu","item":"https:\/\/www.jussihaikka.com\/fi\/"},{"@type":"ListItem","position":2,"name":"Yhteisty\u00f6kumppanit","item":"https:\/\/www.jussihaikka.com\/fi\/yhteistyokumppanit\/"},{"@type":"ListItem","position":3,"name":"Yhteisty\u00f6kumppanit"}]},{"@type":"WebSite","@id":"https:\/\/www.jussihaikka.com\/fi\/#website","url":"https:\/\/www.jussihaikka.com\/fi\/","name":"Jussi Haikka","description":"Do Not Fear - Just Believe","potentialAction":[{"@type":"SearchAction","target":{"@type":"EntryPoint","urlTemplate":"https:\/\/www.jussihaikka.com\/fi\/?s={search_term_string}"},"query-input":{"@type":"PropertyValueSpecification","valueRequired":true,"valueName":"search_term_string"}}],"inLanguage":"fi"}]}},"_links":{"self":[{"href":"https:\/\/www.jussihaikka.com\/fi\/wp-json\/wp\/v2\/pages\/6026","targetHints":{"allow":["GET"]}}],"collection":[{"href":"https:\/\/www.jussihaikka.com\/fi\/wp-json\/wp\/v2\/pages"}],"about":[{"href":"https:\/\/www.jussihaikka.com\/fi\/wp-json\/wp\/v2\/types\/page"}],"author":[{"embeddable":true,"href":"https:\/\/www.jussihaikka.com\/fi\/wp-json\/wp\/v2\/users\/4"}],"replies":[{"embeddable":true,"href":"https:\/\/www.jussihaikka.com\/fi\/wp-json\/wp\/v2\/comments?post=6026"}],"version-history":[{"count":12,"href":"https:\/\/www.jussihaikka.com\/fi\/wp-json\/wp\/v2\/pages\/6026\/revisions"}],"predecessor-version":[{"id":9164,"href":"https:\/\/www.jussihaikka.com\/fi\/wp-json\/wp\/v2\/pages\/6026\/revisions\/9164"}],"up":[{"embeddable":true,"href":"https:\/\/www.jussihaikka.com\/fi\/wp-json\/wp\/v2\/pages\/1491"}],"wp:attachment":[{"href":"https:\/\/www.jussihaikka.com\/fi\/wp-json\/wp\/v2\/media?parent=6026"}],"curies":[{"name":"wp","href":"https:\/\/api.w.org\/{rel}","templated":true}]}}