{"id":5907,"date":"2023-08-03T16:40:37","date_gmt":"2023-08-03T14:40:37","guid":{"rendered":"https:\/\/www.jussihaikka.fi\/fi\/?page_id=5907"},"modified":"2024-03-03T15:19:54","modified_gmt":"2024-03-03T13:19:54","slug":"levi","status":"publish","type":"page","link":"https:\/\/www.jussihaikka.com\/fi\/verkkokauppa\/maastohiihto\/suomessa\/tekniikkavalmennus\/levi\/","title":{"rendered":"Levi 2025"},"content":{"rendered":"<h1>Levi 2025<img loading=\"lazy\" decoding=\"async\" class=\"alignnone size-medium wp-image-8156\" src=\"https:\/\/www.jussihaikka.fi\/fi\/wp-content\/uploads\/2023\/12\/IMG_3866.jpg\" alt=\"\" width=\"1\" height=\"1\" \/><img loading=\"lazy\" decoding=\"async\" class=\"alignnone size-medium wp-image-8156\" src=\"https:\/\/www.jussihaikka.fi\/fi\/wp-content\/uploads\/2023\/12\/IMG_3866.jpg\" alt=\"\" width=\"1\" height=\"1\" \/>, viikko 7<\/h1>\n<h2>Suomen monipuolisin hiihtokeskus<\/h2>\n<p><img loading=\"lazy\" decoding=\"async\" class=\"alignnone wp-image-8193 size-full\" src=\"https:\/\/www.jussihaikka.fi\/fi\/wp-content\/uploads\/2023\/12\/Screenshot-2023-12-19-at-6.18.49.png\" alt=\"\" width=\"940\" height=\"504\" srcset=\"https:\/\/www.jussihaikka.com\/fi\/wp-content\/uploads\/2023\/12\/Screenshot-2023-12-19-at-6.18.49.png 940w, https:\/\/www.jussihaikka.com\/fi\/wp-content\/uploads\/2023\/12\/Screenshot-2023-12-19-at-6.18.49-300x161.png 300w, https:\/\/www.jussihaikka.com\/fi\/wp-content\/uploads\/2023\/12\/Screenshot-2023-12-19-at-6.18.49-768x412.png 768w\" sizes=\"auto, (max-width: 940px) 100vw, 940px\" \/><\/p>\n<h3>Levill\u00e4 on Suomen pisin maastohiihtoalam\u00e4ki<\/h3>\n<p>Levill\u00e4 on Suomen pisin maastohiihtoalam\u00e4ki, jossa on hyv\u00e4 ottaa kisaa yhden suksen liu&#8217;ussa. Jos pysyt 2 kilometri\u00e4 pystyss\u00e4, tarjoan munkkikaakaot. Levill\u00e4 on hyv\u00e4t ensilumen ladut ja aika paljon tasaisia latuja, jotka on plussaa, jos olet aloittamassa hiihtoharrastusta.<\/p>\n<h3>Leville pit\u00e4isi saada keskustan yli menev\u00e4 700 metrin hiihtosilta<\/h3>\n<p>Levin latuja ajetaan useammin kuin Yll\u00e4ksell\u00e4, mutta omasta mielest\u00e4ni Levin maastohiihtomahdollisuuksia pit\u00e4isi kehitt\u00e4\u00e4. Olen usein pohtinut, ett\u00e4 Levin keskustan yli pit\u00e4isi rakentaa nelj\u00e4n metrin korkeuteen 700 metri\u00e4 pitk\u00e4 hiihtosilta, joka yhdist\u00e4isi ladut toisiinsa. Samalla se toimisi upeana kisan\u00e4ytt\u00e4m\u00f6n\u00e4 isoille hiihtotapahtumille.<\/p>\n","protected":false},"excerpt":{"rendered":"<p>Levi 2025, viikko 7 Suomen monipuolisin hiihtokeskus Levill\u00e4 on Suomen pisin maastohiihtoalam\u00e4ki Levill\u00e4 on Suomen pisin maastohiihtoalam\u00e4ki, jossa on hyv\u00e4 ottaa kisaa yhden suksen liu&#8217;ussa. Jos pysyt 2 kilometri\u00e4 pystyss\u00e4, &#8230;<\/p>\n","protected":false},"author":4,"featured_media":0,"parent":5859,"menu_order":0,"comment_status":"closed","ping_status":"closed","template":"","meta":{"footnotes":""},"class_list":["post-5907","page","type-page","status-publish","hentry"],"yoast_head":"<!-- This site is optimized with the Yoast SEO plugin v27.4 - https:\/\/yoast.com\/product\/yoast-seo-wordpress\/ -->\n<title>Levi 2025 - Jussi Haikka<\/title>\n<meta name=\"robots\" content=\"index, follow, max-snippet:-1, max-image-preview:large, max-video-preview:-1\" \/>\n<link rel=\"canonical\" href=\"https:\/\/www.jussihaikka.com\/fi\/verkkokauppa\/maastohiihto\/suomessa\/tekniikkavalmennus\/levi\/\" \/>\n<meta property=\"og:locale\" content=\"fi_FI\" \/>\n<meta property=\"og:type\" content=\"article\" \/>\n<meta property=\"og:title\" content=\"Levi 2025 - Jussi Haikka\" \/>\n<meta property=\"og:description\" content=\"Levi 2025, viikko 7 Suomen monipuolisin hiihtokeskus Levill\u00e4 on Suomen pisin maastohiihtoalam\u00e4ki Levill\u00e4 on Suomen pisin maastohiihtoalam\u00e4ki, jossa on hyv\u00e4 ottaa kisaa yhden suksen liu&#8217;ussa. Jos pysyt 2 kilometri\u00e4 pystyss\u00e4, ...\" \/>\n<meta property=\"og:url\" content=\"https:\/\/www.jussihaikka.com\/fi\/verkkokauppa\/maastohiihto\/suomessa\/tekniikkavalmennus\/levi\/\" \/>\n<meta property=\"og:site_name\" content=\"Jussi Haikka\" \/>\n<meta property=\"article:modified_time\" content=\"2024-03-03T13:19:54+00:00\" \/>\n<meta property=\"og:image\" content=\"https:\/\/www.jussihaikka.fi\/fi\/wp-content\/uploads\/2023\/12\/IMG_3866.jpg\" \/>\n<meta name=\"twitter:card\" content=\"summary_large_image\" \/>\n<meta name=\"twitter:label1\" content=\"Arvioitu lukuaika\" \/>\n\t<meta name=\"twitter:data1\" content=\"2 minuuttia\" \/>\n<script type=\"application\/ld+json\" class=\"yoast-schema-graph\">{\"@context\":\"https:\\\/\\\/schema.org\",\"@graph\":[{\"@type\":\"WebPage\",\"@id\":\"https:\\\/\\\/www.jussihaikka.com\\\/fi\\\/verkkokauppa\\\/maastohiihto\\\/suomessa\\\/tekniikkavalmennus\\\/levi\\\/\",\"url\":\"https:\\\/\\\/www.jussihaikka.com\\\/fi\\\/verkkokauppa\\\/maastohiihto\\\/suomessa\\\/tekniikkavalmennus\\\/levi\\\/\",\"name\":\"Levi 2025 - Jussi Haikka\",\"isPartOf\":{\"@id\":\"https:\\\/\\\/www.jussihaikka.com\\\/fi\\\/#website\"},\"primaryImageOfPage\":{\"@id\":\"https:\\\/\\\/www.jussihaikka.com\\\/fi\\\/verkkokauppa\\\/maastohiihto\\\/suomessa\\\/tekniikkavalmennus\\\/levi\\\/#primaryimage\"},\"image\":{\"@id\":\"https:\\\/\\\/www.jussihaikka.com\\\/fi\\\/verkkokauppa\\\/maastohiihto\\\/suomessa\\\/tekniikkavalmennus\\\/levi\\\/#primaryimage\"},\"thumbnailUrl\":\"https:\\\/\\\/www.jussihaikka.fi\\\/fi\\\/wp-content\\\/uploads\\\/2023\\\/12\\\/IMG_3866.jpg\",\"datePublished\":\"2023-08-03T14:40:37+00:00\",\"dateModified\":\"2024-03-03T13:19:54+00:00\",\"breadcrumb\":{\"@id\":\"https:\\\/\\\/www.jussihaikka.com\\\/fi\\\/verkkokauppa\\\/maastohiihto\\\/suomessa\\\/tekniikkavalmennus\\\/levi\\\/#breadcrumb\"},\"inLanguage\":\"fi\",\"potentialAction\":[{\"@type\":\"ReadAction\",\"target\":[\"https:\\\/\\\/www.jussihaikka.com\\\/fi\\\/verkkokauppa\\\/maastohiihto\\\/suomessa\\\/tekniikkavalmennus\\\/levi\\\/\"]}]},{\"@type\":\"ImageObject\",\"inLanguage\":\"fi\",\"@id\":\"https:\\\/\\\/www.jussihaikka.com\\\/fi\\\/verkkokauppa\\\/maastohiihto\\\/suomessa\\\/tekniikkavalmennus\\\/levi\\\/#primaryimage\",\"url\":\"https:\\\/\\\/www.jussihaikka.fi\\\/fi\\\/wp-content\\\/uploads\\\/2023\\\/12\\\/IMG_3866.jpg\",\"contentUrl\":\"https:\\\/\\\/www.jussihaikka.fi\\\/fi\\\/wp-content\\\/uploads\\\/2023\\\/12\\\/IMG_3866.jpg\"},{\"@type\":\"BreadcrumbList\",\"@id\":\"https:\\\/\\\/www.jussihaikka.com\\\/fi\\\/verkkokauppa\\\/maastohiihto\\\/suomessa\\\/tekniikkavalmennus\\\/levi\\\/#breadcrumb\",\"itemListElement\":[{\"@type\":\"ListItem\",\"position\":1,\"name\":\"Etusivu\",\"item\":\"https:\\\/\\\/www.jussihaikka.com\\\/fi\\\/\"},{\"@type\":\"ListItem\",\"position\":2,\"name\":\"Verkkokauppa\",\"item\":\"https:\\\/\\\/www.jussihaikka.com\\\/fi\\\/verkkokauppa\\\/\"},{\"@type\":\"ListItem\",\"position\":3,\"name\":\"Maastohiihto\",\"item\":\"https:\\\/\\\/www.jussihaikka.com\\\/fi\\\/verkkokauppa\\\/maastohiihto\\\/\"},{\"@type\":\"ListItem\",\"position\":4,\"name\":\"Suomessa\",\"item\":\"https:\\\/\\\/www.jussihaikka.com\\\/fi\\\/verkkokauppa\\\/maastohiihto\\\/suomessa\\\/\"},{\"@type\":\"ListItem\",\"position\":5,\"name\":\"Tekniikkavalmennus\",\"item\":\"https:\\\/\\\/www.jussihaikka.com\\\/fi\\\/verkkokauppa\\\/maastohiihto\\\/suomessa\\\/tekniikkavalmennus\\\/\"},{\"@type\":\"ListItem\",\"position\":6,\"name\":\"Levi 2025\"}]},{\"@type\":\"WebSite\",\"@id\":\"https:\\\/\\\/www.jussihaikka.com\\\/fi\\\/#website\",\"url\":\"https:\\\/\\\/www.jussihaikka.com\\\/fi\\\/\",\"name\":\"Jussi Haikka\",\"description\":\"Do Not Fear - Just Believe\",\"potentialAction\":[{\"@type\":\"SearchAction\",\"target\":{\"@type\":\"EntryPoint\",\"urlTemplate\":\"https:\\\/\\\/www.jussihaikka.com\\\/fi\\\/?s={search_term_string}\"},\"query-input\":{\"@type\":\"PropertyValueSpecification\",\"valueRequired\":true,\"valueName\":\"search_term_string\"}}],\"inLanguage\":\"fi\"}]}<\/script>\n<!-- \/ Yoast SEO plugin. -->","yoast_head_json":{"title":"Levi 2025 - Jussi Haikka","robots":{"index":"index","follow":"follow","max-snippet":"max-snippet:-1","max-image-preview":"max-image-preview:large","max-video-preview":"max-video-preview:-1"},"canonical":"https:\/\/www.jussihaikka.com\/fi\/verkkokauppa\/maastohiihto\/suomessa\/tekniikkavalmennus\/levi\/","og_locale":"fi_FI","og_type":"article","og_title":"Levi 2025 - Jussi Haikka","og_description":"Levi 2025, viikko 7 Suomen monipuolisin hiihtokeskus Levill\u00e4 on Suomen pisin maastohiihtoalam\u00e4ki Levill\u00e4 on Suomen pisin maastohiihtoalam\u00e4ki, jossa on hyv\u00e4 ottaa kisaa yhden suksen liu&#8217;ussa. Jos pysyt 2 kilometri\u00e4 pystyss\u00e4, ...","og_url":"https:\/\/www.jussihaikka.com\/fi\/verkkokauppa\/maastohiihto\/suomessa\/tekniikkavalmennus\/levi\/","og_site_name":"Jussi Haikka","article_modified_time":"2024-03-03T13:19:54+00:00","og_image":[{"url":"https:\/\/www.jussihaikka.fi\/fi\/wp-content\/uploads\/2023\/12\/IMG_3866.jpg","type":"","width":"","height":""}],"twitter_card":"summary_large_image","twitter_misc":{"Arvioitu lukuaika":"2 minuuttia"},"schema":{"@context":"https:\/\/schema.org","@graph":[{"@type":"WebPage","@id":"https:\/\/www.jussihaikka.com\/fi\/verkkokauppa\/maastohiihto\/suomessa\/tekniikkavalmennus\/levi\/","url":"https:\/\/www.jussihaikka.com\/fi\/verkkokauppa\/maastohiihto\/suomessa\/tekniikkavalmennus\/levi\/","name":"Levi 2025 - Jussi Haikka","isPartOf":{"@id":"https:\/\/www.jussihaikka.com\/fi\/#website"},"primaryImageOfPage":{"@id":"https:\/\/www.jussihaikka.com\/fi\/verkkokauppa\/maastohiihto\/suomessa\/tekniikkavalmennus\/levi\/#primaryimage"},"image":{"@id":"https:\/\/www.jussihaikka.com\/fi\/verkkokauppa\/maastohiihto\/suomessa\/tekniikkavalmennus\/levi\/#primaryimage"},"thumbnailUrl":"https:\/\/www.jussihaikka.fi\/fi\/wp-content\/uploads\/2023\/12\/IMG_3866.jpg","datePublished":"2023-08-03T14:40:37+00:00","dateModified":"2024-03-03T13:19:54+00:00","breadcrumb":{"@id":"https:\/\/www.jussihaikka.com\/fi\/verkkokauppa\/maastohiihto\/suomessa\/tekniikkavalmennus\/levi\/#breadcrumb"},"inLanguage":"fi","potentialAction":[{"@type":"ReadAction","target":["https:\/\/www.jussihaikka.com\/fi\/verkkokauppa\/maastohiihto\/suomessa\/tekniikkavalmennus\/levi\/"]}]},{"@type":"ImageObject","inLanguage":"fi","@id":"https:\/\/www.jussihaikka.com\/fi\/verkkokauppa\/maastohiihto\/suomessa\/tekniikkavalmennus\/levi\/#primaryimage","url":"https:\/\/www.jussihaikka.fi\/fi\/wp-content\/uploads\/2023\/12\/IMG_3866.jpg","contentUrl":"https:\/\/www.jussihaikka.fi\/fi\/wp-content\/uploads\/2023\/12\/IMG_3866.jpg"},{"@type":"BreadcrumbList","@id":"https:\/\/www.jussihaikka.com\/fi\/verkkokauppa\/maastohiihto\/suomessa\/tekniikkavalmennus\/levi\/#breadcrumb","itemListElement":[{"@type":"ListItem","position":1,"name":"Etusivu","item":"https:\/\/www.jussihaikka.com\/fi\/"},{"@type":"ListItem","position":2,"name":"Verkkokauppa","item":"https:\/\/www.jussihaikka.com\/fi\/verkkokauppa\/"},{"@type":"ListItem","position":3,"name":"Maastohiihto","item":"https:\/\/www.jussihaikka.com\/fi\/verkkokauppa\/maastohiihto\/"},{"@type":"ListItem","position":4,"name":"Suomessa","item":"https:\/\/www.jussihaikka.com\/fi\/verkkokauppa\/maastohiihto\/suomessa\/"},{"@type":"ListItem","position":5,"name":"Tekniikkavalmennus","item":"https:\/\/www.jussihaikka.com\/fi\/verkkokauppa\/maastohiihto\/suomessa\/tekniikkavalmennus\/"},{"@type":"ListItem","position":6,"name":"Levi 2025"}]},{"@type":"WebSite","@id":"https:\/\/www.jussihaikka.com\/fi\/#website","url":"https:\/\/www.jussihaikka.com\/fi\/","name":"Jussi Haikka","description":"Do Not Fear - Just Believe","potentialAction":[{"@type":"SearchAction","target":{"@type":"EntryPoint","urlTemplate":"https:\/\/www.jussihaikka.com\/fi\/?s={search_term_string}"},"query-input":{"@type":"PropertyValueSpecification","valueRequired":true,"valueName":"search_term_string"}}],"inLanguage":"fi"}]}},"_links":{"self":[{"href":"https:\/\/www.jussihaikka.com\/fi\/wp-json\/wp\/v2\/pages\/5907","targetHints":{"allow":["GET"]}}],"collection":[{"href":"https:\/\/www.jussihaikka.com\/fi\/wp-json\/wp\/v2\/pages"}],"about":[{"href":"https:\/\/www.jussihaikka.com\/fi\/wp-json\/wp\/v2\/types\/page"}],"author":[{"embeddable":true,"href":"https:\/\/www.jussihaikka.com\/fi\/wp-json\/wp\/v2\/users\/4"}],"replies":[{"embeddable":true,"href":"https:\/\/www.jussihaikka.com\/fi\/wp-json\/wp\/v2\/comments?post=5907"}],"version-history":[{"count":13,"href":"https:\/\/www.jussihaikka.com\/fi\/wp-json\/wp\/v2\/pages\/5907\/revisions"}],"predecessor-version":[{"id":9196,"href":"https:\/\/www.jussihaikka.com\/fi\/wp-json\/wp\/v2\/pages\/5907\/revisions\/9196"}],"up":[{"embeddable":true,"href":"https:\/\/www.jussihaikka.com\/fi\/wp-json\/wp\/v2\/pages\/5859"}],"wp:attachment":[{"href":"https:\/\/www.jussihaikka.com\/fi\/wp-json\/wp\/v2\/media?parent=5907"}],"curies":[{"name":"wp","href":"https:\/\/api.w.org\/{rel}","templated":true}]}}