{"id":5901,"date":"2023-08-03T15:52:41","date_gmt":"2023-08-03T13:52:41","guid":{"rendered":"https:\/\/www.jussihaikka.fi\/fi\/?page_id=5901"},"modified":"2024-03-10T23:57:54","modified_gmt":"2024-03-10T21:57:54","slug":"pallas","status":"publish","type":"page","link":"https:\/\/www.jussihaikka.com\/fi\/verkkokauppa\/backcountry-hiihto\/suomessa\/pallas\/","title":{"rendered":"Pallas 2024"},"content":{"rendered":"<h1><strong>Pallaksen tunturihiihto 2024<\/strong><\/h1>\n<figure id=\"attachment_6257\" aria-describedby=\"caption-attachment-6257\" style=\"width: 2560px\" class=\"wp-caption alignnone\"><img loading=\"lazy\" decoding=\"async\" class=\"wp-image-6257 size-full\" src=\"https:\/\/www.jussihaikka.fi\/fi\/wp-content\/uploads\/2023\/08\/shutterstock_1392736607_713883592621-scaled.jpg\" alt=\"\" width=\"2560\" height=\"1040\" srcset=\"https:\/\/www.jussihaikka.com\/fi\/wp-content\/uploads\/2023\/08\/shutterstock_1392736607_713883592621-scaled.jpg 2560w, https:\/\/www.jussihaikka.com\/fi\/wp-content\/uploads\/2023\/08\/shutterstock_1392736607_713883592621-300x122.jpg 300w, https:\/\/www.jussihaikka.com\/fi\/wp-content\/uploads\/2023\/08\/shutterstock_1392736607_713883592621-1024x416.jpg 1024w, https:\/\/www.jussihaikka.com\/fi\/wp-content\/uploads\/2023\/08\/shutterstock_1392736607_713883592621-768x312.jpg 768w, https:\/\/www.jussihaikka.com\/fi\/wp-content\/uploads\/2023\/08\/shutterstock_1392736607_713883592621-1536x624.jpg 1536w, https:\/\/www.jussihaikka.com\/fi\/wp-content\/uploads\/2023\/08\/shutterstock_1392736607_713883592621-2048x832.jpg 2048w\" sizes=\"auto, (max-width: 2560px) 100vw, 2560px\" \/><figcaption id=\"caption-attachment-6257\" class=\"wp-caption-text\"><strong>Pallaksen seitsem\u00e4n tunturia ovat t\u00e4ydellinen paikka tunturihiihtoon.<\/strong> Pallaksella tapahtuu muutamissa paikoissa vuosittain lumivy\u00f6ryj\u00e4, joten hiihto-opas tai paikallistuntemus ovat suositeltavia l\u00e4hdett\u00e4ess\u00e4 takamaastoihin. Pallaksella aurinkoisin ja l\u00e4mp\u00f6isin hiihtovaellusaika on maaliskuussa ja Kilpisj\u00e4rvell\u00e4 huhtikuussa. Sit\u00e4 aikaisemmin on aika raikkaat s\u00e4\u00e4t.<\/figcaption><\/figure>\n<h2><strong>Pallaksen p\u00e4iv\u00e4retket<\/strong><\/h2>\n<h4>Pallaksen tunturihiihtoretket 2024, hiihtolomalla lauantaisin 17.2., 24.2., 2.3. ja huhtikuussa 13.4.<\/h4>\n<h2><strong>Rauhallista tunturihiihtoa ja telemark-kurveja<\/strong><\/h2>\n<h3>Upea tunturihiihtokohde<\/h3>\n<p>Suuret laakeat tunturit, parin kilometrin laskut ja sinivalkoinen teemav\u00e4ritys sopii Suomi-hiihtoon. Vastaan saattaa tulla pari sataa poroa tai revontulia.<\/p>\n<h4>Ohjelma<\/h4>\n<p>Tunturihiihd\u00e4mme koko p\u00e4iv\u00e4n<\/p>\n<p>09.00 Aloitus ja liikkeellel\u00e4ht\u00f6 Pallaksen hotellin edest\u00e4<\/p>\n<p>12.00 &#8211; 13.00 Lounas latukahvilassa<\/p>\n<p>15.00 Paluu Pallaksen hotellin eteen<\/p>\n<h4>Varusteet<\/h4>\n<p>Tunturihiihtosukset, -sauvat, -monot, nousukarvat<\/p>\n<p>1 litran termospullo<\/p>\n<p>Riitt\u00e4v\u00e4sti l\u00e4mmint\u00e4 vaatetta, untuvatakki, vaihtosukat ja vaihtohanskat reppuun mukaan<\/p>\n<h4>Osallistujam\u00e4\u00e4r\u00e4 ja hinta<\/h4>\n<p>Osallistujam\u00e4\u00e4r\u00e4 8 &#8211; 25<\/p>\n<p>Hinta 60 \u20ac\/hl\u00f6<\/p>\n<h4>Ilmoittautuminen<\/h4>\n<p>Maksamalla osanottomaksu 7 pv &#8211; 24 h ennen retke\u00e4 MobilePaylla 0451362007<\/p>\n<p>Pallaksen tunturihiihtovaellukselle voi l\u00e4hte\u00e4 lyhyell\u00e4kin varoitusajalla, jos olen maisemissa.<\/p>\n<p>&nbsp;<\/p>\n<h3 style=\"text-align: center;\"><a href=\"https:\/\/www.jussihaikka.fi\/fi\/verkkokauppa\/ilmoittautuminen\/\"><strong>ILMOITTAUDU PALLAKSEN TUNTURIHIIHTOON<\/strong><\/a><\/h3>\n","protected":false},"excerpt":{"rendered":"<p>Pallaksen tunturihiihto 2024 Pallaksen p\u00e4iv\u00e4retket Pallaksen tunturihiihtoretket 2024, hiihtolomalla lauantaisin 17.2., 24.2., 2.3. ja huhtikuussa 13.4. Rauhallista tunturihiihtoa ja telemark-kurveja Upea tunturihiihtokohde Suuret laakeat tunturit, parin kilometrin laskut ja sinivalkoinen &#8230;<\/p>\n","protected":false},"author":4,"featured_media":0,"parent":7113,"menu_order":0,"comment_status":"closed","ping_status":"closed","template":"","meta":{"footnotes":""},"class_list":["post-5901","page","type-page","status-publish","hentry"],"yoast_head":"<!-- This site is optimized with the Yoast SEO plugin v27.5 - https:\/\/yoast.com\/product\/yoast-seo-wordpress\/ -->\n<title>Pallas 2024 - Jussi Haikka<\/title>\n<meta name=\"robots\" content=\"index, follow, max-snippet:-1, max-image-preview:large, max-video-preview:-1\" \/>\n<link rel=\"canonical\" href=\"https:\/\/www.jussihaikka.com\/fi\/verkkokauppa\/backcountry-hiihto\/suomessa\/pallas\/\" \/>\n<meta property=\"og:locale\" content=\"fi_FI\" \/>\n<meta property=\"og:type\" content=\"article\" \/>\n<meta property=\"og:title\" content=\"Pallas 2024 - Jussi Haikka\" \/>\n<meta property=\"og:description\" content=\"Pallaksen tunturihiihto 2024 Pallaksen p\u00e4iv\u00e4retket Pallaksen tunturihiihtoretket 2024, hiihtolomalla lauantaisin 17.2., 24.2., 2.3. ja huhtikuussa 13.4. Rauhallista tunturihiihtoa ja telemark-kurveja Upea tunturihiihtokohde Suuret laakeat tunturit, parin kilometrin laskut ja sinivalkoinen ...\" \/>\n<meta property=\"og:url\" content=\"https:\/\/www.jussihaikka.com\/fi\/verkkokauppa\/backcountry-hiihto\/suomessa\/pallas\/\" \/>\n<meta property=\"og:site_name\" content=\"Jussi Haikka\" \/>\n<meta property=\"article:modified_time\" content=\"2024-03-10T21:57:54+00:00\" \/>\n<meta property=\"og:image\" content=\"https:\/\/www.jussihaikka.fi\/fi\/wp-content\/uploads\/2023\/08\/shutterstock_1392736607_713883592621-scaled.jpg\" \/>\n<meta name=\"twitter:card\" content=\"summary_large_image\" \/>\n<meta name=\"twitter:label1\" content=\"Arvioitu lukuaika\" \/>\n\t<meta name=\"twitter:data1\" content=\"2 minuuttia\" \/>\n<script type=\"application\/ld+json\" class=\"yoast-schema-graph\">{\"@context\":\"https:\\\/\\\/schema.org\",\"@graph\":[{\"@type\":\"WebPage\",\"@id\":\"https:\\\/\\\/www.jussihaikka.com\\\/fi\\\/verkkokauppa\\\/backcountry-hiihto\\\/suomessa\\\/pallas\\\/\",\"url\":\"https:\\\/\\\/www.jussihaikka.com\\\/fi\\\/verkkokauppa\\\/backcountry-hiihto\\\/suomessa\\\/pallas\\\/\",\"name\":\"Pallas 2024 - Jussi Haikka\",\"isPartOf\":{\"@id\":\"https:\\\/\\\/www.jussihaikka.com\\\/fi\\\/#website\"},\"primaryImageOfPage\":{\"@id\":\"https:\\\/\\\/www.jussihaikka.com\\\/fi\\\/verkkokauppa\\\/backcountry-hiihto\\\/suomessa\\\/pallas\\\/#primaryimage\"},\"image\":{\"@id\":\"https:\\\/\\\/www.jussihaikka.com\\\/fi\\\/verkkokauppa\\\/backcountry-hiihto\\\/suomessa\\\/pallas\\\/#primaryimage\"},\"thumbnailUrl\":\"https:\\\/\\\/www.jussihaikka.fi\\\/fi\\\/wp-content\\\/uploads\\\/2023\\\/08\\\/shutterstock_1392736607_713883592621-scaled.jpg\",\"datePublished\":\"2023-08-03T13:52:41+00:00\",\"dateModified\":\"2024-03-10T21:57:54+00:00\",\"breadcrumb\":{\"@id\":\"https:\\\/\\\/www.jussihaikka.com\\\/fi\\\/verkkokauppa\\\/backcountry-hiihto\\\/suomessa\\\/pallas\\\/#breadcrumb\"},\"inLanguage\":\"fi\",\"potentialAction\":[{\"@type\":\"ReadAction\",\"target\":[\"https:\\\/\\\/www.jussihaikka.com\\\/fi\\\/verkkokauppa\\\/backcountry-hiihto\\\/suomessa\\\/pallas\\\/\"]}]},{\"@type\":\"ImageObject\",\"inLanguage\":\"fi\",\"@id\":\"https:\\\/\\\/www.jussihaikka.com\\\/fi\\\/verkkokauppa\\\/backcountry-hiihto\\\/suomessa\\\/pallas\\\/#primaryimage\",\"url\":\"https:\\\/\\\/www.jussihaikka.fi\\\/fi\\\/wp-content\\\/uploads\\\/2023\\\/08\\\/shutterstock_1392736607_713883592621-scaled.jpg\",\"contentUrl\":\"https:\\\/\\\/www.jussihaikka.fi\\\/fi\\\/wp-content\\\/uploads\\\/2023\\\/08\\\/shutterstock_1392736607_713883592621-scaled.jpg\"},{\"@type\":\"BreadcrumbList\",\"@id\":\"https:\\\/\\\/www.jussihaikka.com\\\/fi\\\/verkkokauppa\\\/backcountry-hiihto\\\/suomessa\\\/pallas\\\/#breadcrumb\",\"itemListElement\":[{\"@type\":\"ListItem\",\"position\":1,\"name\":\"Etusivu\",\"item\":\"https:\\\/\\\/www.jussihaikka.com\\\/fi\\\/\"},{\"@type\":\"ListItem\",\"position\":2,\"name\":\"Verkkokauppa\",\"item\":\"https:\\\/\\\/www.jussihaikka.com\\\/fi\\\/verkkokauppa\\\/\"},{\"@type\":\"ListItem\",\"position\":3,\"name\":\"Backcountry-hiihto\",\"item\":\"https:\\\/\\\/www.jussihaikka.com\\\/fi\\\/verkkokauppa\\\/backcountry-hiihto\\\/\"},{\"@type\":\"ListItem\",\"position\":4,\"name\":\"Suomessa\",\"item\":\"https:\\\/\\\/www.jussihaikka.com\\\/fi\\\/verkkokauppa\\\/backcountry-hiihto\\\/suomessa\\\/\"},{\"@type\":\"ListItem\",\"position\":5,\"name\":\"Pallas 2024\"}]},{\"@type\":\"WebSite\",\"@id\":\"https:\\\/\\\/www.jussihaikka.com\\\/fi\\\/#website\",\"url\":\"https:\\\/\\\/www.jussihaikka.com\\\/fi\\\/\",\"name\":\"Jussi Haikka\",\"description\":\"Do Not Fear - Just Believe\",\"potentialAction\":[{\"@type\":\"SearchAction\",\"target\":{\"@type\":\"EntryPoint\",\"urlTemplate\":\"https:\\\/\\\/www.jussihaikka.com\\\/fi\\\/?s={search_term_string}\"},\"query-input\":{\"@type\":\"PropertyValueSpecification\",\"valueRequired\":true,\"valueName\":\"search_term_string\"}}],\"inLanguage\":\"fi\"}]}<\/script>\n<!-- \/ Yoast SEO plugin. -->","yoast_head_json":{"title":"Pallas 2024 - Jussi Haikka","robots":{"index":"index","follow":"follow","max-snippet":"max-snippet:-1","max-image-preview":"max-image-preview:large","max-video-preview":"max-video-preview:-1"},"canonical":"https:\/\/www.jussihaikka.com\/fi\/verkkokauppa\/backcountry-hiihto\/suomessa\/pallas\/","og_locale":"fi_FI","og_type":"article","og_title":"Pallas 2024 - Jussi Haikka","og_description":"Pallaksen tunturihiihto 2024 Pallaksen p\u00e4iv\u00e4retket Pallaksen tunturihiihtoretket 2024, hiihtolomalla lauantaisin 17.2., 24.2., 2.3. ja huhtikuussa 13.4. Rauhallista tunturihiihtoa ja telemark-kurveja Upea tunturihiihtokohde Suuret laakeat tunturit, parin kilometrin laskut ja sinivalkoinen ...","og_url":"https:\/\/www.jussihaikka.com\/fi\/verkkokauppa\/backcountry-hiihto\/suomessa\/pallas\/","og_site_name":"Jussi Haikka","article_modified_time":"2024-03-10T21:57:54+00:00","og_image":[{"url":"https:\/\/www.jussihaikka.fi\/fi\/wp-content\/uploads\/2023\/08\/shutterstock_1392736607_713883592621-scaled.jpg","type":"","width":"","height":""}],"twitter_card":"summary_large_image","twitter_misc":{"Arvioitu lukuaika":"2 minuuttia"},"schema":{"@context":"https:\/\/schema.org","@graph":[{"@type":"WebPage","@id":"https:\/\/www.jussihaikka.com\/fi\/verkkokauppa\/backcountry-hiihto\/suomessa\/pallas\/","url":"https:\/\/www.jussihaikka.com\/fi\/verkkokauppa\/backcountry-hiihto\/suomessa\/pallas\/","name":"Pallas 2024 - Jussi Haikka","isPartOf":{"@id":"https:\/\/www.jussihaikka.com\/fi\/#website"},"primaryImageOfPage":{"@id":"https:\/\/www.jussihaikka.com\/fi\/verkkokauppa\/backcountry-hiihto\/suomessa\/pallas\/#primaryimage"},"image":{"@id":"https:\/\/www.jussihaikka.com\/fi\/verkkokauppa\/backcountry-hiihto\/suomessa\/pallas\/#primaryimage"},"thumbnailUrl":"https:\/\/www.jussihaikka.fi\/fi\/wp-content\/uploads\/2023\/08\/shutterstock_1392736607_713883592621-scaled.jpg","datePublished":"2023-08-03T13:52:41+00:00","dateModified":"2024-03-10T21:57:54+00:00","breadcrumb":{"@id":"https:\/\/www.jussihaikka.com\/fi\/verkkokauppa\/backcountry-hiihto\/suomessa\/pallas\/#breadcrumb"},"inLanguage":"fi","potentialAction":[{"@type":"ReadAction","target":["https:\/\/www.jussihaikka.com\/fi\/verkkokauppa\/backcountry-hiihto\/suomessa\/pallas\/"]}]},{"@type":"ImageObject","inLanguage":"fi","@id":"https:\/\/www.jussihaikka.com\/fi\/verkkokauppa\/backcountry-hiihto\/suomessa\/pallas\/#primaryimage","url":"https:\/\/www.jussihaikka.fi\/fi\/wp-content\/uploads\/2023\/08\/shutterstock_1392736607_713883592621-scaled.jpg","contentUrl":"https:\/\/www.jussihaikka.fi\/fi\/wp-content\/uploads\/2023\/08\/shutterstock_1392736607_713883592621-scaled.jpg"},{"@type":"BreadcrumbList","@id":"https:\/\/www.jussihaikka.com\/fi\/verkkokauppa\/backcountry-hiihto\/suomessa\/pallas\/#breadcrumb","itemListElement":[{"@type":"ListItem","position":1,"name":"Etusivu","item":"https:\/\/www.jussihaikka.com\/fi\/"},{"@type":"ListItem","position":2,"name":"Verkkokauppa","item":"https:\/\/www.jussihaikka.com\/fi\/verkkokauppa\/"},{"@type":"ListItem","position":3,"name":"Backcountry-hiihto","item":"https:\/\/www.jussihaikka.com\/fi\/verkkokauppa\/backcountry-hiihto\/"},{"@type":"ListItem","position":4,"name":"Suomessa","item":"https:\/\/www.jussihaikka.com\/fi\/verkkokauppa\/backcountry-hiihto\/suomessa\/"},{"@type":"ListItem","position":5,"name":"Pallas 2024"}]},{"@type":"WebSite","@id":"https:\/\/www.jussihaikka.com\/fi\/#website","url":"https:\/\/www.jussihaikka.com\/fi\/","name":"Jussi Haikka","description":"Do Not Fear - Just Believe","potentialAction":[{"@type":"SearchAction","target":{"@type":"EntryPoint","urlTemplate":"https:\/\/www.jussihaikka.com\/fi\/?s={search_term_string}"},"query-input":{"@type":"PropertyValueSpecification","valueRequired":true,"valueName":"search_term_string"}}],"inLanguage":"fi"}]}},"_links":{"self":[{"href":"https:\/\/www.jussihaikka.com\/fi\/wp-json\/wp\/v2\/pages\/5901","targetHints":{"allow":["GET"]}}],"collection":[{"href":"https:\/\/www.jussihaikka.com\/fi\/wp-json\/wp\/v2\/pages"}],"about":[{"href":"https:\/\/www.jussihaikka.com\/fi\/wp-json\/wp\/v2\/types\/page"}],"author":[{"embeddable":true,"href":"https:\/\/www.jussihaikka.com\/fi\/wp-json\/wp\/v2\/users\/4"}],"replies":[{"embeddable":true,"href":"https:\/\/www.jussihaikka.com\/fi\/wp-json\/wp\/v2\/comments?post=5901"}],"version-history":[{"count":19,"href":"https:\/\/www.jussihaikka.com\/fi\/wp-json\/wp\/v2\/pages\/5901\/revisions"}],"predecessor-version":[{"id":9501,"href":"https:\/\/www.jussihaikka.com\/fi\/wp-json\/wp\/v2\/pages\/5901\/revisions\/9501"}],"up":[{"embeddable":true,"href":"https:\/\/www.jussihaikka.com\/fi\/wp-json\/wp\/v2\/pages\/7113"}],"wp:attachment":[{"href":"https:\/\/www.jussihaikka.com\/fi\/wp-json\/wp\/v2\/media?parent=5901"}],"curies":[{"name":"wp","href":"https:\/\/api.w.org\/{rel}","templated":true}]}}