{"id":5897,"date":"2023-08-03T15:30:12","date_gmt":"2023-08-03T13:30:12","guid":{"rendered":"https:\/\/www.jussihaikka.fi\/fi\/?page_id=5897"},"modified":"2024-03-10T23:53:53","modified_gmt":"2024-03-10T21:53:53","slug":"sarek","status":"publish","type":"page","link":"https:\/\/www.jussihaikka.com\/fi\/verkkokauppa\/backcountry-hiihto\/ruotsissa\/sarek\/","title":{"rendered":"Sarek 2026"},"content":{"rendered":"<h1><strong>Tunturihiihtovaellus Sarekin kansallispuistossa 2026<\/strong><\/h1>\n<h2><strong>Tule mukaan 10 p\u00e4iv\u00e4n tunturihiihtovaellukselle<\/strong><\/h2>\n<p>Tule mukaan tunturihiihtovaellukselle Pohjois-Ruotsiin Sarekin er\u00e4maa-alueelle.<\/p>\n<p>Tarkoituksena on tarjota teille tunturihiihtoel\u00e4myksi\u00e4 upean luonnon keskell\u00e4, opettaa miten tunturissa vaelletaan, laskea tunturihiihtosuksilla 2 &#8211; 3 p\u00e4iv\u00e4\u00e4 telemarkia ja kuntoilla 30 &#8211; 40 tuntia parin viikon aikana. J\u00e4rjest\u00e4m\u00e4ll\u00e4ni hiihtoretkell\u00e4 tarkoituksena ei ole edet\u00e4 kauaus tai vet\u00e4\u00e4 suuria ahkioita, vaan tarjota mahdollisuus tulla mukaan kokemaan jotain uutta ja opettelemaan uusia taitoja.<\/p>\n<p>Sarek on aivan ainutlaatuinen er\u00e4maaalue. Olin tunturihiihtovaeltamassa Sarekissa kaksi viikkoa vuonna 2005, jonka j\u00e4lkeen olen tunturihiiht\u00e4nyt p\u00e4\u00e4asiassa Kilpisj\u00e4rvell\u00e4, Pallaksella ja Soutajalla, useita kertoja. Nyt ajattelin tarjota tunturihiihtovaellusta Sarekissa, jossa parhaat s\u00e4\u00e4t ja hiihtokelit ovat huhti-toukokuussa. Joskus siell\u00e4 p\u00e4\u00e4see hiiht\u00e4m\u00e4\u00e4n my\u00f6s kes\u00e4kuussa, mutta silloin pit\u00e4\u00e4 varautua kantamaan suksia.<\/p>\n<p>Odotan, ett\u00e4 sinulla on hallussasi perusretkeilytaidot ja osaat huolehtia itsest\u00e4si kes\u00e4retkeilyss\u00e4 hyvin ja talviretkeilyss\u00e4 perusjutut (hiihto, teltan pystytys, ruuan laittaminen, nukkuminen). Kuulostaa helpolta, mutta arktisissa olosuhteissa kokemus tuo osaamista ja nopeutta. Nopeisiin aamutoimiin talvisessa er\u00e4maassa kuluu helposti 2 &#8211; 3 tuntia. Opastukseni tarjoaa ennen kaikkea turvallisuutta ja uusien taitojen oppimista katuvalojen ulkopuolella arktisessa er\u00e4maassa.<\/p>\n<p>Hiihtovaellus rytmittyy siten, ett\u00e4 noin kahden hiihtop\u00e4iv\u00e4n j\u00e4lkeen laskemme p\u00e4iv\u00e4n telemarkia tai vaihtoehtoisesti saat j\u00e4\u00e4d\u00e4 telttatukikohtaan lep\u00e4\u00e4m\u00e4\u00e4n, keittelem\u00e4\u00e4n ruokaa ja ottamaan valokuvia muistoksi. Jos pit\u00e4isi valita, mink\u00e4laisella lomalla saa ladattua akut kaikista nopeiten t\u00e4yteen, niin tunturihiihto Sarekissa ja Kilpisj\u00e4rvell\u00e4 vastaa parin kuukauden lomaa. Kun on hetken eristyksiss\u00e4 er\u00e4maan keskell\u00e4, ja t\u00e4ysin vapaana luonnossa, saa uutta n\u00e4k\u00f6kulmaa arkeen. Raitis ilma ja liikunta tekev\u00e4t hyv\u00e4\u00e4 ja t\u00f6ihin on virkist\u00e4v\u00e4\u00e4 palata.<\/p>\n<p>Jos t\u00e4m\u00e4 kuulostaa sun jutulta, ilmoittaudu mukaan.<\/p>\n<h2>Tunturihiihtop\u00e4iv\u00e4n ohjelma<\/h2>\n<p>05.00 &#8211; 06.00 Her\u00e4\u00e4minen kauniin er\u00e4maan keskell\u00e4, aamiainen ja tukikohdan purkaminen<\/p>\n<p>08.00 Hiihto ahkioiden kanssa, 2 &#8211; 4 leki\u00e4 (leki on 50 minuutin \u00a0hiihto, jonka j\u00e4lkeen pidet\u00e4\u00e4n 10 minuutin tauko)<\/p>\n<p>12.00 Lounastauko, auringonottoa<\/p>\n<p>13.00 Hiihto ahkioiden kanssa, 2 &#8211; 4 leki\u00e4<\/p>\n<p>16.00 Telttatukikohdan pystytt\u00e4minen<\/p>\n<p>18.00 P\u00e4iv\u00e4llinen, yhteist\u00e4 illan viettoa<\/p>\n<p>20.00 Zzz&#8230;<\/p>\n<h2>Tunturihiihtovaelluksen ohjelma<\/h2>\n<h3>Edelt\u00e4v\u00e4 viikko<\/h3>\n<p>Valmistelut ja varustetarkastukset Suomessa<\/p>\n<h3>1. viikko<\/h3>\n<h4>Maanantai<\/h4>\n<p>Ajo Oulun kautta Haaparantaan (Helsingist\u00e4 8 h)<\/p>\n<p>Majoittuminen Haaparannassa<\/p>\n<p>Ahkioiden vuokraus Pohjois-Suomesta \/Pohjois-Ruotsista<\/p>\n<h4>Tiistai<\/h4>\n<p>06.00 Ajo Kiirunaan (Haaparannasta 4 h)<\/p>\n<p>11.00 Yhteinen kokoontuminen, ohjeistus, varusteiden tarkastus<\/p>\n<p>14.00 L\u00e4ht\u00f6 hiihtovaellukselle<\/p>\n<p>Hiihtop\u00e4iv\u00e4 2 h, Ahkioiden testaaminen<\/p>\n<p>16.00 Majoittuminen autojen viereen, varusteiden s\u00e4\u00e4t\u00e4minen<\/p>\n<h4>Keskiviikko<\/h4>\n<p>Hiihtop\u00e4iv\u00e4 4 &#8211; 8 h<\/p>\n<h4>Torstai<\/h4>\n<p>Telemark-\/Lepop\u00e4iv\u00e4<\/p>\n<h4>Perjantai<\/h4>\n<p>Hiihtop\u00e4iv\u00e4 4 &#8211; 8 h<\/p>\n<h4>Lauantai<\/h4>\n<p>Hiihtop\u00e4iv\u00e4 4 &#8211; 8 h<\/p>\n<h4>Sunnuntai<\/h4>\n<p>Lepop\u00e4iv\u00e4 \/Telemark-p\u00e4iv\u00e4<\/p>\n<h3>2. viikko<\/h3>\n<h4>Maanantai<\/h4>\n<p>Hiihtop\u00e4iv\u00e4 4 &#8211; 8 h<\/p>\n<h4>Tiistai<\/h4>\n<p>Hiihtop\u00e4iv\u00e4 4 &#8211; 8 h<\/p>\n<h4>Keskiviikko<\/h4>\n<p>Vappu Sarekissa, se paras tapa<\/p>\n<p>Telemark-\/Lepop\u00e4iv\u00e4<\/p>\n<h4>Torstai<\/h4>\n<p>Hiihtop\u00e4iv\u00e4 4 h<\/p>\n<p>12.00 Sauna, ruokailu, varustehuolto, p\u00e4\u00e4tt\u00e4j\u00e4iset ja majoitus<\/p>\n<h4>Perjantai<\/h4>\n<p>Ajo Suomeen (Kiirunasta 6 h)<\/p>\n<p>Majoittuminen Oulussa<\/p>\n<h4>Lauantai<\/h4>\n<p>Ajo kotiin<\/p>\n<p>Huolto<\/p>\n<h4>Sunnuntai<\/h4>\n<p>Lepo<\/p>\n<h2>Osallistumisvaatimukset ja ilmoittautuminen<\/h2>\n<h3>Osallistumisvaatimukset<\/h3>\n<ul>\n<li>Suomen kieli<\/li>\n<li>Perusterve<\/li>\n<li>18 vuoden ik\u00e4<\/li>\n<li>Hyv\u00e4 kunto, juoksu 10 km\/h<\/li>\n<li>Hiihtotaito<\/li>\n<li>Kes\u00e4retkeilykokemus 10 y\u00f6t\u00e4<\/li>\n<li>Talviretkeilykokemus 5 y\u00f6t\u00e4<\/li>\n<\/ul>\n<h3>Varusteet<\/h3>\n<ul>\n<li>Tunturihiihtosukset (ter\u00e4skanttiset) tai Randohiihtosukset sek\u00e4 sopivat nousukarvat<\/li>\n<li>Sauvat isoilla sommilla<\/li>\n<li>L\u00e4mp\u00f6iset monot<\/li>\n<li>Talvimakuupussi (-20&#8230;-40 C)<\/li>\n<li>L\u00e4mmin paksu untuvatakki (ei kevytuntsa)<\/li>\n<li>Vuoristo- tai hyv\u00e4 tunneliteltta \/2 henkil\u00f6\u00e4<\/li>\n<li>Ahkio \/2 henkil\u00f6\u00e4<\/li>\n<li>L\u00e4mp\u00f6iset vaatteet<\/li>\n<li>Otsalamput (3 kpl)<\/li>\n<li>Retkikeittimet, puhdistettu bensa \/ kaasut (150 &#8211; 200 g\/hl\u00f6\/p\u00e4iv\u00e4), retkiruuat (3000 &#8211; 4000 kcal\/hl\u00f6\/pv)<\/li>\n<li>Varusteista tulee tarkempi lista sen j\u00e4lkeen, kun on 10 ilmoittautunutta<\/li>\n<\/ul>\n<h3>Osanottajam\u00e4\u00e4r\u00e4<\/h3>\n<p>10 &#8211; 20 henkil\u00f6\u00e4<\/p>\n<h3>Ilmoittautuminen<\/h3>\n<p>Hinta 490 \u20ac \/hl\u00f6\/10 p\u00e4iv\u00e4\u00e4<\/p>\n<h3>Muut kustannukset<\/h3>\n<ul>\n<li>Varusteet<\/li>\n<li>Ahkion vuokra (vuokrataan yhdess\u00e4)<\/li>\n<li>Automatkat ja per\u00e4k\u00e4rrykustannukset<\/li>\n<li>Majoittumiset 3 y\u00f6t\u00e4<\/li>\n<li>Retkiruuat ja retkikeittimen polttoaineet<\/li>\n<\/ul>\n<p>&nbsp;<\/p>\n<h3 style=\"text-align: center;\"><a href=\"https:\/\/www.jussihaikka.fi\/fi\/verkkokauppa\/ilmoittautuminen\/\"><strong>ILMOITTAUDU SAREKIN HIIHTOVAELLUKSEEN<\/strong><\/a><\/h3>\n","protected":false},"excerpt":{"rendered":"<p>Tunturihiihtovaellus Sarekin kansallispuistossa 2026 Tule mukaan 10 p\u00e4iv\u00e4n tunturihiihtovaellukselle Tule mukaan tunturihiihtovaellukselle Pohjois-Ruotsiin Sarekin er\u00e4maa-alueelle. Tarkoituksena on tarjota teille tunturihiihtoel\u00e4myksi\u00e4 upean luonnon keskell\u00e4, opettaa miten tunturissa vaelletaan, laskea tunturihiihtosuksilla 2 &#8230;<\/p>\n","protected":false},"author":4,"featured_media":0,"parent":5851,"menu_order":0,"comment_status":"closed","ping_status":"closed","template":"","meta":{"footnotes":""},"class_list":["post-5897","page","type-page","status-publish","hentry"],"yoast_head":"<!-- This site is optimized with the Yoast SEO plugin v27.5 - https:\/\/yoast.com\/product\/yoast-seo-wordpress\/ -->\n<title>Sarek 2026 - Jussi Haikka<\/title>\n<meta name=\"robots\" content=\"index, follow, max-snippet:-1, max-image-preview:large, max-video-preview:-1\" \/>\n<link rel=\"canonical\" href=\"https:\/\/www.jussihaikka.com\/fi\/verkkokauppa\/backcountry-hiihto\/ruotsissa\/sarek\/\" \/>\n<meta property=\"og:locale\" content=\"fi_FI\" \/>\n<meta property=\"og:type\" content=\"article\" \/>\n<meta property=\"og:title\" content=\"Sarek 2026 - Jussi Haikka\" \/>\n<meta property=\"og:description\" content=\"Tunturihiihtovaellus Sarekin kansallispuistossa 2026 Tule mukaan 10 p\u00e4iv\u00e4n tunturihiihtovaellukselle Tule mukaan tunturihiihtovaellukselle Pohjois-Ruotsiin Sarekin er\u00e4maa-alueelle. Tarkoituksena on tarjota teille tunturihiihtoel\u00e4myksi\u00e4 upean luonnon keskell\u00e4, opettaa miten tunturissa vaelletaan, laskea tunturihiihtosuksilla 2 ...\" \/>\n<meta property=\"og:url\" content=\"https:\/\/www.jussihaikka.com\/fi\/verkkokauppa\/backcountry-hiihto\/ruotsissa\/sarek\/\" \/>\n<meta property=\"og:site_name\" content=\"Jussi Haikka\" \/>\n<meta property=\"article:modified_time\" content=\"2024-03-10T21:53:53+00:00\" \/>\n<meta name=\"twitter:card\" content=\"summary_large_image\" \/>\n<meta name=\"twitter:label1\" content=\"Arvioitu lukuaika\" \/>\n\t<meta name=\"twitter:data1\" content=\"4 minuuttia\" \/>\n<script type=\"application\/ld+json\" class=\"yoast-schema-graph\">{\"@context\":\"https:\\\/\\\/schema.org\",\"@graph\":[{\"@type\":\"WebPage\",\"@id\":\"https:\\\/\\\/www.jussihaikka.com\\\/fi\\\/verkkokauppa\\\/backcountry-hiihto\\\/ruotsissa\\\/sarek\\\/\",\"url\":\"https:\\\/\\\/www.jussihaikka.com\\\/fi\\\/verkkokauppa\\\/backcountry-hiihto\\\/ruotsissa\\\/sarek\\\/\",\"name\":\"Sarek 2026 - Jussi Haikka\",\"isPartOf\":{\"@id\":\"https:\\\/\\\/www.jussihaikka.com\\\/fi\\\/#website\"},\"datePublished\":\"2023-08-03T13:30:12+00:00\",\"dateModified\":\"2024-03-10T21:53:53+00:00\",\"breadcrumb\":{\"@id\":\"https:\\\/\\\/www.jussihaikka.com\\\/fi\\\/verkkokauppa\\\/backcountry-hiihto\\\/ruotsissa\\\/sarek\\\/#breadcrumb\"},\"inLanguage\":\"fi\",\"potentialAction\":[{\"@type\":\"ReadAction\",\"target\":[\"https:\\\/\\\/www.jussihaikka.com\\\/fi\\\/verkkokauppa\\\/backcountry-hiihto\\\/ruotsissa\\\/sarek\\\/\"]}]},{\"@type\":\"BreadcrumbList\",\"@id\":\"https:\\\/\\\/www.jussihaikka.com\\\/fi\\\/verkkokauppa\\\/backcountry-hiihto\\\/ruotsissa\\\/sarek\\\/#breadcrumb\",\"itemListElement\":[{\"@type\":\"ListItem\",\"position\":1,\"name\":\"Etusivu\",\"item\":\"https:\\\/\\\/www.jussihaikka.com\\\/fi\\\/\"},{\"@type\":\"ListItem\",\"position\":2,\"name\":\"Verkkokauppa\",\"item\":\"https:\\\/\\\/www.jussihaikka.com\\\/fi\\\/verkkokauppa\\\/\"},{\"@type\":\"ListItem\",\"position\":3,\"name\":\"Backcountry-hiihto\",\"item\":\"https:\\\/\\\/www.jussihaikka.com\\\/fi\\\/verkkokauppa\\\/backcountry-hiihto\\\/\"},{\"@type\":\"ListItem\",\"position\":4,\"name\":\"Ruotsissa\",\"item\":\"https:\\\/\\\/www.jussihaikka.com\\\/fi\\\/verkkokauppa\\\/backcountry-hiihto\\\/ruotsissa\\\/\"},{\"@type\":\"ListItem\",\"position\":5,\"name\":\"Sarek 2026\"}]},{\"@type\":\"WebSite\",\"@id\":\"https:\\\/\\\/www.jussihaikka.com\\\/fi\\\/#website\",\"url\":\"https:\\\/\\\/www.jussihaikka.com\\\/fi\\\/\",\"name\":\"Jussi Haikka\",\"description\":\"Do Not Fear - Just Believe\",\"potentialAction\":[{\"@type\":\"SearchAction\",\"target\":{\"@type\":\"EntryPoint\",\"urlTemplate\":\"https:\\\/\\\/www.jussihaikka.com\\\/fi\\\/?s={search_term_string}\"},\"query-input\":{\"@type\":\"PropertyValueSpecification\",\"valueRequired\":true,\"valueName\":\"search_term_string\"}}],\"inLanguage\":\"fi\"}]}<\/script>\n<!-- \/ Yoast SEO plugin. -->","yoast_head_json":{"title":"Sarek 2026 - Jussi Haikka","robots":{"index":"index","follow":"follow","max-snippet":"max-snippet:-1","max-image-preview":"max-image-preview:large","max-video-preview":"max-video-preview:-1"},"canonical":"https:\/\/www.jussihaikka.com\/fi\/verkkokauppa\/backcountry-hiihto\/ruotsissa\/sarek\/","og_locale":"fi_FI","og_type":"article","og_title":"Sarek 2026 - Jussi Haikka","og_description":"Tunturihiihtovaellus Sarekin kansallispuistossa 2026 Tule mukaan 10 p\u00e4iv\u00e4n tunturihiihtovaellukselle Tule mukaan tunturihiihtovaellukselle Pohjois-Ruotsiin Sarekin er\u00e4maa-alueelle. Tarkoituksena on tarjota teille tunturihiihtoel\u00e4myksi\u00e4 upean luonnon keskell\u00e4, opettaa miten tunturissa vaelletaan, laskea tunturihiihtosuksilla 2 ...","og_url":"https:\/\/www.jussihaikka.com\/fi\/verkkokauppa\/backcountry-hiihto\/ruotsissa\/sarek\/","og_site_name":"Jussi Haikka","article_modified_time":"2024-03-10T21:53:53+00:00","twitter_card":"summary_large_image","twitter_misc":{"Arvioitu lukuaika":"4 minuuttia"},"schema":{"@context":"https:\/\/schema.org","@graph":[{"@type":"WebPage","@id":"https:\/\/www.jussihaikka.com\/fi\/verkkokauppa\/backcountry-hiihto\/ruotsissa\/sarek\/","url":"https:\/\/www.jussihaikka.com\/fi\/verkkokauppa\/backcountry-hiihto\/ruotsissa\/sarek\/","name":"Sarek 2026 - Jussi Haikka","isPartOf":{"@id":"https:\/\/www.jussihaikka.com\/fi\/#website"},"datePublished":"2023-08-03T13:30:12+00:00","dateModified":"2024-03-10T21:53:53+00:00","breadcrumb":{"@id":"https:\/\/www.jussihaikka.com\/fi\/verkkokauppa\/backcountry-hiihto\/ruotsissa\/sarek\/#breadcrumb"},"inLanguage":"fi","potentialAction":[{"@type":"ReadAction","target":["https:\/\/www.jussihaikka.com\/fi\/verkkokauppa\/backcountry-hiihto\/ruotsissa\/sarek\/"]}]},{"@type":"BreadcrumbList","@id":"https:\/\/www.jussihaikka.com\/fi\/verkkokauppa\/backcountry-hiihto\/ruotsissa\/sarek\/#breadcrumb","itemListElement":[{"@type":"ListItem","position":1,"name":"Etusivu","item":"https:\/\/www.jussihaikka.com\/fi\/"},{"@type":"ListItem","position":2,"name":"Verkkokauppa","item":"https:\/\/www.jussihaikka.com\/fi\/verkkokauppa\/"},{"@type":"ListItem","position":3,"name":"Backcountry-hiihto","item":"https:\/\/www.jussihaikka.com\/fi\/verkkokauppa\/backcountry-hiihto\/"},{"@type":"ListItem","position":4,"name":"Ruotsissa","item":"https:\/\/www.jussihaikka.com\/fi\/verkkokauppa\/backcountry-hiihto\/ruotsissa\/"},{"@type":"ListItem","position":5,"name":"Sarek 2026"}]},{"@type":"WebSite","@id":"https:\/\/www.jussihaikka.com\/fi\/#website","url":"https:\/\/www.jussihaikka.com\/fi\/","name":"Jussi Haikka","description":"Do Not Fear - Just Believe","potentialAction":[{"@type":"SearchAction","target":{"@type":"EntryPoint","urlTemplate":"https:\/\/www.jussihaikka.com\/fi\/?s={search_term_string}"},"query-input":{"@type":"PropertyValueSpecification","valueRequired":true,"valueName":"search_term_string"}}],"inLanguage":"fi"}]}},"_links":{"self":[{"href":"https:\/\/www.jussihaikka.com\/fi\/wp-json\/wp\/v2\/pages\/5897","targetHints":{"allow":["GET"]}}],"collection":[{"href":"https:\/\/www.jussihaikka.com\/fi\/wp-json\/wp\/v2\/pages"}],"about":[{"href":"https:\/\/www.jussihaikka.com\/fi\/wp-json\/wp\/v2\/types\/page"}],"author":[{"embeddable":true,"href":"https:\/\/www.jussihaikka.com\/fi\/wp-json\/wp\/v2\/users\/4"}],"replies":[{"embeddable":true,"href":"https:\/\/www.jussihaikka.com\/fi\/wp-json\/wp\/v2\/comments?post=5897"}],"version-history":[{"count":27,"href":"https:\/\/www.jussihaikka.com\/fi\/wp-json\/wp\/v2\/pages\/5897\/revisions"}],"predecessor-version":[{"id":9498,"href":"https:\/\/www.jussihaikka.com\/fi\/wp-json\/wp\/v2\/pages\/5897\/revisions\/9498"}],"up":[{"embeddable":true,"href":"https:\/\/www.jussihaikka.com\/fi\/wp-json\/wp\/v2\/pages\/5851"}],"wp:attachment":[{"href":"https:\/\/www.jussihaikka.com\/fi\/wp-json\/wp\/v2\/media?parent=5897"}],"curies":[{"name":"wp","href":"https:\/\/api.w.org\/{rel}","templated":true}]}}