{"id":5851,"date":"2023-08-03T01:36:43","date_gmt":"2023-08-02T23:36:43","guid":{"rendered":"https:\/\/www.jussihaikka.fi\/fi\/?page_id=5851"},"modified":"2024-03-10T23:52:41","modified_gmt":"2024-03-10T21:52:41","slug":"ruotsissa","status":"publish","type":"page","link":"https:\/\/www.jussihaikka.com\/fi\/verkkokauppa\/backcountry-hiihto\/ruotsissa\/","title":{"rendered":"Ruotsissa"},"content":{"rendered":"<h1><strong>Tunturihiihtovaellus Sarekin kansallispuistossa 2026<\/strong><\/h1>\n<h3>Jos tykk\u00e4\u00e4t auringosta sinisell\u00e4 taivaalla, rauhallisesta hiihtovaelluksesta ja tyylikk\u00e4ist\u00e4 telemark-kurveista, t\u00e4m\u00e4 on sun juttu<\/h3>\n<p>Jotunheim on uusi mielenkiinnon kohteeni. Kes\u00e4ll\u00e4 siell\u00e4 olen k\u00e4ynyt pari kertaa, mutta kev\u00e4ttalvi, ja etenkin se Norjan hiihtokulttuuriin tutustuminen kiinnostaa. Perhe pakkaa perjantaina ev\u00e4\u00e4t reppuun ja hiiht\u00e4\u00e4 lauantaina aamup\u00e4iv\u00e4n yl\u00f6s vuorelle, pit\u00e4\u00e4 ev\u00e4stauon, ja iltap\u00e4iv\u00e4ll\u00e4 laskee alas kotiin. Se pit\u00e4\u00e4 viel\u00e4 kokeilla.<\/p>\n<p>Perinteisist\u00e4 Sarekin parin viikon hiihtovaelluksista ja lukuisia (10 &#8211; 20) kertoja Kilpisj\u00e4rvell\u00e4 ja Pallaksella hiiht\u00e4neen\u00e4 suosittelen molempia, sek\u00e4 Luosto-Pyh\u00e4-Soutajatunturi retki\u00e4. Tunturihiihtovaelluksella hiihdet\u00e4\u00e4n tunturihiihtosuksilla, jotka ovat joustavammat ja hiihdett\u00e4v\u00e4mm\u00e4t kuin Rando-sukset, mutta j\u00e4ykemm\u00e4t kuin maastohiihtosukset. Tunturihiiihtosuksissa on ter\u00e4skantti, joka on t\u00e4rke\u00e4 j\u00e4isemmill\u00e4 tuulen kovettamilla tuntureilla. Pidemm\u00e4ll\u00e4 tunturihiihtovaelluksella vedet\u00e4\u00e4n ahkiota, jossa kulkevat tunneliteltta, l\u00e4mp\u00f6iset makuupussit ja keitti\u00f6 kaikkine herkkuineen.<\/p>\n<p>Jos olen rehellinen, niin yksi hienoimmista reissuita on l\u00e4hte\u00e4 Kilpisj\u00e4rven tuntureille huhtikuussa tunturihiihtoretkelle. Useat ensikertalaiset kuvailevat sen olevan hiihtoa taivaassa, kun kaikkialla on valkoisia pehme\u00e4sti kumpuilevia tuntureita ja aurinko paistaa siniselt\u00e4 taivaalta. Pohjoisimmassa Lapissa, J\u00e4\u00e4meren rannikolla, johon my\u00f6s Kilpisj\u00e4rven ja Suomen k\u00e4sivarren seutu kuuluu, talvi on maaliskuussa viel\u00e4 yht\u00e4 kylm\u00e4 kuin tammikuu Etel\u00e4-Suomessa. Huhtikuu ja toukokuun alku ovat parasta aikaa hiihtovaellukselle. Sielt\u00e4 on my\u00f6s kivoimmat vappumuistot, kun on ilmapalloja ja serpentiini\u00e4 teltassa, ja nautittu simaa ja tippaleipi\u00e4 auringonpaisteessa nousukarvojen kuivuessa suksien pohjissa.<\/p>\n<h3>Katso esimerkkin\u00e4 Sarekin tunturihiihtovaellus<\/h3>\n<p>Sarek-sivulta l\u00f6yd\u00e4t esimerkkiohjelman pitk\u00e4st\u00e4 tunturihiihtovaelluksesta arktisessa ja kauniissa er\u00e4maassa. 7 &#8211; 10 p\u00e4iv\u00e4n tunturihiihtovaellukseen menee automatkoineen kaksi viikkoa sek\u00e4 1 &#8211; 2 viikon valmistelut iltaisin. Samaa ohjelmaa voimme soveltaa Norjan Jotunheimenin tai Suomen Kilpisj\u00e4rven hiihtoretkiin. Etel\u00e4-Suomesta ei kannata l\u00e4hte\u00e4 lyhyille hiihtovaelluksille 1 &#8211; 2 p\u00e4iv\u00e4n automatkan p\u00e4\u00e4h\u00e4n.<\/p>\n<p>Vaihtoehtona 10 p\u00e4iv\u00e4n telttavaellukselle on tulla Kilpisj\u00e4rvelle ja tunturihiiht\u00e4\u00e4 Haltin suuntaan er\u00e4maak\u00e4mp\u00e4st\u00e4 seuraavaan. Ilman telttaa ja tunturihiihtosuksia Haltille retkeily vaatii hiihto-oppaan, moottorikelkkahuollon tai paljon kokemusta sek\u00e4 oikean reittivalinnan.<\/p>\n<p>Vaihtoehtona 10 p\u00e4iv\u00e4n hiihtovaellukselle on tulla Pallakselle ja tehd\u00e4 sielt\u00e4 k\u00e4sin 3 &#8211; 4 p\u00e4iv\u00e4n ajan p\u00e4iv\u00e4retki\u00e4 Pallaksen seitsem\u00e4lle tunturille. T\u00e4m\u00e4n reissun voi yhdist\u00e4\u00e4 esimerkiksi Yll\u00e4ksen tai Levin lomamatkaan maaliskuussa.<\/p>\n<p>Jos tunturihiihtovaellus kuullosti susta hyv\u00e4lt\u00e4, ota yhteytt\u00e4, niin suunnitellaan yhdess\u00e4 seuraava hiihtovaellus. Sill\u00e4 v\u00e4lin voit katsoa kuvia ja videoita Kilpisj\u00e4rven hiihtovaellukselta.<\/p>\n<p>&nbsp;<\/p>\n<h3 style=\"text-align: center;\"><a href=\"https:\/\/www.jussihaikka.fi\/fi\/verkkokauppa\/ilmoittautuminen\/\"><strong>ILMOITTAUDU SAREKIN HIIHTOVAELLUKSEEN<\/strong><\/a><\/h3>\n","protected":false},"excerpt":{"rendered":"<p>Tunturihiihtovaellus Sarekin kansallispuistossa 2026 Jos tykk\u00e4\u00e4t auringosta sinisell\u00e4 taivaalla, rauhallisesta hiihtovaelluksesta ja tyylikk\u00e4ist\u00e4 telemark-kurveista, t\u00e4m\u00e4 on sun juttu Jotunheim on uusi mielenkiinnon kohteeni. Kes\u00e4ll\u00e4 siell\u00e4 olen k\u00e4ynyt pari kertaa, mutta &#8230;<\/p>\n","protected":false},"author":4,"featured_media":0,"parent":9065,"menu_order":0,"comment_status":"closed","ping_status":"closed","template":"","meta":{"footnotes":""},"class_list":["post-5851","page","type-page","status-publish","hentry"],"yoast_head":"<!-- This site is optimized with the Yoast SEO plugin v27.4 - https:\/\/yoast.com\/product\/yoast-seo-wordpress\/ -->\n<title>Ruotsissa - Jussi Haikka<\/title>\n<meta name=\"robots\" content=\"index, follow, max-snippet:-1, max-image-preview:large, max-video-preview:-1\" \/>\n<link rel=\"canonical\" href=\"https:\/\/www.jussihaikka.com\/fi\/verkkokauppa\/backcountry-hiihto\/ruotsissa\/\" \/>\n<meta property=\"og:locale\" content=\"fi_FI\" \/>\n<meta property=\"og:type\" content=\"article\" \/>\n<meta property=\"og:title\" content=\"Ruotsissa - Jussi Haikka\" \/>\n<meta property=\"og:description\" content=\"Tunturihiihtovaellus Sarekin kansallispuistossa 2026 Jos tykk\u00e4\u00e4t auringosta sinisell\u00e4 taivaalla, rauhallisesta hiihtovaelluksesta ja tyylikk\u00e4ist\u00e4 telemark-kurveista, t\u00e4m\u00e4 on sun juttu Jotunheim on uusi mielenkiinnon kohteeni. Kes\u00e4ll\u00e4 siell\u00e4 olen k\u00e4ynyt pari kertaa, mutta ...\" \/>\n<meta property=\"og:url\" content=\"https:\/\/www.jussihaikka.com\/fi\/verkkokauppa\/backcountry-hiihto\/ruotsissa\/\" \/>\n<meta property=\"og:site_name\" content=\"Jussi Haikka\" \/>\n<meta property=\"article:modified_time\" content=\"2024-03-10T21:52:41+00:00\" \/>\n<meta name=\"twitter:card\" content=\"summary_large_image\" \/>\n<meta name=\"twitter:label1\" content=\"Arvioitu lukuaika\" \/>\n\t<meta name=\"twitter:data1\" content=\"3 minuuttia\" \/>\n<script type=\"application\/ld+json\" class=\"yoast-schema-graph\">{\"@context\":\"https:\\\/\\\/schema.org\",\"@graph\":[{\"@type\":\"WebPage\",\"@id\":\"https:\\\/\\\/www.jussihaikka.com\\\/fi\\\/verkkokauppa\\\/backcountry-hiihto\\\/ruotsissa\\\/\",\"url\":\"https:\\\/\\\/www.jussihaikka.com\\\/fi\\\/verkkokauppa\\\/backcountry-hiihto\\\/ruotsissa\\\/\",\"name\":\"Ruotsissa - Jussi Haikka\",\"isPartOf\":{\"@id\":\"https:\\\/\\\/www.jussihaikka.com\\\/fi\\\/#website\"},\"datePublished\":\"2023-08-02T23:36:43+00:00\",\"dateModified\":\"2024-03-10T21:52:41+00:00\",\"breadcrumb\":{\"@id\":\"https:\\\/\\\/www.jussihaikka.com\\\/fi\\\/verkkokauppa\\\/backcountry-hiihto\\\/ruotsissa\\\/#breadcrumb\"},\"inLanguage\":\"fi\",\"potentialAction\":[{\"@type\":\"ReadAction\",\"target\":[\"https:\\\/\\\/www.jussihaikka.com\\\/fi\\\/verkkokauppa\\\/backcountry-hiihto\\\/ruotsissa\\\/\"]}]},{\"@type\":\"BreadcrumbList\",\"@id\":\"https:\\\/\\\/www.jussihaikka.com\\\/fi\\\/verkkokauppa\\\/backcountry-hiihto\\\/ruotsissa\\\/#breadcrumb\",\"itemListElement\":[{\"@type\":\"ListItem\",\"position\":1,\"name\":\"Etusivu\",\"item\":\"https:\\\/\\\/www.jussihaikka.com\\\/fi\\\/\"},{\"@type\":\"ListItem\",\"position\":2,\"name\":\"Verkkokauppa\",\"item\":\"https:\\\/\\\/www.jussihaikka.com\\\/fi\\\/verkkokauppa\\\/\"},{\"@type\":\"ListItem\",\"position\":3,\"name\":\"Backcountry-hiihto\",\"item\":\"https:\\\/\\\/www.jussihaikka.com\\\/fi\\\/verkkokauppa\\\/backcountry-hiihto\\\/\"},{\"@type\":\"ListItem\",\"position\":4,\"name\":\"Ruotsissa\"}]},{\"@type\":\"WebSite\",\"@id\":\"https:\\\/\\\/www.jussihaikka.com\\\/fi\\\/#website\",\"url\":\"https:\\\/\\\/www.jussihaikka.com\\\/fi\\\/\",\"name\":\"Jussi Haikka\",\"description\":\"Do Not Fear - Just Believe\",\"potentialAction\":[{\"@type\":\"SearchAction\",\"target\":{\"@type\":\"EntryPoint\",\"urlTemplate\":\"https:\\\/\\\/www.jussihaikka.com\\\/fi\\\/?s={search_term_string}\"},\"query-input\":{\"@type\":\"PropertyValueSpecification\",\"valueRequired\":true,\"valueName\":\"search_term_string\"}}],\"inLanguage\":\"fi\"}]}<\/script>\n<!-- \/ Yoast SEO plugin. -->","yoast_head_json":{"title":"Ruotsissa - Jussi Haikka","robots":{"index":"index","follow":"follow","max-snippet":"max-snippet:-1","max-image-preview":"max-image-preview:large","max-video-preview":"max-video-preview:-1"},"canonical":"https:\/\/www.jussihaikka.com\/fi\/verkkokauppa\/backcountry-hiihto\/ruotsissa\/","og_locale":"fi_FI","og_type":"article","og_title":"Ruotsissa - Jussi Haikka","og_description":"Tunturihiihtovaellus Sarekin kansallispuistossa 2026 Jos tykk\u00e4\u00e4t auringosta sinisell\u00e4 taivaalla, rauhallisesta hiihtovaelluksesta ja tyylikk\u00e4ist\u00e4 telemark-kurveista, t\u00e4m\u00e4 on sun juttu Jotunheim on uusi mielenkiinnon kohteeni. Kes\u00e4ll\u00e4 siell\u00e4 olen k\u00e4ynyt pari kertaa, mutta ...","og_url":"https:\/\/www.jussihaikka.com\/fi\/verkkokauppa\/backcountry-hiihto\/ruotsissa\/","og_site_name":"Jussi Haikka","article_modified_time":"2024-03-10T21:52:41+00:00","twitter_card":"summary_large_image","twitter_misc":{"Arvioitu lukuaika":"3 minuuttia"},"schema":{"@context":"https:\/\/schema.org","@graph":[{"@type":"WebPage","@id":"https:\/\/www.jussihaikka.com\/fi\/verkkokauppa\/backcountry-hiihto\/ruotsissa\/","url":"https:\/\/www.jussihaikka.com\/fi\/verkkokauppa\/backcountry-hiihto\/ruotsissa\/","name":"Ruotsissa - Jussi Haikka","isPartOf":{"@id":"https:\/\/www.jussihaikka.com\/fi\/#website"},"datePublished":"2023-08-02T23:36:43+00:00","dateModified":"2024-03-10T21:52:41+00:00","breadcrumb":{"@id":"https:\/\/www.jussihaikka.com\/fi\/verkkokauppa\/backcountry-hiihto\/ruotsissa\/#breadcrumb"},"inLanguage":"fi","potentialAction":[{"@type":"ReadAction","target":["https:\/\/www.jussihaikka.com\/fi\/verkkokauppa\/backcountry-hiihto\/ruotsissa\/"]}]},{"@type":"BreadcrumbList","@id":"https:\/\/www.jussihaikka.com\/fi\/verkkokauppa\/backcountry-hiihto\/ruotsissa\/#breadcrumb","itemListElement":[{"@type":"ListItem","position":1,"name":"Etusivu","item":"https:\/\/www.jussihaikka.com\/fi\/"},{"@type":"ListItem","position":2,"name":"Verkkokauppa","item":"https:\/\/www.jussihaikka.com\/fi\/verkkokauppa\/"},{"@type":"ListItem","position":3,"name":"Backcountry-hiihto","item":"https:\/\/www.jussihaikka.com\/fi\/verkkokauppa\/backcountry-hiihto\/"},{"@type":"ListItem","position":4,"name":"Ruotsissa"}]},{"@type":"WebSite","@id":"https:\/\/www.jussihaikka.com\/fi\/#website","url":"https:\/\/www.jussihaikka.com\/fi\/","name":"Jussi Haikka","description":"Do Not Fear - Just Believe","potentialAction":[{"@type":"SearchAction","target":{"@type":"EntryPoint","urlTemplate":"https:\/\/www.jussihaikka.com\/fi\/?s={search_term_string}"},"query-input":{"@type":"PropertyValueSpecification","valueRequired":true,"valueName":"search_term_string"}}],"inLanguage":"fi"}]}},"_links":{"self":[{"href":"https:\/\/www.jussihaikka.com\/fi\/wp-json\/wp\/v2\/pages\/5851","targetHints":{"allow":["GET"]}}],"collection":[{"href":"https:\/\/www.jussihaikka.com\/fi\/wp-json\/wp\/v2\/pages"}],"about":[{"href":"https:\/\/www.jussihaikka.com\/fi\/wp-json\/wp\/v2\/types\/page"}],"author":[{"embeddable":true,"href":"https:\/\/www.jussihaikka.com\/fi\/wp-json\/wp\/v2\/users\/4"}],"replies":[{"embeddable":true,"href":"https:\/\/www.jussihaikka.com\/fi\/wp-json\/wp\/v2\/comments?post=5851"}],"version-history":[{"count":26,"href":"https:\/\/www.jussihaikka.com\/fi\/wp-json\/wp\/v2\/pages\/5851\/revisions"}],"predecessor-version":[{"id":9497,"href":"https:\/\/www.jussihaikka.com\/fi\/wp-json\/wp\/v2\/pages\/5851\/revisions\/9497"}],"up":[{"embeddable":true,"href":"https:\/\/www.jussihaikka.com\/fi\/wp-json\/wp\/v2\/pages\/9065"}],"wp:attachment":[{"href":"https:\/\/www.jussihaikka.com\/fi\/wp-json\/wp\/v2\/media?parent=5851"}],"curies":[{"name":"wp","href":"https:\/\/api.w.org\/{rel}","templated":true}]}}