{"id":5849,"date":"2023-08-03T01:36:01","date_gmt":"2023-08-02T23:36:01","guid":{"rendered":"https:\/\/www.jussihaikka.fi\/fi\/?page_id=5849"},"modified":"2024-03-11T00:00:41","modified_gmt":"2024-03-10T22:00:41","slug":"suomessa","status":"publish","type":"page","link":"https:\/\/www.jussihaikka.com\/fi\/verkkokauppa\/maastohiihto\/suomessa\/","title":{"rendered":"Suomessa"},"content":{"rendered":"<h1><strong>Maastohiihto Suomessa<\/strong><\/h1>\n<p><img loading=\"lazy\" decoding=\"async\" class=\"alignnone wp-image-8154 size-full\" src=\"https:\/\/www.jussihaikka.fi\/fi\/wp-content\/uploads\/2023\/12\/IMG_3864-scaled.jpg\" alt=\"\" width=\"2560\" height=\"1707\" srcset=\"https:\/\/www.jussihaikka.com\/fi\/wp-content\/uploads\/2023\/12\/IMG_3864-scaled.jpg 2560w, https:\/\/www.jussihaikka.com\/fi\/wp-content\/uploads\/2023\/12\/IMG_3864-300x200.jpg 300w, https:\/\/www.jussihaikka.com\/fi\/wp-content\/uploads\/2023\/12\/IMG_3864-1024x683.jpg 1024w, https:\/\/www.jussihaikka.com\/fi\/wp-content\/uploads\/2023\/12\/IMG_3864-768x512.jpg 768w\" sizes=\"auto, (max-width: 2560px) 100vw, 2560px\" \/><\/p>\n<h2><strong>Sauna tulille, ja sitten hiiht\u00e4m\u00e4\u00e4n<\/strong><\/h2>\n<p>Sanotaan, ett\u00e4 suomalaiset ovat syntyneet saunassa sukset jalassa. Hiihto raikkaassa pakkass\u00e4\u00e4ss\u00e4 antaa sinulle hyv\u00e4n olon tunnetta, rentoutta ja rauhallisuutta. Reipas hiihto nostaa sykett\u00e4, jolloin kehon l\u00e4mp\u00f6tilasi nousee ja tarkenet hiiht\u00e4\u00e4. Sukset pit\u00e4\u00e4 saada luistamaan, ja v\u00e4lill\u00e4 on hyv\u00e4 pys\u00e4hty\u00e4 juomaan termospullosta l\u00e4mmint\u00e4 ja vaihtaa kuulumiset hiihtokavereiden kanssa.<\/p>\n<h2><strong>Hiihtotekniikkavalmennusta Suomen Lapissa<\/strong><\/h2>\n<p><img loading=\"lazy\" decoding=\"async\" class=\"alignnone wp-image-6257 size-full\" src=\"https:\/\/www.jussihaikka.fi\/fi\/wp-content\/uploads\/2023\/08\/shutterstock_1392736607_713883592621-scaled.jpg\" alt=\"\" width=\"2560\" height=\"1040\" srcset=\"https:\/\/www.jussihaikka.com\/fi\/wp-content\/uploads\/2023\/08\/shutterstock_1392736607_713883592621-scaled.jpg 2560w, https:\/\/www.jussihaikka.com\/fi\/wp-content\/uploads\/2023\/08\/shutterstock_1392736607_713883592621-300x122.jpg 300w, https:\/\/www.jussihaikka.com\/fi\/wp-content\/uploads\/2023\/08\/shutterstock_1392736607_713883592621-1024x416.jpg 1024w, https:\/\/www.jussihaikka.com\/fi\/wp-content\/uploads\/2023\/08\/shutterstock_1392736607_713883592621-768x312.jpg 768w, https:\/\/www.jussihaikka.com\/fi\/wp-content\/uploads\/2023\/08\/shutterstock_1392736607_713883592621-1536x624.jpg 1536w, https:\/\/www.jussihaikka.com\/fi\/wp-content\/uploads\/2023\/08\/shutterstock_1392736607_713883592621-2048x832.jpg 2048w\" sizes=\"auto, (max-width: 2560px) 100vw, 2560px\" \/><\/p>\n<p>T\u00e4yden palvelun hiihtokoulussa voitelen suksesi, kehit\u00e4mme hiihtotekniikkaasi vaiheittain eri hiihtotavoille ja erilaisissa maastonkohdissa. Katsomme videolta tekniikkaharjoitteet, ja kehit\u00e4mme hiihtotekniikkasi viikon aikana uudelle tasolle, jonka j\u00e4lkeen hiiht\u00e4minen on entist\u00e4 helpompaa ja hauskempaa. Olen hiiht\u00e4nyt kilpaa 25 vuotta ja tied\u00e4n mihin asioihin hiihtotekniikassa pit\u00e4\u00e4 keskitty\u00e4. Jos tahdot tulla hiihtovalmennukseen Suomen Lappiin, ota yhteytt\u00e4, niin sovitaan miss\u00e4 tavataan.<\/p>\n<p>&nbsp;<\/p>\n<h3 style=\"text-align: center;\"><a href=\"https:\/\/www.jussihaikka.fi\/fi\/verkkokauppa\/ilmoittautuminen\/\"><strong>ILMOITTAUDU HIIHTOVALMENNUKSEEN<\/strong><\/a><\/h3>\n","protected":false},"excerpt":{"rendered":"<p>Maastohiihto Suomessa Sauna tulille, ja sitten hiiht\u00e4m\u00e4\u00e4n Sanotaan, ett\u00e4 suomalaiset ovat syntyneet saunassa sukset jalassa. Hiihto raikkaassa pakkass\u00e4\u00e4ss\u00e4 antaa sinulle hyv\u00e4n olon tunnetta, rentoutta ja rauhallisuutta. Reipas hiihto nostaa sykett\u00e4, &#8230;<\/p>\n","protected":false},"author":4,"featured_media":0,"parent":5845,"menu_order":0,"comment_status":"closed","ping_status":"closed","template":"","meta":{"footnotes":""},"class_list":["post-5849","page","type-page","status-publish","hentry"],"yoast_head":"<!-- This site is optimized with the Yoast SEO plugin v27.4 - https:\/\/yoast.com\/product\/yoast-seo-wordpress\/ -->\n<title>Suomessa - Jussi Haikka<\/title>\n<meta name=\"robots\" content=\"index, follow, max-snippet:-1, max-image-preview:large, max-video-preview:-1\" \/>\n<link rel=\"canonical\" href=\"https:\/\/www.jussihaikka.com\/fi\/verkkokauppa\/maastohiihto\/suomessa\/\" \/>\n<meta property=\"og:locale\" content=\"fi_FI\" \/>\n<meta property=\"og:type\" content=\"article\" \/>\n<meta property=\"og:title\" content=\"Suomessa - Jussi Haikka\" \/>\n<meta property=\"og:description\" content=\"Maastohiihto Suomessa Sauna tulille, ja sitten hiiht\u00e4m\u00e4\u00e4n Sanotaan, ett\u00e4 suomalaiset ovat syntyneet saunassa sukset jalassa. Hiihto raikkaassa pakkass\u00e4\u00e4ss\u00e4 antaa sinulle hyv\u00e4n olon tunnetta, rentoutta ja rauhallisuutta. Reipas hiihto nostaa sykett\u00e4, ...\" \/>\n<meta property=\"og:url\" content=\"https:\/\/www.jussihaikka.com\/fi\/verkkokauppa\/maastohiihto\/suomessa\/\" \/>\n<meta property=\"og:site_name\" content=\"Jussi Haikka\" \/>\n<meta property=\"article:modified_time\" content=\"2024-03-10T22:00:41+00:00\" \/>\n<meta property=\"og:image\" content=\"https:\/\/www.jussihaikka.fi\/fi\/wp-content\/uploads\/2023\/12\/IMG_3864-scaled.jpg\" \/>\n<meta name=\"twitter:card\" content=\"summary_large_image\" \/>\n<meta name=\"twitter:label1\" content=\"Arvioitu lukuaika\" \/>\n\t<meta name=\"twitter:data1\" content=\"2 minuuttia\" \/>\n<script type=\"application\/ld+json\" class=\"yoast-schema-graph\">{\"@context\":\"https:\\\/\\\/schema.org\",\"@graph\":[{\"@type\":\"WebPage\",\"@id\":\"https:\\\/\\\/www.jussihaikka.com\\\/fi\\\/verkkokauppa\\\/maastohiihto\\\/suomessa\\\/\",\"url\":\"https:\\\/\\\/www.jussihaikka.com\\\/fi\\\/verkkokauppa\\\/maastohiihto\\\/suomessa\\\/\",\"name\":\"Suomessa - Jussi Haikka\",\"isPartOf\":{\"@id\":\"https:\\\/\\\/www.jussihaikka.com\\\/fi\\\/#website\"},\"primaryImageOfPage\":{\"@id\":\"https:\\\/\\\/www.jussihaikka.com\\\/fi\\\/verkkokauppa\\\/maastohiihto\\\/suomessa\\\/#primaryimage\"},\"image\":{\"@id\":\"https:\\\/\\\/www.jussihaikka.com\\\/fi\\\/verkkokauppa\\\/maastohiihto\\\/suomessa\\\/#primaryimage\"},\"thumbnailUrl\":\"https:\\\/\\\/www.jussihaikka.fi\\\/fi\\\/wp-content\\\/uploads\\\/2023\\\/12\\\/IMG_3864-scaled.jpg\",\"datePublished\":\"2023-08-02T23:36:01+00:00\",\"dateModified\":\"2024-03-10T22:00:41+00:00\",\"breadcrumb\":{\"@id\":\"https:\\\/\\\/www.jussihaikka.com\\\/fi\\\/verkkokauppa\\\/maastohiihto\\\/suomessa\\\/#breadcrumb\"},\"inLanguage\":\"fi\",\"potentialAction\":[{\"@type\":\"ReadAction\",\"target\":[\"https:\\\/\\\/www.jussihaikka.com\\\/fi\\\/verkkokauppa\\\/maastohiihto\\\/suomessa\\\/\"]}]},{\"@type\":\"ImageObject\",\"inLanguage\":\"fi\",\"@id\":\"https:\\\/\\\/www.jussihaikka.com\\\/fi\\\/verkkokauppa\\\/maastohiihto\\\/suomessa\\\/#primaryimage\",\"url\":\"https:\\\/\\\/www.jussihaikka.fi\\\/fi\\\/wp-content\\\/uploads\\\/2023\\\/12\\\/IMG_3864-scaled.jpg\",\"contentUrl\":\"https:\\\/\\\/www.jussihaikka.fi\\\/fi\\\/wp-content\\\/uploads\\\/2023\\\/12\\\/IMG_3864-scaled.jpg\"},{\"@type\":\"BreadcrumbList\",\"@id\":\"https:\\\/\\\/www.jussihaikka.com\\\/fi\\\/verkkokauppa\\\/maastohiihto\\\/suomessa\\\/#breadcrumb\",\"itemListElement\":[{\"@type\":\"ListItem\",\"position\":1,\"name\":\"Etusivu\",\"item\":\"https:\\\/\\\/www.jussihaikka.com\\\/fi\\\/\"},{\"@type\":\"ListItem\",\"position\":2,\"name\":\"Verkkokauppa\",\"item\":\"https:\\\/\\\/www.jussihaikka.com\\\/fi\\\/verkkokauppa\\\/\"},{\"@type\":\"ListItem\",\"position\":3,\"name\":\"Maastohiihto\",\"item\":\"https:\\\/\\\/www.jussihaikka.com\\\/fi\\\/verkkokauppa\\\/maastohiihto\\\/\"},{\"@type\":\"ListItem\",\"position\":4,\"name\":\"Suomessa\"}]},{\"@type\":\"WebSite\",\"@id\":\"https:\\\/\\\/www.jussihaikka.com\\\/fi\\\/#website\",\"url\":\"https:\\\/\\\/www.jussihaikka.com\\\/fi\\\/\",\"name\":\"Jussi Haikka\",\"description\":\"Do Not Fear - Just Believe\",\"potentialAction\":[{\"@type\":\"SearchAction\",\"target\":{\"@type\":\"EntryPoint\",\"urlTemplate\":\"https:\\\/\\\/www.jussihaikka.com\\\/fi\\\/?s={search_term_string}\"},\"query-input\":{\"@type\":\"PropertyValueSpecification\",\"valueRequired\":true,\"valueName\":\"search_term_string\"}}],\"inLanguage\":\"fi\"}]}<\/script>\n<!-- \/ Yoast SEO plugin. -->","yoast_head_json":{"title":"Suomessa - Jussi Haikka","robots":{"index":"index","follow":"follow","max-snippet":"max-snippet:-1","max-image-preview":"max-image-preview:large","max-video-preview":"max-video-preview:-1"},"canonical":"https:\/\/www.jussihaikka.com\/fi\/verkkokauppa\/maastohiihto\/suomessa\/","og_locale":"fi_FI","og_type":"article","og_title":"Suomessa - Jussi Haikka","og_description":"Maastohiihto Suomessa Sauna tulille, ja sitten hiiht\u00e4m\u00e4\u00e4n Sanotaan, ett\u00e4 suomalaiset ovat syntyneet saunassa sukset jalassa. Hiihto raikkaassa pakkass\u00e4\u00e4ss\u00e4 antaa sinulle hyv\u00e4n olon tunnetta, rentoutta ja rauhallisuutta. Reipas hiihto nostaa sykett\u00e4, ...","og_url":"https:\/\/www.jussihaikka.com\/fi\/verkkokauppa\/maastohiihto\/suomessa\/","og_site_name":"Jussi Haikka","article_modified_time":"2024-03-10T22:00:41+00:00","og_image":[{"url":"https:\/\/www.jussihaikka.fi\/fi\/wp-content\/uploads\/2023\/12\/IMG_3864-scaled.jpg","type":"","width":"","height":""}],"twitter_card":"summary_large_image","twitter_misc":{"Arvioitu lukuaika":"2 minuuttia"},"schema":{"@context":"https:\/\/schema.org","@graph":[{"@type":"WebPage","@id":"https:\/\/www.jussihaikka.com\/fi\/verkkokauppa\/maastohiihto\/suomessa\/","url":"https:\/\/www.jussihaikka.com\/fi\/verkkokauppa\/maastohiihto\/suomessa\/","name":"Suomessa - Jussi Haikka","isPartOf":{"@id":"https:\/\/www.jussihaikka.com\/fi\/#website"},"primaryImageOfPage":{"@id":"https:\/\/www.jussihaikka.com\/fi\/verkkokauppa\/maastohiihto\/suomessa\/#primaryimage"},"image":{"@id":"https:\/\/www.jussihaikka.com\/fi\/verkkokauppa\/maastohiihto\/suomessa\/#primaryimage"},"thumbnailUrl":"https:\/\/www.jussihaikka.fi\/fi\/wp-content\/uploads\/2023\/12\/IMG_3864-scaled.jpg","datePublished":"2023-08-02T23:36:01+00:00","dateModified":"2024-03-10T22:00:41+00:00","breadcrumb":{"@id":"https:\/\/www.jussihaikka.com\/fi\/verkkokauppa\/maastohiihto\/suomessa\/#breadcrumb"},"inLanguage":"fi","potentialAction":[{"@type":"ReadAction","target":["https:\/\/www.jussihaikka.com\/fi\/verkkokauppa\/maastohiihto\/suomessa\/"]}]},{"@type":"ImageObject","inLanguage":"fi","@id":"https:\/\/www.jussihaikka.com\/fi\/verkkokauppa\/maastohiihto\/suomessa\/#primaryimage","url":"https:\/\/www.jussihaikka.fi\/fi\/wp-content\/uploads\/2023\/12\/IMG_3864-scaled.jpg","contentUrl":"https:\/\/www.jussihaikka.fi\/fi\/wp-content\/uploads\/2023\/12\/IMG_3864-scaled.jpg"},{"@type":"BreadcrumbList","@id":"https:\/\/www.jussihaikka.com\/fi\/verkkokauppa\/maastohiihto\/suomessa\/#breadcrumb","itemListElement":[{"@type":"ListItem","position":1,"name":"Etusivu","item":"https:\/\/www.jussihaikka.com\/fi\/"},{"@type":"ListItem","position":2,"name":"Verkkokauppa","item":"https:\/\/www.jussihaikka.com\/fi\/verkkokauppa\/"},{"@type":"ListItem","position":3,"name":"Maastohiihto","item":"https:\/\/www.jussihaikka.com\/fi\/verkkokauppa\/maastohiihto\/"},{"@type":"ListItem","position":4,"name":"Suomessa"}]},{"@type":"WebSite","@id":"https:\/\/www.jussihaikka.com\/fi\/#website","url":"https:\/\/www.jussihaikka.com\/fi\/","name":"Jussi Haikka","description":"Do Not Fear - Just Believe","potentialAction":[{"@type":"SearchAction","target":{"@type":"EntryPoint","urlTemplate":"https:\/\/www.jussihaikka.com\/fi\/?s={search_term_string}"},"query-input":{"@type":"PropertyValueSpecification","valueRequired":true,"valueName":"search_term_string"}}],"inLanguage":"fi"}]}},"_links":{"self":[{"href":"https:\/\/www.jussihaikka.com\/fi\/wp-json\/wp\/v2\/pages\/5849","targetHints":{"allow":["GET"]}}],"collection":[{"href":"https:\/\/www.jussihaikka.com\/fi\/wp-json\/wp\/v2\/pages"}],"about":[{"href":"https:\/\/www.jussihaikka.com\/fi\/wp-json\/wp\/v2\/types\/page"}],"author":[{"embeddable":true,"href":"https:\/\/www.jussihaikka.com\/fi\/wp-json\/wp\/v2\/users\/4"}],"replies":[{"embeddable":true,"href":"https:\/\/www.jussihaikka.com\/fi\/wp-json\/wp\/v2\/comments?post=5849"}],"version-history":[{"count":21,"href":"https:\/\/www.jussihaikka.com\/fi\/wp-json\/wp\/v2\/pages\/5849\/revisions"}],"predecessor-version":[{"id":9503,"href":"https:\/\/www.jussihaikka.com\/fi\/wp-json\/wp\/v2\/pages\/5849\/revisions\/9503"}],"up":[{"embeddable":true,"href":"https:\/\/www.jussihaikka.com\/fi\/wp-json\/wp\/v2\/pages\/5845"}],"wp:attachment":[{"href":"https:\/\/www.jussihaikka.com\/fi\/wp-json\/wp\/v2\/media?parent=5849"}],"curies":[{"name":"wp","href":"https:\/\/api.w.org\/{rel}","templated":true}]}}