{"id":5845,"date":"2023-08-03T01:33:57","date_gmt":"2023-08-02T23:33:57","guid":{"rendered":"https:\/\/www.jussihaikka.fi\/fi\/?page_id=5845"},"modified":"2024-03-11T00:00:10","modified_gmt":"2024-03-10T22:00:10","slug":"maastohiihto","status":"publish","type":"page","link":"https:\/\/www.jussihaikka.com\/fi\/verkkokauppa\/maastohiihto\/","title":{"rendered":"Maastohiihto"},"content":{"rendered":"<h1><strong>Hiihtovalmennus ja hiihtoretket 2024<\/strong><\/h1>\n<p><img loading=\"lazy\" decoding=\"async\" class=\"alignnone wp-image-8161 size-full\" src=\"https:\/\/www.jussihaikka.com\/wp-content\/uploads\/2023\/12\/IMG_3871-scaled.jpg\" alt=\"\" width=\"2560\" height=\"1707\" srcset=\"https:\/\/www.jussihaikka.com\/fi\/wp-content\/uploads\/2023\/12\/IMG_3871-scaled.jpg 2560w, https:\/\/www.jussihaikka.com\/fi\/wp-content\/uploads\/2023\/12\/IMG_3871-300x200.jpg 300w, https:\/\/www.jussihaikka.com\/fi\/wp-content\/uploads\/2023\/12\/IMG_3871-1024x683.jpg 1024w, https:\/\/www.jussihaikka.com\/fi\/wp-content\/uploads\/2023\/12\/IMG_3871-768x512.jpg 768w\" sizes=\"auto, (max-width: 2560px) 100vw, 2560px\" \/><\/p>\n<h2><a href=\"https:\/\/www.jussihaikka.fi\/fi\/verkkokauppa\/maastohiihto\/suomessa\/tekniikkavalmennus\/\"><strong>Maastohiihtovalmennus 2024<\/strong><\/a><\/h2>\n<h3><strong>VIIKKO 10, Luosto, Luistelu 250 \u20ac<\/strong><\/h3>\n<h3><strong>VIIKKO<\/strong><strong> 11, Luosto, Perinteinen 250 \u20ac<\/strong><\/h3>\n<h3><strong>VIIKKO<\/strong><strong> 12, Saariselk\u00e4, <\/strong><strong>Luistelu<\/strong><strong> 250 \u20ac<\/strong><\/h3>\n<h3><strong>VIIKKO<\/strong><strong> 13, Saariselk\u00e4, <\/strong><strong>Perinteinen<\/strong><strong> 250 \u20ac<\/strong><\/h3>\n<h3><strong>Joka viikko maanantai &#8211; perjantai<\/strong><\/h3>\n<p>&nbsp;<\/p>\n<h3 style=\"text-align: center;\"><a href=\"https:\/\/www.jussihaikka.fi\/fi\/verkkokauppa\/ilmoittautuminen\/\"><strong>ILMOITTAUDU HIIHTOVALMENNUKSEEN<\/strong><\/a><\/h3>\n<p>&nbsp;<\/p>\n<p>&nbsp;<\/p>\n<p>&nbsp;<\/p>\n<p><img loading=\"lazy\" decoding=\"async\" class=\"alignnone wp-image-6257 size-full\" src=\"https:\/\/www.jussihaikka.fi\/fi\/wp-content\/uploads\/2023\/08\/shutterstock_1392736607_713883592621-scaled.jpg\" alt=\"\" width=\"2560\" height=\"1040\" srcset=\"https:\/\/www.jussihaikka.com\/fi\/wp-content\/uploads\/2023\/08\/shutterstock_1392736607_713883592621-scaled.jpg 2560w, https:\/\/www.jussihaikka.com\/fi\/wp-content\/uploads\/2023\/08\/shutterstock_1392736607_713883592621-300x122.jpg 300w, https:\/\/www.jussihaikka.com\/fi\/wp-content\/uploads\/2023\/08\/shutterstock_1392736607_713883592621-1024x416.jpg 1024w, https:\/\/www.jussihaikka.com\/fi\/wp-content\/uploads\/2023\/08\/shutterstock_1392736607_713883592621-768x312.jpg 768w, https:\/\/www.jussihaikka.com\/fi\/wp-content\/uploads\/2023\/08\/shutterstock_1392736607_713883592621-1536x624.jpg 1536w, https:\/\/www.jussihaikka.com\/fi\/wp-content\/uploads\/2023\/08\/shutterstock_1392736607_713883592621-2048x832.jpg 2048w\" sizes=\"auto, (max-width: 2560px) 100vw, 2560px\" \/><\/p>\n<h2><a href=\"https:\/\/www.jussihaikka.fi\/fi\/verkkokauppa\/maastohiihto\/suomessa\/maastohiihtoretket\/pallas-nordic-skiing\/\"><strong>Pallas Nordic Skiing 200 km, luistelu<\/strong><\/a><\/h2>\n<h3><strong>Enonteki\u00f6 &#8211; Pallas &#8211; Olos &#8211; Yll\u00e4s &#8211; Levi<\/strong><\/h3>\n<h3><strong>Pallaksen hiihtomatka etenee nelj\u00e4n hiihtokeskuksen kautta maailman kauneimmilla tuntureilla<\/strong><\/h3>\n<h3><strong>VIIKKO 14<\/strong><strong>, Maanantai &#8211; Perjantai<\/strong><\/h3>\n<h3><strong>\u20ac250 EUR<\/strong><\/h3>\n<h3 style=\"text-align: center;\"><a href=\"https:\/\/www.jussihaikka.fi\/fi\/verkkokauppa\/ilmoittautuminen\/\"><strong>ILMOITTAUDU HIIHTOON<\/strong><\/a><\/h3>\n<p>&nbsp;<\/p>\n<p>&nbsp;<\/p>\n<p>&nbsp;<\/p>\n<p><img loading=\"lazy\" decoding=\"async\" class=\"alignnone wp-image-6257 size-full\" src=\"https:\/\/www.jussihaikka.fi\/fi\/wp-content\/uploads\/2023\/08\/shutterstock_1392736607_713883592621-scaled.jpg\" alt=\"\" width=\"2560\" height=\"1040\" srcset=\"https:\/\/www.jussihaikka.com\/fi\/wp-content\/uploads\/2023\/08\/shutterstock_1392736607_713883592621-scaled.jpg 2560w, https:\/\/www.jussihaikka.com\/fi\/wp-content\/uploads\/2023\/08\/shutterstock_1392736607_713883592621-300x122.jpg 300w, https:\/\/www.jussihaikka.com\/fi\/wp-content\/uploads\/2023\/08\/shutterstock_1392736607_713883592621-1024x416.jpg 1024w, https:\/\/www.jussihaikka.com\/fi\/wp-content\/uploads\/2023\/08\/shutterstock_1392736607_713883592621-768x312.jpg 768w, https:\/\/www.jussihaikka.com\/fi\/wp-content\/uploads\/2023\/08\/shutterstock_1392736607_713883592621-1536x624.jpg 1536w, https:\/\/www.jussihaikka.com\/fi\/wp-content\/uploads\/2023\/08\/shutterstock_1392736607_713883592621-2048x832.jpg 2048w\" sizes=\"auto, (max-width: 2560px) 100vw, 2560px\" \/><\/p>\n<h2><a href=\"https:\/\/www.jussihaikka.fi\/fi\/verkkokauppa\/maastohiihto\/suomessa\/maastohiihtoretket\/halti-nordic-skiing\/\"><strong>Halti Nordic Skiing 100 km, perinteinen<\/strong><\/a><\/h2>\n<h3><strong>Hiihtoretki moottorikelkan vet\u00e4m\u00e4ll\u00e4 radalla Kalotti-reitti\u00e4 pitkin Kilpisj\u00e4rvi &#8211; Halti &#8211; Kilpisj\u00e4rvi, 8 &#8211; 12 hiiht\u00e4j\u00e4\u00e4. Haltin hiihtomatka on eritt\u00e4in vaativa er\u00e4maahiihto murtomaasuksilla.<\/strong><\/h3>\n<h3><strong>VIIKKO 16, Maanantai &#8211; Perjantai<\/strong><\/h3>\n<h3><strong>\u20ac390 EUR<\/strong><\/h3>\n<h3 style=\"text-align: center;\"><a href=\"https:\/\/www.jussihaikka.fi\/fi\/verkkokauppa\/ilmoittautuminen\/\"><strong>ILMOITTAUDU HIIHTOON<\/strong><\/a><\/h3>\n<p>&nbsp;<\/p>\n<p>&nbsp;<\/p>\n<p>&nbsp;<\/p>\n<p>&nbsp;<\/p>\n<p><img loading=\"lazy\" decoding=\"async\" class=\"alignnone wp-image-8154 size-full\" src=\"https:\/\/www.jussihaikka.fi\/fi\/wp-content\/uploads\/2023\/12\/IMG_3864-scaled.jpg\" alt=\"\" width=\"2560\" height=\"1707\" srcset=\"https:\/\/www.jussihaikka.com\/fi\/wp-content\/uploads\/2023\/12\/IMG_3864-scaled.jpg 2560w, https:\/\/www.jussihaikka.com\/fi\/wp-content\/uploads\/2023\/12\/IMG_3864-300x200.jpg 300w, https:\/\/www.jussihaikka.com\/fi\/wp-content\/uploads\/2023\/12\/IMG_3864-1024x683.jpg 1024w, https:\/\/www.jussihaikka.com\/fi\/wp-content\/uploads\/2023\/12\/IMG_3864-768x512.jpg 768w\" sizes=\"auto, (max-width: 2560px) 100vw, 2560px\" \/><\/p>\n<h2><a href=\"https:\/\/www.jussihaikka.fi\/fi\/verkkokauppa\/maastohiihto\/suomessa\/tekniikkavalmennus\/\"><strong>Maastohiihtovalmennus 2025<\/strong><\/a><\/h2>\n<h3><strong>VIIKKO 6, Yll\u00e4s, Luistelu 250 \u20ac<\/strong><\/h3>\n<h3><strong>VIIKKO<\/strong><strong> 7, Yll\u00e4s, Perinteinen 250 \u20ac<\/strong><\/h3>\n<h3><strong>VIIKKO<\/strong><strong> 8, Yll\u00e4s, <\/strong><strong>Luistelu<\/strong><strong> 250 \u20ac<\/strong><\/h3>\n<h3><strong>VIIKKO<\/strong><strong> 9, Yll\u00e4s, Perinteinen 250 \u20ac<\/strong><\/h3>\n<h3><strong>VIIKKO<\/strong><strong> 10, Saariselk\u00e4, Luistelu 250 \u20ac<\/strong><\/h3>\n<h3><strong>VIIKKO<\/strong><strong> 11, Saariselk\u00e4, Perinteinen 250 \u20ac<\/strong><\/h3>\n<h3><strong>VIIKKO<\/strong><strong> 12, Saariselk\u00e4, Luistelu 250 \u20ac<\/strong><\/h3>\n<h3><strong>VIIKKO<\/strong><strong> 13, Saariselk\u00e4, Perinteinen 250 \u20ac<\/strong><\/h3>\n<h3><strong>Joka viikko maanantai &#8211; perjantai<\/strong><\/h3>\n<p>&nbsp;<\/p>\n<h3 style=\"text-align: center;\"><a href=\"https:\/\/www.jussihaikka.fi\/fi\/verkkokauppa\/ilmoittautuminen\/\"><strong>ILMOITTAUDU HIIHTOVALMENNUKSEEN<\/strong><\/a><\/h3>\n<p>&nbsp;<\/p>\n","protected":false},"excerpt":{"rendered":"<p>Hiihtovalmennus ja hiihtoretket 2024 Maastohiihtovalmennus 2024 VIIKKO 10, Luosto, Luistelu 250 \u20ac VIIKKO 11, Luosto, Perinteinen 250 \u20ac VIIKKO 12, Saariselk\u00e4, Luistelu 250 \u20ac VIIKKO 13, Saariselk\u00e4, Perinteinen 250 \u20ac &#8230;<\/p>\n","protected":false},"author":4,"featured_media":0,"parent":8293,"menu_order":0,"comment_status":"closed","ping_status":"closed","template":"","meta":{"footnotes":""},"class_list":["post-5845","page","type-page","status-publish","hentry"],"yoast_head":"<!-- This site is optimized with the Yoast SEO plugin v27.4 - https:\/\/yoast.com\/product\/yoast-seo-wordpress\/ -->\n<title>Maastohiihto - Jussi Haikka<\/title>\n<meta name=\"robots\" content=\"index, follow, max-snippet:-1, max-image-preview:large, max-video-preview:-1\" \/>\n<link rel=\"canonical\" href=\"https:\/\/www.jussihaikka.com\/fi\/verkkokauppa\/maastohiihto\/\" \/>\n<meta property=\"og:locale\" content=\"fi_FI\" \/>\n<meta property=\"og:type\" content=\"article\" \/>\n<meta property=\"og:title\" content=\"Maastohiihto - Jussi Haikka\" \/>\n<meta property=\"og:description\" content=\"Hiihtovalmennus ja hiihtoretket 2024 Maastohiihtovalmennus 2024 VIIKKO 10, Luosto, Luistelu 250 \u20ac VIIKKO 11, Luosto, Perinteinen 250 \u20ac VIIKKO 12, Saariselk\u00e4, Luistelu 250 \u20ac VIIKKO 13, Saariselk\u00e4, Perinteinen 250 \u20ac ...\" \/>\n<meta property=\"og:url\" content=\"https:\/\/www.jussihaikka.com\/fi\/verkkokauppa\/maastohiihto\/\" \/>\n<meta property=\"og:site_name\" content=\"Jussi Haikka\" \/>\n<meta property=\"article:modified_time\" content=\"2024-03-10T22:00:10+00:00\" \/>\n<meta property=\"og:image\" content=\"https:\/\/www.jussihaikka.com\/wp-content\/uploads\/2023\/12\/IMG_3871-scaled.jpg\" \/>\n<meta name=\"twitter:card\" content=\"summary_large_image\" \/>\n<meta name=\"twitter:label1\" content=\"Arvioitu lukuaika\" \/>\n\t<meta name=\"twitter:data1\" content=\"2 minuuttia\" \/>\n<script type=\"application\/ld+json\" class=\"yoast-schema-graph\">{\"@context\":\"https:\\\/\\\/schema.org\",\"@graph\":[{\"@type\":\"WebPage\",\"@id\":\"https:\\\/\\\/www.jussihaikka.com\\\/fi\\\/verkkokauppa\\\/maastohiihto\\\/\",\"url\":\"https:\\\/\\\/www.jussihaikka.com\\\/fi\\\/verkkokauppa\\\/maastohiihto\\\/\",\"name\":\"Maastohiihto - Jussi Haikka\",\"isPartOf\":{\"@id\":\"https:\\\/\\\/www.jussihaikka.com\\\/fi\\\/#website\"},\"primaryImageOfPage\":{\"@id\":\"https:\\\/\\\/www.jussihaikka.com\\\/fi\\\/verkkokauppa\\\/maastohiihto\\\/#primaryimage\"},\"image\":{\"@id\":\"https:\\\/\\\/www.jussihaikka.com\\\/fi\\\/verkkokauppa\\\/maastohiihto\\\/#primaryimage\"},\"thumbnailUrl\":\"https:\\\/\\\/www.jussihaikka.com\\\/wp-content\\\/uploads\\\/2023\\\/12\\\/IMG_3871-scaled.jpg\",\"datePublished\":\"2023-08-02T23:33:57+00:00\",\"dateModified\":\"2024-03-10T22:00:10+00:00\",\"breadcrumb\":{\"@id\":\"https:\\\/\\\/www.jussihaikka.com\\\/fi\\\/verkkokauppa\\\/maastohiihto\\\/#breadcrumb\"},\"inLanguage\":\"fi\",\"potentialAction\":[{\"@type\":\"ReadAction\",\"target\":[\"https:\\\/\\\/www.jussihaikka.com\\\/fi\\\/verkkokauppa\\\/maastohiihto\\\/\"]}]},{\"@type\":\"ImageObject\",\"inLanguage\":\"fi\",\"@id\":\"https:\\\/\\\/www.jussihaikka.com\\\/fi\\\/verkkokauppa\\\/maastohiihto\\\/#primaryimage\",\"url\":\"https:\\\/\\\/www.jussihaikka.com\\\/wp-content\\\/uploads\\\/2023\\\/12\\\/IMG_3871-scaled.jpg\",\"contentUrl\":\"https:\\\/\\\/www.jussihaikka.com\\\/wp-content\\\/uploads\\\/2023\\\/12\\\/IMG_3871-scaled.jpg\"},{\"@type\":\"BreadcrumbList\",\"@id\":\"https:\\\/\\\/www.jussihaikka.com\\\/fi\\\/verkkokauppa\\\/maastohiihto\\\/#breadcrumb\",\"itemListElement\":[{\"@type\":\"ListItem\",\"position\":1,\"name\":\"Etusivu\",\"item\":\"https:\\\/\\\/www.jussihaikka.com\\\/fi\\\/\"},{\"@type\":\"ListItem\",\"position\":2,\"name\":\"Verkkokauppa\",\"item\":\"https:\\\/\\\/www.jussihaikka.com\\\/fi\\\/verkkokauppa\\\/\"},{\"@type\":\"ListItem\",\"position\":3,\"name\":\"Maastohiihto\"}]},{\"@type\":\"WebSite\",\"@id\":\"https:\\\/\\\/www.jussihaikka.com\\\/fi\\\/#website\",\"url\":\"https:\\\/\\\/www.jussihaikka.com\\\/fi\\\/\",\"name\":\"Jussi Haikka\",\"description\":\"Do Not Fear - Just Believe\",\"potentialAction\":[{\"@type\":\"SearchAction\",\"target\":{\"@type\":\"EntryPoint\",\"urlTemplate\":\"https:\\\/\\\/www.jussihaikka.com\\\/fi\\\/?s={search_term_string}\"},\"query-input\":{\"@type\":\"PropertyValueSpecification\",\"valueRequired\":true,\"valueName\":\"search_term_string\"}}],\"inLanguage\":\"fi\"}]}<\/script>\n<!-- \/ Yoast SEO plugin. -->","yoast_head_json":{"title":"Maastohiihto - Jussi Haikka","robots":{"index":"index","follow":"follow","max-snippet":"max-snippet:-1","max-image-preview":"max-image-preview:large","max-video-preview":"max-video-preview:-1"},"canonical":"https:\/\/www.jussihaikka.com\/fi\/verkkokauppa\/maastohiihto\/","og_locale":"fi_FI","og_type":"article","og_title":"Maastohiihto - Jussi Haikka","og_description":"Hiihtovalmennus ja hiihtoretket 2024 Maastohiihtovalmennus 2024 VIIKKO 10, Luosto, Luistelu 250 \u20ac VIIKKO 11, Luosto, Perinteinen 250 \u20ac VIIKKO 12, Saariselk\u00e4, Luistelu 250 \u20ac VIIKKO 13, Saariselk\u00e4, Perinteinen 250 \u20ac ...","og_url":"https:\/\/www.jussihaikka.com\/fi\/verkkokauppa\/maastohiihto\/","og_site_name":"Jussi Haikka","article_modified_time":"2024-03-10T22:00:10+00:00","og_image":[{"url":"https:\/\/www.jussihaikka.com\/wp-content\/uploads\/2023\/12\/IMG_3871-scaled.jpg","type":"","width":"","height":""}],"twitter_card":"summary_large_image","twitter_misc":{"Arvioitu lukuaika":"2 minuuttia"},"schema":{"@context":"https:\/\/schema.org","@graph":[{"@type":"WebPage","@id":"https:\/\/www.jussihaikka.com\/fi\/verkkokauppa\/maastohiihto\/","url":"https:\/\/www.jussihaikka.com\/fi\/verkkokauppa\/maastohiihto\/","name":"Maastohiihto - Jussi Haikka","isPartOf":{"@id":"https:\/\/www.jussihaikka.com\/fi\/#website"},"primaryImageOfPage":{"@id":"https:\/\/www.jussihaikka.com\/fi\/verkkokauppa\/maastohiihto\/#primaryimage"},"image":{"@id":"https:\/\/www.jussihaikka.com\/fi\/verkkokauppa\/maastohiihto\/#primaryimage"},"thumbnailUrl":"https:\/\/www.jussihaikka.com\/wp-content\/uploads\/2023\/12\/IMG_3871-scaled.jpg","datePublished":"2023-08-02T23:33:57+00:00","dateModified":"2024-03-10T22:00:10+00:00","breadcrumb":{"@id":"https:\/\/www.jussihaikka.com\/fi\/verkkokauppa\/maastohiihto\/#breadcrumb"},"inLanguage":"fi","potentialAction":[{"@type":"ReadAction","target":["https:\/\/www.jussihaikka.com\/fi\/verkkokauppa\/maastohiihto\/"]}]},{"@type":"ImageObject","inLanguage":"fi","@id":"https:\/\/www.jussihaikka.com\/fi\/verkkokauppa\/maastohiihto\/#primaryimage","url":"https:\/\/www.jussihaikka.com\/wp-content\/uploads\/2023\/12\/IMG_3871-scaled.jpg","contentUrl":"https:\/\/www.jussihaikka.com\/wp-content\/uploads\/2023\/12\/IMG_3871-scaled.jpg"},{"@type":"BreadcrumbList","@id":"https:\/\/www.jussihaikka.com\/fi\/verkkokauppa\/maastohiihto\/#breadcrumb","itemListElement":[{"@type":"ListItem","position":1,"name":"Etusivu","item":"https:\/\/www.jussihaikka.com\/fi\/"},{"@type":"ListItem","position":2,"name":"Verkkokauppa","item":"https:\/\/www.jussihaikka.com\/fi\/verkkokauppa\/"},{"@type":"ListItem","position":3,"name":"Maastohiihto"}]},{"@type":"WebSite","@id":"https:\/\/www.jussihaikka.com\/fi\/#website","url":"https:\/\/www.jussihaikka.com\/fi\/","name":"Jussi Haikka","description":"Do Not Fear - Just Believe","potentialAction":[{"@type":"SearchAction","target":{"@type":"EntryPoint","urlTemplate":"https:\/\/www.jussihaikka.com\/fi\/?s={search_term_string}"},"query-input":{"@type":"PropertyValueSpecification","valueRequired":true,"valueName":"search_term_string"}}],"inLanguage":"fi"}]}},"_links":{"self":[{"href":"https:\/\/www.jussihaikka.com\/fi\/wp-json\/wp\/v2\/pages\/5845","targetHints":{"allow":["GET"]}}],"collection":[{"href":"https:\/\/www.jussihaikka.com\/fi\/wp-json\/wp\/v2\/pages"}],"about":[{"href":"https:\/\/www.jussihaikka.com\/fi\/wp-json\/wp\/v2\/types\/page"}],"author":[{"embeddable":true,"href":"https:\/\/www.jussihaikka.com\/fi\/wp-json\/wp\/v2\/users\/4"}],"replies":[{"embeddable":true,"href":"https:\/\/www.jussihaikka.com\/fi\/wp-json\/wp\/v2\/comments?post=5845"}],"version-history":[{"count":168,"href":"https:\/\/www.jussihaikka.com\/fi\/wp-json\/wp\/v2\/pages\/5845\/revisions"}],"predecessor-version":[{"id":9502,"href":"https:\/\/www.jussihaikka.com\/fi\/wp-json\/wp\/v2\/pages\/5845\/revisions\/9502"}],"up":[{"embeddable":true,"href":"https:\/\/www.jussihaikka.com\/fi\/wp-json\/wp\/v2\/pages\/8293"}],"wp:attachment":[{"href":"https:\/\/www.jussihaikka.com\/fi\/wp-json\/wp\/v2\/media?parent=5845"}],"curies":[{"name":"wp","href":"https:\/\/api.w.org\/{rel}","templated":true}]}}