{"id":5807,"date":"2023-08-01T22:34:06","date_gmt":"2023-08-01T20:34:06","guid":{"rendered":"https:\/\/www.jussihaikka.fi\/fi\/?page_id=5807"},"modified":"2024-03-11T00:50:44","modified_gmt":"2024-03-10T22:50:44","slug":"wave","status":"publish","type":"page","link":"https:\/\/www.jussihaikka.com\/fi\/verkkokauppa\/trail-running\/top-7\/wave\/","title":{"rendered":"The Wave Running 2026"},"content":{"rendered":"<h1><strong>The Wave Running 2026<\/strong><\/h1>\n<h3><strong>Yksi maailman parhaista Trail Running -juoksuista<\/strong><\/h3>\n<p><img loading=\"lazy\" decoding=\"async\" class=\"alignnone wp-image-6264 size-full\" src=\"https:\/\/www.jussihaikka.fi\/fi\/wp-content\/uploads\/2023\/08\/shutterstock_1906579987_713884458481-scaled.jpg\" alt=\"\" width=\"2560\" height=\"1211\" srcset=\"https:\/\/www.jussihaikka.com\/fi\/wp-content\/uploads\/2023\/08\/shutterstock_1906579987_713884458481-scaled.jpg 2560w, https:\/\/www.jussihaikka.com\/fi\/wp-content\/uploads\/2023\/08\/shutterstock_1906579987_713884458481-300x142.jpg 300w, https:\/\/www.jussihaikka.com\/fi\/wp-content\/uploads\/2023\/08\/shutterstock_1906579987_713884458481-1024x484.jpg 1024w, https:\/\/www.jussihaikka.com\/fi\/wp-content\/uploads\/2023\/08\/shutterstock_1906579987_713884458481-768x363.jpg 768w, https:\/\/www.jussihaikka.com\/fi\/wp-content\/uploads\/2023\/08\/shutterstock_1906579987_713884458481-1536x726.jpg 1536w, https:\/\/www.jussihaikka.com\/fi\/wp-content\/uploads\/2023\/08\/shutterstock_1906579987_713884458481-2048x969.jpg 2048w\" sizes=\"auto, (max-width: 2560px) 100vw, 2560px\" \/><\/p>\n<h2><strong>The Wave<\/strong><\/h2>\n<p>&nbsp;<\/p>\n<h2><strong>Angels Landing<\/strong><\/h2>\n<p>&nbsp;<\/p>\n<h2><strong>The Narrows<\/strong><\/h2>\n<p>&nbsp;<\/p>\n<h2><strong>Grand Canyon Trail Running<\/strong><\/h2>\n<p>&nbsp;<\/p>\n<h3>The Wave, Angels Landing, The Narrows ja Grand Canyon Trail, Pohjois-Amerikka, 100 km<\/h3>\n<p>Polkujuoksun ja melonnan yhdistelm\u00e4, sopivan haastava, paras aika maaliskuusta toukokuuhun ja syyskuusta marraskuuhun, 10 p\u00e4iv\u00e4\u00e4<\/p>\n<p>&nbsp;<\/p>\n<h3 style=\"text-align: center;\"><a href=\"https:\/\/www.jussihaikka.fi\/fi\/verkkokauppa\/ilmoittautuminen\/\"><strong>ILMOITTAUDU VUORIJUOKSUUN<\/strong><\/a><\/h3>\n","protected":false},"excerpt":{"rendered":"<p>The Wave Running 2026 Yksi maailman parhaista Trail Running -juoksuista The Wave &nbsp; Angels Landing &nbsp; The Narrows &nbsp; Grand Canyon Trail Running &nbsp; The Wave, Angels Landing, The Narrows &#8230;<\/p>\n","protected":false},"author":4,"featured_media":0,"parent":5754,"menu_order":0,"comment_status":"closed","ping_status":"closed","template":"","meta":{"footnotes":""},"class_list":["post-5807","page","type-page","status-publish","hentry"],"yoast_head":"<!-- This site is optimized with the Yoast SEO plugin v27.4 - https:\/\/yoast.com\/product\/yoast-seo-wordpress\/ -->\n<title>The Wave Running 2026 - Jussi Haikka<\/title>\n<meta name=\"robots\" content=\"index, follow, max-snippet:-1, max-image-preview:large, max-video-preview:-1\" \/>\n<link rel=\"canonical\" href=\"https:\/\/www.jussihaikka.com\/fi\/verkkokauppa\/trail-running\/top-7\/wave\/\" \/>\n<meta property=\"og:locale\" content=\"fi_FI\" \/>\n<meta property=\"og:type\" content=\"article\" \/>\n<meta property=\"og:title\" content=\"The Wave Running 2026 - Jussi Haikka\" \/>\n<meta property=\"og:description\" content=\"The Wave Running 2026 Yksi maailman parhaista Trail Running -juoksuista The Wave &nbsp; Angels Landing &nbsp; The Narrows &nbsp; Grand Canyon Trail Running &nbsp; The Wave, Angels Landing, The Narrows ...\" \/>\n<meta property=\"og:url\" content=\"https:\/\/www.jussihaikka.com\/fi\/verkkokauppa\/trail-running\/top-7\/wave\/\" \/>\n<meta property=\"og:site_name\" content=\"Jussi Haikka\" \/>\n<meta property=\"article:modified_time\" content=\"2024-03-10T22:50:44+00:00\" \/>\n<meta property=\"og:image\" content=\"https:\/\/www.jussihaikka.fi\/fi\/wp-content\/uploads\/2023\/08\/shutterstock_1906579987_713884458481-scaled.jpg\" \/>\n<meta name=\"twitter:card\" content=\"summary_large_image\" \/>\n<meta name=\"twitter:label1\" content=\"Arvioitu lukuaika\" \/>\n\t<meta name=\"twitter:data1\" content=\"1 minuutti\" \/>\n<script type=\"application\/ld+json\" class=\"yoast-schema-graph\">{\"@context\":\"https:\\\/\\\/schema.org\",\"@graph\":[{\"@type\":\"WebPage\",\"@id\":\"https:\\\/\\\/www.jussihaikka.com\\\/fi\\\/verkkokauppa\\\/trail-running\\\/top-7\\\/wave\\\/\",\"url\":\"https:\\\/\\\/www.jussihaikka.com\\\/fi\\\/verkkokauppa\\\/trail-running\\\/top-7\\\/wave\\\/\",\"name\":\"The Wave Running 2026 - Jussi Haikka\",\"isPartOf\":{\"@id\":\"https:\\\/\\\/www.jussihaikka.com\\\/fi\\\/#website\"},\"primaryImageOfPage\":{\"@id\":\"https:\\\/\\\/www.jussihaikka.com\\\/fi\\\/verkkokauppa\\\/trail-running\\\/top-7\\\/wave\\\/#primaryimage\"},\"image\":{\"@id\":\"https:\\\/\\\/www.jussihaikka.com\\\/fi\\\/verkkokauppa\\\/trail-running\\\/top-7\\\/wave\\\/#primaryimage\"},\"thumbnailUrl\":\"https:\\\/\\\/www.jussihaikka.fi\\\/fi\\\/wp-content\\\/uploads\\\/2023\\\/08\\\/shutterstock_1906579987_713884458481-scaled.jpg\",\"datePublished\":\"2023-08-01T20:34:06+00:00\",\"dateModified\":\"2024-03-10T22:50:44+00:00\",\"breadcrumb\":{\"@id\":\"https:\\\/\\\/www.jussihaikka.com\\\/fi\\\/verkkokauppa\\\/trail-running\\\/top-7\\\/wave\\\/#breadcrumb\"},\"inLanguage\":\"fi\",\"potentialAction\":[{\"@type\":\"ReadAction\",\"target\":[\"https:\\\/\\\/www.jussihaikka.com\\\/fi\\\/verkkokauppa\\\/trail-running\\\/top-7\\\/wave\\\/\"]}]},{\"@type\":\"ImageObject\",\"inLanguage\":\"fi\",\"@id\":\"https:\\\/\\\/www.jussihaikka.com\\\/fi\\\/verkkokauppa\\\/trail-running\\\/top-7\\\/wave\\\/#primaryimage\",\"url\":\"https:\\\/\\\/www.jussihaikka.fi\\\/fi\\\/wp-content\\\/uploads\\\/2023\\\/08\\\/shutterstock_1906579987_713884458481-scaled.jpg\",\"contentUrl\":\"https:\\\/\\\/www.jussihaikka.fi\\\/fi\\\/wp-content\\\/uploads\\\/2023\\\/08\\\/shutterstock_1906579987_713884458481-scaled.jpg\"},{\"@type\":\"BreadcrumbList\",\"@id\":\"https:\\\/\\\/www.jussihaikka.com\\\/fi\\\/verkkokauppa\\\/trail-running\\\/top-7\\\/wave\\\/#breadcrumb\",\"itemListElement\":[{\"@type\":\"ListItem\",\"position\":1,\"name\":\"Etusivu\",\"item\":\"https:\\\/\\\/www.jussihaikka.com\\\/fi\\\/\"},{\"@type\":\"ListItem\",\"position\":2,\"name\":\"Verkkokauppa\",\"item\":\"https:\\\/\\\/www.jussihaikka.com\\\/fi\\\/verkkokauppa\\\/\"},{\"@type\":\"ListItem\",\"position\":3,\"name\":\"Trail Running\",\"item\":\"https:\\\/\\\/www.jussihaikka.com\\\/fi\\\/verkkokauppa\\\/trail-running\\\/\"},{\"@type\":\"ListItem\",\"position\":4,\"name\":\"Top 7 maailmassa\",\"item\":\"https:\\\/\\\/www.jussihaikka.com\\\/fi\\\/verkkokauppa\\\/trail-running\\\/top-7\\\/\"},{\"@type\":\"ListItem\",\"position\":5,\"name\":\"The Wave Running 2026\"}]},{\"@type\":\"WebSite\",\"@id\":\"https:\\\/\\\/www.jussihaikka.com\\\/fi\\\/#website\",\"url\":\"https:\\\/\\\/www.jussihaikka.com\\\/fi\\\/\",\"name\":\"Jussi Haikka\",\"description\":\"Do Not Fear - Just Believe\",\"potentialAction\":[{\"@type\":\"SearchAction\",\"target\":{\"@type\":\"EntryPoint\",\"urlTemplate\":\"https:\\\/\\\/www.jussihaikka.com\\\/fi\\\/?s={search_term_string}\"},\"query-input\":{\"@type\":\"PropertyValueSpecification\",\"valueRequired\":true,\"valueName\":\"search_term_string\"}}],\"inLanguage\":\"fi\"}]}<\/script>\n<!-- \/ Yoast SEO plugin. -->","yoast_head_json":{"title":"The Wave Running 2026 - Jussi Haikka","robots":{"index":"index","follow":"follow","max-snippet":"max-snippet:-1","max-image-preview":"max-image-preview:large","max-video-preview":"max-video-preview:-1"},"canonical":"https:\/\/www.jussihaikka.com\/fi\/verkkokauppa\/trail-running\/top-7\/wave\/","og_locale":"fi_FI","og_type":"article","og_title":"The Wave Running 2026 - Jussi Haikka","og_description":"The Wave Running 2026 Yksi maailman parhaista Trail Running -juoksuista The Wave &nbsp; Angels Landing &nbsp; The Narrows &nbsp; Grand Canyon Trail Running &nbsp; The Wave, Angels Landing, The Narrows ...","og_url":"https:\/\/www.jussihaikka.com\/fi\/verkkokauppa\/trail-running\/top-7\/wave\/","og_site_name":"Jussi Haikka","article_modified_time":"2024-03-10T22:50:44+00:00","og_image":[{"url":"https:\/\/www.jussihaikka.fi\/fi\/wp-content\/uploads\/2023\/08\/shutterstock_1906579987_713884458481-scaled.jpg","type":"","width":"","height":""}],"twitter_card":"summary_large_image","twitter_misc":{"Arvioitu lukuaika":"1 minuutti"},"schema":{"@context":"https:\/\/schema.org","@graph":[{"@type":"WebPage","@id":"https:\/\/www.jussihaikka.com\/fi\/verkkokauppa\/trail-running\/top-7\/wave\/","url":"https:\/\/www.jussihaikka.com\/fi\/verkkokauppa\/trail-running\/top-7\/wave\/","name":"The Wave Running 2026 - Jussi Haikka","isPartOf":{"@id":"https:\/\/www.jussihaikka.com\/fi\/#website"},"primaryImageOfPage":{"@id":"https:\/\/www.jussihaikka.com\/fi\/verkkokauppa\/trail-running\/top-7\/wave\/#primaryimage"},"image":{"@id":"https:\/\/www.jussihaikka.com\/fi\/verkkokauppa\/trail-running\/top-7\/wave\/#primaryimage"},"thumbnailUrl":"https:\/\/www.jussihaikka.fi\/fi\/wp-content\/uploads\/2023\/08\/shutterstock_1906579987_713884458481-scaled.jpg","datePublished":"2023-08-01T20:34:06+00:00","dateModified":"2024-03-10T22:50:44+00:00","breadcrumb":{"@id":"https:\/\/www.jussihaikka.com\/fi\/verkkokauppa\/trail-running\/top-7\/wave\/#breadcrumb"},"inLanguage":"fi","potentialAction":[{"@type":"ReadAction","target":["https:\/\/www.jussihaikka.com\/fi\/verkkokauppa\/trail-running\/top-7\/wave\/"]}]},{"@type":"ImageObject","inLanguage":"fi","@id":"https:\/\/www.jussihaikka.com\/fi\/verkkokauppa\/trail-running\/top-7\/wave\/#primaryimage","url":"https:\/\/www.jussihaikka.fi\/fi\/wp-content\/uploads\/2023\/08\/shutterstock_1906579987_713884458481-scaled.jpg","contentUrl":"https:\/\/www.jussihaikka.fi\/fi\/wp-content\/uploads\/2023\/08\/shutterstock_1906579987_713884458481-scaled.jpg"},{"@type":"BreadcrumbList","@id":"https:\/\/www.jussihaikka.com\/fi\/verkkokauppa\/trail-running\/top-7\/wave\/#breadcrumb","itemListElement":[{"@type":"ListItem","position":1,"name":"Etusivu","item":"https:\/\/www.jussihaikka.com\/fi\/"},{"@type":"ListItem","position":2,"name":"Verkkokauppa","item":"https:\/\/www.jussihaikka.com\/fi\/verkkokauppa\/"},{"@type":"ListItem","position":3,"name":"Trail Running","item":"https:\/\/www.jussihaikka.com\/fi\/verkkokauppa\/trail-running\/"},{"@type":"ListItem","position":4,"name":"Top 7 maailmassa","item":"https:\/\/www.jussihaikka.com\/fi\/verkkokauppa\/trail-running\/top-7\/"},{"@type":"ListItem","position":5,"name":"The Wave Running 2026"}]},{"@type":"WebSite","@id":"https:\/\/www.jussihaikka.com\/fi\/#website","url":"https:\/\/www.jussihaikka.com\/fi\/","name":"Jussi Haikka","description":"Do Not Fear - Just Believe","potentialAction":[{"@type":"SearchAction","target":{"@type":"EntryPoint","urlTemplate":"https:\/\/www.jussihaikka.com\/fi\/?s={search_term_string}"},"query-input":{"@type":"PropertyValueSpecification","valueRequired":true,"valueName":"search_term_string"}}],"inLanguage":"fi"}]}},"_links":{"self":[{"href":"https:\/\/www.jussihaikka.com\/fi\/wp-json\/wp\/v2\/pages\/5807","targetHints":{"allow":["GET"]}}],"collection":[{"href":"https:\/\/www.jussihaikka.com\/fi\/wp-json\/wp\/v2\/pages"}],"about":[{"href":"https:\/\/www.jussihaikka.com\/fi\/wp-json\/wp\/v2\/types\/page"}],"author":[{"embeddable":true,"href":"https:\/\/www.jussihaikka.com\/fi\/wp-json\/wp\/v2\/users\/4"}],"replies":[{"embeddable":true,"href":"https:\/\/www.jussihaikka.com\/fi\/wp-json\/wp\/v2\/comments?post=5807"}],"version-history":[{"count":31,"href":"https:\/\/www.jussihaikka.com\/fi\/wp-json\/wp\/v2\/pages\/5807\/revisions"}],"predecessor-version":[{"id":9528,"href":"https:\/\/www.jussihaikka.com\/fi\/wp-json\/wp\/v2\/pages\/5807\/revisions\/9528"}],"up":[{"embeddable":true,"href":"https:\/\/www.jussihaikka.com\/fi\/wp-json\/wp\/v2\/pages\/5754"}],"wp:attachment":[{"href":"https:\/\/www.jussihaikka.com\/fi\/wp-json\/wp\/v2\/media?parent=5807"}],"curies":[{"name":"wp","href":"https:\/\/api.w.org\/{rel}","templated":true}]}}