{"id":5805,"date":"2023-08-01T22:31:00","date_gmt":"2023-08-01T20:31:00","guid":{"rendered":"https:\/\/www.jussihaikka.fi\/fi\/?page_id=5805"},"modified":"2024-03-11T00:50:15","modified_gmt":"2024-03-10T22:50:15","slug":"rando-lofoten","status":"publish","type":"page","link":"https:\/\/www.jussihaikka.com\/fi\/verkkokauppa\/trail-running\/top-7\/rando-lofoten\/","title":{"rendered":"Rando-Lofoten 2025"},"content":{"rendered":"<h1><strong>Rando-Lofoten 2025<\/strong><\/h1>\n<h3><strong>Viikinkien sumuisilla saarilla<\/strong><\/h3>\n<p><img loading=\"lazy\" decoding=\"async\" class=\"alignnone wp-image-6259 size-full\" src=\"https:\/\/www.jussihaikka.fi\/fi\/wp-content\/uploads\/2023\/08\/shutterstock_2246710845_713884387435-scaled.jpg\" alt=\"\" width=\"2560\" height=\"1777\" srcset=\"https:\/\/www.jussihaikka.com\/fi\/wp-content\/uploads\/2023\/08\/shutterstock_2246710845_713884387435-scaled.jpg 2560w, https:\/\/www.jussihaikka.com\/fi\/wp-content\/uploads\/2023\/08\/shutterstock_2246710845_713884387435-300x208.jpg 300w, https:\/\/www.jussihaikka.com\/fi\/wp-content\/uploads\/2023\/08\/shutterstock_2246710845_713884387435-1024x711.jpg 1024w, https:\/\/www.jussihaikka.com\/fi\/wp-content\/uploads\/2023\/08\/shutterstock_2246710845_713884387435-768x533.jpg 768w, https:\/\/www.jussihaikka.com\/fi\/wp-content\/uploads\/2023\/08\/shutterstock_2246710845_713884387435-1536x1066.jpg 1536w, https:\/\/www.jussihaikka.com\/fi\/wp-content\/uploads\/2023\/08\/shutterstock_2246710845_713884387435-2048x1421.jpg 2048w\" sizes=\"auto, (max-width: 2560px) 100vw, 2560px\" \/><\/p>\n<p>&nbsp;<\/p>\n<h2><strong>J\u00e4\u00e4meren rannalla<\/strong><\/h2>\n<p>&nbsp;<\/p>\n<h3>Rando-Lofoten, Norway, 160 km \/ noin 5 &#8211; 10 vkm<\/h3>\n<p>Haastava, Paras aika kes\u00e4kuusta syyskuuhun, 7 p\u00e4iv\u00e4\u00e4<\/p>\n<p>&nbsp;<\/p>\n<h3 style=\"text-align: center;\"><a href=\"https:\/\/www.jussihaikka.fi\/fi\/verkkokauppa\/ilmoittautuminen\/\"><strong>ILMOITTAUDU VUORIJUOKSUUN<\/strong><\/a><\/h3>\n","protected":false},"excerpt":{"rendered":"<p>Rando-Lofoten 2025 Viikinkien sumuisilla saarilla &nbsp; J\u00e4\u00e4meren rannalla &nbsp; Rando-Lofoten, Norway, 160 km \/ noin 5 &#8211; 10 vkm Haastava, Paras aika kes\u00e4kuusta syyskuuhun, 7 p\u00e4iv\u00e4\u00e4 &nbsp; ILMOITTAUDU VUORIJUOKSUUN<\/p>\n","protected":false},"author":4,"featured_media":0,"parent":5754,"menu_order":0,"comment_status":"closed","ping_status":"closed","template":"","meta":{"footnotes":""},"class_list":["post-5805","page","type-page","status-publish","hentry"],"yoast_head":"<!-- This site is optimized with the Yoast SEO plugin v27.4 - https:\/\/yoast.com\/product\/yoast-seo-wordpress\/ -->\n<title>Rando-Lofoten 2025 - Jussi Haikka<\/title>\n<meta name=\"robots\" content=\"index, follow, max-snippet:-1, max-image-preview:large, max-video-preview:-1\" \/>\n<link rel=\"canonical\" href=\"https:\/\/www.jussihaikka.com\/fi\/verkkokauppa\/trail-running\/top-7\/rando-lofoten\/\" \/>\n<meta property=\"og:locale\" content=\"fi_FI\" \/>\n<meta property=\"og:type\" content=\"article\" \/>\n<meta property=\"og:title\" content=\"Rando-Lofoten 2025 - Jussi Haikka\" \/>\n<meta property=\"og:description\" content=\"Rando-Lofoten 2025 Viikinkien sumuisilla saarilla &nbsp; J\u00e4\u00e4meren rannalla &nbsp; Rando-Lofoten, Norway, 160 km \/ noin 5 &#8211; 10 vkm Haastava, Paras aika kes\u00e4kuusta syyskuuhun, 7 p\u00e4iv\u00e4\u00e4 &nbsp; ILMOITTAUDU VUORIJUOKSUUN\" \/>\n<meta property=\"og:url\" content=\"https:\/\/www.jussihaikka.com\/fi\/verkkokauppa\/trail-running\/top-7\/rando-lofoten\/\" \/>\n<meta property=\"og:site_name\" content=\"Jussi Haikka\" \/>\n<meta property=\"article:modified_time\" content=\"2024-03-10T22:50:15+00:00\" \/>\n<meta property=\"og:image\" content=\"https:\/\/www.jussihaikka.fi\/fi\/wp-content\/uploads\/2023\/08\/shutterstock_2246710845_713884387435-scaled.jpg\" \/>\n<meta name=\"twitter:card\" content=\"summary_large_image\" \/>\n<meta name=\"twitter:label1\" content=\"Arvioitu lukuaika\" \/>\n\t<meta name=\"twitter:data1\" content=\"1 minuutti\" \/>\n<script type=\"application\/ld+json\" class=\"yoast-schema-graph\">{\"@context\":\"https:\\\/\\\/schema.org\",\"@graph\":[{\"@type\":\"WebPage\",\"@id\":\"https:\\\/\\\/www.jussihaikka.com\\\/fi\\\/verkkokauppa\\\/trail-running\\\/top-7\\\/rando-lofoten\\\/\",\"url\":\"https:\\\/\\\/www.jussihaikka.com\\\/fi\\\/verkkokauppa\\\/trail-running\\\/top-7\\\/rando-lofoten\\\/\",\"name\":\"Rando-Lofoten 2025 - Jussi Haikka\",\"isPartOf\":{\"@id\":\"https:\\\/\\\/www.jussihaikka.com\\\/fi\\\/#website\"},\"primaryImageOfPage\":{\"@id\":\"https:\\\/\\\/www.jussihaikka.com\\\/fi\\\/verkkokauppa\\\/trail-running\\\/top-7\\\/rando-lofoten\\\/#primaryimage\"},\"image\":{\"@id\":\"https:\\\/\\\/www.jussihaikka.com\\\/fi\\\/verkkokauppa\\\/trail-running\\\/top-7\\\/rando-lofoten\\\/#primaryimage\"},\"thumbnailUrl\":\"https:\\\/\\\/www.jussihaikka.fi\\\/fi\\\/wp-content\\\/uploads\\\/2023\\\/08\\\/shutterstock_2246710845_713884387435-scaled.jpg\",\"datePublished\":\"2023-08-01T20:31:00+00:00\",\"dateModified\":\"2024-03-10T22:50:15+00:00\",\"breadcrumb\":{\"@id\":\"https:\\\/\\\/www.jussihaikka.com\\\/fi\\\/verkkokauppa\\\/trail-running\\\/top-7\\\/rando-lofoten\\\/#breadcrumb\"},\"inLanguage\":\"fi\",\"potentialAction\":[{\"@type\":\"ReadAction\",\"target\":[\"https:\\\/\\\/www.jussihaikka.com\\\/fi\\\/verkkokauppa\\\/trail-running\\\/top-7\\\/rando-lofoten\\\/\"]}]},{\"@type\":\"ImageObject\",\"inLanguage\":\"fi\",\"@id\":\"https:\\\/\\\/www.jussihaikka.com\\\/fi\\\/verkkokauppa\\\/trail-running\\\/top-7\\\/rando-lofoten\\\/#primaryimage\",\"url\":\"https:\\\/\\\/www.jussihaikka.fi\\\/fi\\\/wp-content\\\/uploads\\\/2023\\\/08\\\/shutterstock_2246710845_713884387435-scaled.jpg\",\"contentUrl\":\"https:\\\/\\\/www.jussihaikka.fi\\\/fi\\\/wp-content\\\/uploads\\\/2023\\\/08\\\/shutterstock_2246710845_713884387435-scaled.jpg\"},{\"@type\":\"BreadcrumbList\",\"@id\":\"https:\\\/\\\/www.jussihaikka.com\\\/fi\\\/verkkokauppa\\\/trail-running\\\/top-7\\\/rando-lofoten\\\/#breadcrumb\",\"itemListElement\":[{\"@type\":\"ListItem\",\"position\":1,\"name\":\"Etusivu\",\"item\":\"https:\\\/\\\/www.jussihaikka.com\\\/fi\\\/\"},{\"@type\":\"ListItem\",\"position\":2,\"name\":\"Verkkokauppa\",\"item\":\"https:\\\/\\\/www.jussihaikka.com\\\/fi\\\/verkkokauppa\\\/\"},{\"@type\":\"ListItem\",\"position\":3,\"name\":\"Trail Running\",\"item\":\"https:\\\/\\\/www.jussihaikka.com\\\/fi\\\/verkkokauppa\\\/trail-running\\\/\"},{\"@type\":\"ListItem\",\"position\":4,\"name\":\"Top 7 maailmassa\",\"item\":\"https:\\\/\\\/www.jussihaikka.com\\\/fi\\\/verkkokauppa\\\/trail-running\\\/top-7\\\/\"},{\"@type\":\"ListItem\",\"position\":5,\"name\":\"Rando-Lofoten 2025\"}]},{\"@type\":\"WebSite\",\"@id\":\"https:\\\/\\\/www.jussihaikka.com\\\/fi\\\/#website\",\"url\":\"https:\\\/\\\/www.jussihaikka.com\\\/fi\\\/\",\"name\":\"Jussi Haikka\",\"description\":\"Do Not Fear - Just Believe\",\"potentialAction\":[{\"@type\":\"SearchAction\",\"target\":{\"@type\":\"EntryPoint\",\"urlTemplate\":\"https:\\\/\\\/www.jussihaikka.com\\\/fi\\\/?s={search_term_string}\"},\"query-input\":{\"@type\":\"PropertyValueSpecification\",\"valueRequired\":true,\"valueName\":\"search_term_string\"}}],\"inLanguage\":\"fi\"}]}<\/script>\n<!-- \/ Yoast SEO plugin. -->","yoast_head_json":{"title":"Rando-Lofoten 2025 - Jussi Haikka","robots":{"index":"index","follow":"follow","max-snippet":"max-snippet:-1","max-image-preview":"max-image-preview:large","max-video-preview":"max-video-preview:-1"},"canonical":"https:\/\/www.jussihaikka.com\/fi\/verkkokauppa\/trail-running\/top-7\/rando-lofoten\/","og_locale":"fi_FI","og_type":"article","og_title":"Rando-Lofoten 2025 - Jussi Haikka","og_description":"Rando-Lofoten 2025 Viikinkien sumuisilla saarilla &nbsp; J\u00e4\u00e4meren rannalla &nbsp; Rando-Lofoten, Norway, 160 km \/ noin 5 &#8211; 10 vkm Haastava, Paras aika kes\u00e4kuusta syyskuuhun, 7 p\u00e4iv\u00e4\u00e4 &nbsp; ILMOITTAUDU VUORIJUOKSUUN","og_url":"https:\/\/www.jussihaikka.com\/fi\/verkkokauppa\/trail-running\/top-7\/rando-lofoten\/","og_site_name":"Jussi Haikka","article_modified_time":"2024-03-10T22:50:15+00:00","og_image":[{"url":"https:\/\/www.jussihaikka.fi\/fi\/wp-content\/uploads\/2023\/08\/shutterstock_2246710845_713884387435-scaled.jpg","type":"","width":"","height":""}],"twitter_card":"summary_large_image","twitter_misc":{"Arvioitu lukuaika":"1 minuutti"},"schema":{"@context":"https:\/\/schema.org","@graph":[{"@type":"WebPage","@id":"https:\/\/www.jussihaikka.com\/fi\/verkkokauppa\/trail-running\/top-7\/rando-lofoten\/","url":"https:\/\/www.jussihaikka.com\/fi\/verkkokauppa\/trail-running\/top-7\/rando-lofoten\/","name":"Rando-Lofoten 2025 - Jussi Haikka","isPartOf":{"@id":"https:\/\/www.jussihaikka.com\/fi\/#website"},"primaryImageOfPage":{"@id":"https:\/\/www.jussihaikka.com\/fi\/verkkokauppa\/trail-running\/top-7\/rando-lofoten\/#primaryimage"},"image":{"@id":"https:\/\/www.jussihaikka.com\/fi\/verkkokauppa\/trail-running\/top-7\/rando-lofoten\/#primaryimage"},"thumbnailUrl":"https:\/\/www.jussihaikka.fi\/fi\/wp-content\/uploads\/2023\/08\/shutterstock_2246710845_713884387435-scaled.jpg","datePublished":"2023-08-01T20:31:00+00:00","dateModified":"2024-03-10T22:50:15+00:00","breadcrumb":{"@id":"https:\/\/www.jussihaikka.com\/fi\/verkkokauppa\/trail-running\/top-7\/rando-lofoten\/#breadcrumb"},"inLanguage":"fi","potentialAction":[{"@type":"ReadAction","target":["https:\/\/www.jussihaikka.com\/fi\/verkkokauppa\/trail-running\/top-7\/rando-lofoten\/"]}]},{"@type":"ImageObject","inLanguage":"fi","@id":"https:\/\/www.jussihaikka.com\/fi\/verkkokauppa\/trail-running\/top-7\/rando-lofoten\/#primaryimage","url":"https:\/\/www.jussihaikka.fi\/fi\/wp-content\/uploads\/2023\/08\/shutterstock_2246710845_713884387435-scaled.jpg","contentUrl":"https:\/\/www.jussihaikka.fi\/fi\/wp-content\/uploads\/2023\/08\/shutterstock_2246710845_713884387435-scaled.jpg"},{"@type":"BreadcrumbList","@id":"https:\/\/www.jussihaikka.com\/fi\/verkkokauppa\/trail-running\/top-7\/rando-lofoten\/#breadcrumb","itemListElement":[{"@type":"ListItem","position":1,"name":"Etusivu","item":"https:\/\/www.jussihaikka.com\/fi\/"},{"@type":"ListItem","position":2,"name":"Verkkokauppa","item":"https:\/\/www.jussihaikka.com\/fi\/verkkokauppa\/"},{"@type":"ListItem","position":3,"name":"Trail Running","item":"https:\/\/www.jussihaikka.com\/fi\/verkkokauppa\/trail-running\/"},{"@type":"ListItem","position":4,"name":"Top 7 maailmassa","item":"https:\/\/www.jussihaikka.com\/fi\/verkkokauppa\/trail-running\/top-7\/"},{"@type":"ListItem","position":5,"name":"Rando-Lofoten 2025"}]},{"@type":"WebSite","@id":"https:\/\/www.jussihaikka.com\/fi\/#website","url":"https:\/\/www.jussihaikka.com\/fi\/","name":"Jussi Haikka","description":"Do Not Fear - Just Believe","potentialAction":[{"@type":"SearchAction","target":{"@type":"EntryPoint","urlTemplate":"https:\/\/www.jussihaikka.com\/fi\/?s={search_term_string}"},"query-input":{"@type":"PropertyValueSpecification","valueRequired":true,"valueName":"search_term_string"}}],"inLanguage":"fi"}]}},"_links":{"self":[{"href":"https:\/\/www.jussihaikka.com\/fi\/wp-json\/wp\/v2\/pages\/5805","targetHints":{"allow":["GET"]}}],"collection":[{"href":"https:\/\/www.jussihaikka.com\/fi\/wp-json\/wp\/v2\/pages"}],"about":[{"href":"https:\/\/www.jussihaikka.com\/fi\/wp-json\/wp\/v2\/types\/page"}],"author":[{"embeddable":true,"href":"https:\/\/www.jussihaikka.com\/fi\/wp-json\/wp\/v2\/users\/4"}],"replies":[{"embeddable":true,"href":"https:\/\/www.jussihaikka.com\/fi\/wp-json\/wp\/v2\/comments?post=5805"}],"version-history":[{"count":20,"href":"https:\/\/www.jussihaikka.com\/fi\/wp-json\/wp\/v2\/pages\/5805\/revisions"}],"predecessor-version":[{"id":9527,"href":"https:\/\/www.jussihaikka.com\/fi\/wp-json\/wp\/v2\/pages\/5805\/revisions\/9527"}],"up":[{"embeddable":true,"href":"https:\/\/www.jussihaikka.com\/fi\/wp-json\/wp\/v2\/pages\/5754"}],"wp:attachment":[{"href":"https:\/\/www.jussihaikka.com\/fi\/wp-json\/wp\/v2\/media?parent=5805"}],"curies":[{"name":"wp","href":"https:\/\/api.w.org\/{rel}","templated":true}]}}