{"id":5795,"date":"2023-08-01T22:14:28","date_gmt":"2023-08-01T20:14:28","guid":{"rendered":"https:\/\/www.jussihaikka.fi\/fi\/?page_id=5795"},"modified":"2024-03-11T00:57:38","modified_gmt":"2024-03-10T22:57:38","slug":"gr20","status":"publish","type":"page","link":"https:\/\/www.jussihaikka.com\/fi\/verkkokauppa\/trail-running\/top-7\/gr20\/","title":{"rendered":"GR20 2024"},"content":{"rendered":"<h1><strong>GR20 Corsica 2024<\/strong><\/h1>\n<h3><strong>Unohtumaton juoksuseikkailu V\u00e4limeren merellisess\u00e4 vuoristomaisemissa<\/strong><\/h3>\n<p><img loading=\"lazy\" decoding=\"async\" class=\"alignnone wp-image-6261 size-large\" src=\"https:\/\/www.jussihaikka.fi\/fi\/wp-content\/uploads\/2023\/08\/shutterstock_371719672_713884490852-1024x683.jpg\" alt=\"\" width=\"800\" height=\"534\" srcset=\"https:\/\/www.jussihaikka.com\/fi\/wp-content\/uploads\/2023\/08\/shutterstock_371719672_713884490852-1024x683.jpg 1024w, https:\/\/www.jussihaikka.com\/fi\/wp-content\/uploads\/2023\/08\/shutterstock_371719672_713884490852-300x200.jpg 300w, https:\/\/www.jussihaikka.com\/fi\/wp-content\/uploads\/2023\/08\/shutterstock_371719672_713884490852-768x512.jpg 768w, https:\/\/www.jussihaikka.com\/fi\/wp-content\/uploads\/2023\/08\/shutterstock_371719672_713884490852-1536x1024.jpg 1536w, https:\/\/www.jussihaikka.com\/fi\/wp-content\/uploads\/2023\/08\/shutterstock_371719672_713884490852-2048x1365.jpg 2048w\" sizes=\"auto, (max-width: 800px) 100vw, 800px\" \/><\/p>\n<p>GR20 Trail Running -reitti kulkee V\u00e4limeren saarella vuoristoisia reittej\u00e4 rannalta rannalle. Reitti\u00e4 kuvaillaan yhdeksi maailman parhaaksi Trail Running -reitiksi maailmassa. Reitti kulkee usein 2000 metrin korkeudessa, josta on upeat maisemat Korsikan merellisess\u00e4 vuoristossa. Reitti on yksi vaikeimmista GR-reiteist\u00e4 Etel\u00e4-Euroopassa, ja se jakaantuu kahteen osaan Calenzan ja Vizzavonan v\u00e4lille sek\u00e4 Vizzavonan ja Concan v\u00e4lille. Koko reitin pituus on 180 km sek\u00e4 12 000 m nousua, joka vaatii juoksuharjoittelua ja hyv\u00e4\u00e4 valmistautumista.<\/p>\n<h2><strong>Seuraava juoksutavoitteesi?<\/strong><\/h2>\n<p>Tule mukaan yhdelle maailman pitkimmist\u00e4 Trail Running -juoksuista ensi kes\u00e4n\u00e4. Nyt on hyv\u00e4 aika aloittaa juoksuharjoitelu, ja mik\u00e4 motivoi paremmin treenaamaan kuin hyv\u00e4 juoksutavoite hienoissa maisemissa. V\u00e4limerell\u00e4 paistaa kes\u00e4kuun alussa varmasti aurinko, ja l\u00e4mmin ilma on kes\u00e4kuun alussa sopivimmillaan juoksemiseen.<\/p>\n<p><img loading=\"lazy\" decoding=\"async\" class=\"alignnone wp-image-7487 size-full\" src=\"https:\/\/www.jussihaikka.fi\/fi\/wp-content\/uploads\/2023\/09\/shutterstock_220438474_716986865048-scaled.jpeg\" alt=\"\" width=\"2560\" height=\"1707\" srcset=\"https:\/\/www.jussihaikka.com\/fi\/wp-content\/uploads\/2023\/09\/shutterstock_220438474_716986865048-scaled.jpeg 2560w, https:\/\/www.jussihaikka.com\/fi\/wp-content\/uploads\/2023\/09\/shutterstock_220438474_716986865048-300x200.jpeg 300w, https:\/\/www.jussihaikka.com\/fi\/wp-content\/uploads\/2023\/09\/shutterstock_220438474_716986865048-1024x683.jpeg 1024w, https:\/\/www.jussihaikka.com\/fi\/wp-content\/uploads\/2023\/09\/shutterstock_220438474_716986865048-768x512.jpeg 768w, https:\/\/www.jussihaikka.com\/fi\/wp-content\/uploads\/2023\/09\/shutterstock_220438474_716986865048-1536x1024.jpeg 1536w, https:\/\/www.jussihaikka.com\/fi\/wp-content\/uploads\/2023\/09\/shutterstock_220438474_716986865048-2048x1365.jpeg 2048w\" sizes=\"auto, (max-width: 2560px) 100vw, 2560px\" \/><\/p>\n<h3>GR20 Corsica, 7 p\u00e4iv\u00e4\u00e4, 750 \u20ac<\/h3>\n<p>Vastaanotto Bastian (BIA) lentokent\u00e4ll\u00e4 1. kes\u00e4kuuta klo 18.00<\/p>\n<h4><strong>Suunnattu kest\u00e4vyysurheilijoille, pitk\u00e4 vuorijuoksu V\u00e4limerell\u00e4 Korsikan saarella<\/strong><\/h4>\n<p>168 km \/ 12 vkm, yl\u00e4m\u00e4et vaeltaen, alam\u00e4et juosten, 2 \u2013 20 osallistujaa<\/p>\n<p>&nbsp;<\/p>\n<h3 style=\"text-align: center;\"><a href=\"https:\/\/www.jussihaikka.fi\/fi\/verkkokauppa\/ilmoittautuminen\/\"><strong>ILMOITTAUDU VUORIJUOKSUUN<\/strong><\/a><\/h3>\n<h3 style=\"text-align: center;\"><a href=\"https:\/\/www.jussihaikka.fi\/fi\/verkkokauppa\/urheiluvalmennus\/juoksuvalmennus\/\"><strong>ILMOITTAUDU JUOKSUVALMENNUKSEEN<\/strong><\/a><\/h3>\n","protected":false},"excerpt":{"rendered":"<p>GR20 Corsica 2024 Unohtumaton juoksuseikkailu V\u00e4limeren merellisess\u00e4 vuoristomaisemissa GR20 Trail Running -reitti kulkee V\u00e4limeren saarella vuoristoisia reittej\u00e4 rannalta rannalle. Reitti\u00e4 kuvaillaan yhdeksi maailman parhaaksi Trail Running -reitiksi maailmassa. Reitti kulkee &#8230;<\/p>\n","protected":false},"author":4,"featured_media":0,"parent":5754,"menu_order":0,"comment_status":"closed","ping_status":"closed","template":"","meta":{"footnotes":""},"class_list":["post-5795","page","type-page","status-publish","hentry"],"yoast_head":"<!-- This site is optimized with the Yoast SEO plugin v27.4 - https:\/\/yoast.com\/product\/yoast-seo-wordpress\/ -->\n<title>GR20 2024 - Jussi Haikka<\/title>\n<meta name=\"robots\" content=\"index, follow, max-snippet:-1, max-image-preview:large, max-video-preview:-1\" \/>\n<link rel=\"canonical\" href=\"https:\/\/www.jussihaikka.com\/fi\/verkkokauppa\/trail-running\/top-7\/gr20\/\" \/>\n<meta property=\"og:locale\" content=\"fi_FI\" \/>\n<meta property=\"og:type\" content=\"article\" \/>\n<meta property=\"og:title\" content=\"GR20 2024 - Jussi Haikka\" \/>\n<meta property=\"og:description\" content=\"GR20 Corsica 2024 Unohtumaton juoksuseikkailu V\u00e4limeren merellisess\u00e4 vuoristomaisemissa GR20 Trail Running -reitti kulkee V\u00e4limeren saarella vuoristoisia reittej\u00e4 rannalta rannalle. Reitti\u00e4 kuvaillaan yhdeksi maailman parhaaksi Trail Running -reitiksi maailmassa. Reitti kulkee ...\" \/>\n<meta property=\"og:url\" content=\"https:\/\/www.jussihaikka.com\/fi\/verkkokauppa\/trail-running\/top-7\/gr20\/\" \/>\n<meta property=\"og:site_name\" content=\"Jussi Haikka\" \/>\n<meta property=\"article:modified_time\" content=\"2024-03-10T22:57:38+00:00\" \/>\n<meta property=\"og:image\" content=\"https:\/\/www.jussihaikka.fi\/fi\/wp-content\/uploads\/2023\/08\/shutterstock_371719672_713884490852-1024x683.jpg\" \/>\n<meta name=\"twitter:card\" content=\"summary_large_image\" \/>\n<meta name=\"twitter:label1\" content=\"Arvioitu lukuaika\" \/>\n\t<meta name=\"twitter:data1\" content=\"2 minuuttia\" \/>\n<script type=\"application\/ld+json\" class=\"yoast-schema-graph\">{\"@context\":\"https:\\\/\\\/schema.org\",\"@graph\":[{\"@type\":\"WebPage\",\"@id\":\"https:\\\/\\\/www.jussihaikka.com\\\/fi\\\/verkkokauppa\\\/trail-running\\\/top-7\\\/gr20\\\/\",\"url\":\"https:\\\/\\\/www.jussihaikka.com\\\/fi\\\/verkkokauppa\\\/trail-running\\\/top-7\\\/gr20\\\/\",\"name\":\"GR20 2024 - Jussi Haikka\",\"isPartOf\":{\"@id\":\"https:\\\/\\\/www.jussihaikka.com\\\/fi\\\/#website\"},\"primaryImageOfPage\":{\"@id\":\"https:\\\/\\\/www.jussihaikka.com\\\/fi\\\/verkkokauppa\\\/trail-running\\\/top-7\\\/gr20\\\/#primaryimage\"},\"image\":{\"@id\":\"https:\\\/\\\/www.jussihaikka.com\\\/fi\\\/verkkokauppa\\\/trail-running\\\/top-7\\\/gr20\\\/#primaryimage\"},\"thumbnailUrl\":\"https:\\\/\\\/www.jussihaikka.fi\\\/fi\\\/wp-content\\\/uploads\\\/2023\\\/08\\\/shutterstock_371719672_713884490852-1024x683.jpg\",\"datePublished\":\"2023-08-01T20:14:28+00:00\",\"dateModified\":\"2024-03-10T22:57:38+00:00\",\"breadcrumb\":{\"@id\":\"https:\\\/\\\/www.jussihaikka.com\\\/fi\\\/verkkokauppa\\\/trail-running\\\/top-7\\\/gr20\\\/#breadcrumb\"},\"inLanguage\":\"fi\",\"potentialAction\":[{\"@type\":\"ReadAction\",\"target\":[\"https:\\\/\\\/www.jussihaikka.com\\\/fi\\\/verkkokauppa\\\/trail-running\\\/top-7\\\/gr20\\\/\"]}]},{\"@type\":\"ImageObject\",\"inLanguage\":\"fi\",\"@id\":\"https:\\\/\\\/www.jussihaikka.com\\\/fi\\\/verkkokauppa\\\/trail-running\\\/top-7\\\/gr20\\\/#primaryimage\",\"url\":\"https:\\\/\\\/www.jussihaikka.fi\\\/fi\\\/wp-content\\\/uploads\\\/2023\\\/08\\\/shutterstock_371719672_713884490852-1024x683.jpg\",\"contentUrl\":\"https:\\\/\\\/www.jussihaikka.fi\\\/fi\\\/wp-content\\\/uploads\\\/2023\\\/08\\\/shutterstock_371719672_713884490852-1024x683.jpg\"},{\"@type\":\"BreadcrumbList\",\"@id\":\"https:\\\/\\\/www.jussihaikka.com\\\/fi\\\/verkkokauppa\\\/trail-running\\\/top-7\\\/gr20\\\/#breadcrumb\",\"itemListElement\":[{\"@type\":\"ListItem\",\"position\":1,\"name\":\"Etusivu\",\"item\":\"https:\\\/\\\/www.jussihaikka.com\\\/fi\\\/\"},{\"@type\":\"ListItem\",\"position\":2,\"name\":\"Verkkokauppa\",\"item\":\"https:\\\/\\\/www.jussihaikka.com\\\/fi\\\/verkkokauppa\\\/\"},{\"@type\":\"ListItem\",\"position\":3,\"name\":\"Trail Running\",\"item\":\"https:\\\/\\\/www.jussihaikka.com\\\/fi\\\/verkkokauppa\\\/trail-running\\\/\"},{\"@type\":\"ListItem\",\"position\":4,\"name\":\"Top 7 maailmassa\",\"item\":\"https:\\\/\\\/www.jussihaikka.com\\\/fi\\\/verkkokauppa\\\/trail-running\\\/top-7\\\/\"},{\"@type\":\"ListItem\",\"position\":5,\"name\":\"GR20 2024\"}]},{\"@type\":\"WebSite\",\"@id\":\"https:\\\/\\\/www.jussihaikka.com\\\/fi\\\/#website\",\"url\":\"https:\\\/\\\/www.jussihaikka.com\\\/fi\\\/\",\"name\":\"Jussi Haikka\",\"description\":\"Do Not Fear - Just Believe\",\"potentialAction\":[{\"@type\":\"SearchAction\",\"target\":{\"@type\":\"EntryPoint\",\"urlTemplate\":\"https:\\\/\\\/www.jussihaikka.com\\\/fi\\\/?s={search_term_string}\"},\"query-input\":{\"@type\":\"PropertyValueSpecification\",\"valueRequired\":true,\"valueName\":\"search_term_string\"}}],\"inLanguage\":\"fi\"}]}<\/script>\n<!-- \/ Yoast SEO plugin. -->","yoast_head_json":{"title":"GR20 2024 - Jussi Haikka","robots":{"index":"index","follow":"follow","max-snippet":"max-snippet:-1","max-image-preview":"max-image-preview:large","max-video-preview":"max-video-preview:-1"},"canonical":"https:\/\/www.jussihaikka.com\/fi\/verkkokauppa\/trail-running\/top-7\/gr20\/","og_locale":"fi_FI","og_type":"article","og_title":"GR20 2024 - Jussi Haikka","og_description":"GR20 Corsica 2024 Unohtumaton juoksuseikkailu V\u00e4limeren merellisess\u00e4 vuoristomaisemissa GR20 Trail Running -reitti kulkee V\u00e4limeren saarella vuoristoisia reittej\u00e4 rannalta rannalle. Reitti\u00e4 kuvaillaan yhdeksi maailman parhaaksi Trail Running -reitiksi maailmassa. Reitti kulkee ...","og_url":"https:\/\/www.jussihaikka.com\/fi\/verkkokauppa\/trail-running\/top-7\/gr20\/","og_site_name":"Jussi Haikka","article_modified_time":"2024-03-10T22:57:38+00:00","og_image":[{"url":"https:\/\/www.jussihaikka.fi\/fi\/wp-content\/uploads\/2023\/08\/shutterstock_371719672_713884490852-1024x683.jpg","type":"","width":"","height":""}],"twitter_card":"summary_large_image","twitter_misc":{"Arvioitu lukuaika":"2 minuuttia"},"schema":{"@context":"https:\/\/schema.org","@graph":[{"@type":"WebPage","@id":"https:\/\/www.jussihaikka.com\/fi\/verkkokauppa\/trail-running\/top-7\/gr20\/","url":"https:\/\/www.jussihaikka.com\/fi\/verkkokauppa\/trail-running\/top-7\/gr20\/","name":"GR20 2024 - Jussi Haikka","isPartOf":{"@id":"https:\/\/www.jussihaikka.com\/fi\/#website"},"primaryImageOfPage":{"@id":"https:\/\/www.jussihaikka.com\/fi\/verkkokauppa\/trail-running\/top-7\/gr20\/#primaryimage"},"image":{"@id":"https:\/\/www.jussihaikka.com\/fi\/verkkokauppa\/trail-running\/top-7\/gr20\/#primaryimage"},"thumbnailUrl":"https:\/\/www.jussihaikka.fi\/fi\/wp-content\/uploads\/2023\/08\/shutterstock_371719672_713884490852-1024x683.jpg","datePublished":"2023-08-01T20:14:28+00:00","dateModified":"2024-03-10T22:57:38+00:00","breadcrumb":{"@id":"https:\/\/www.jussihaikka.com\/fi\/verkkokauppa\/trail-running\/top-7\/gr20\/#breadcrumb"},"inLanguage":"fi","potentialAction":[{"@type":"ReadAction","target":["https:\/\/www.jussihaikka.com\/fi\/verkkokauppa\/trail-running\/top-7\/gr20\/"]}]},{"@type":"ImageObject","inLanguage":"fi","@id":"https:\/\/www.jussihaikka.com\/fi\/verkkokauppa\/trail-running\/top-7\/gr20\/#primaryimage","url":"https:\/\/www.jussihaikka.fi\/fi\/wp-content\/uploads\/2023\/08\/shutterstock_371719672_713884490852-1024x683.jpg","contentUrl":"https:\/\/www.jussihaikka.fi\/fi\/wp-content\/uploads\/2023\/08\/shutterstock_371719672_713884490852-1024x683.jpg"},{"@type":"BreadcrumbList","@id":"https:\/\/www.jussihaikka.com\/fi\/verkkokauppa\/trail-running\/top-7\/gr20\/#breadcrumb","itemListElement":[{"@type":"ListItem","position":1,"name":"Etusivu","item":"https:\/\/www.jussihaikka.com\/fi\/"},{"@type":"ListItem","position":2,"name":"Verkkokauppa","item":"https:\/\/www.jussihaikka.com\/fi\/verkkokauppa\/"},{"@type":"ListItem","position":3,"name":"Trail Running","item":"https:\/\/www.jussihaikka.com\/fi\/verkkokauppa\/trail-running\/"},{"@type":"ListItem","position":4,"name":"Top 7 maailmassa","item":"https:\/\/www.jussihaikka.com\/fi\/verkkokauppa\/trail-running\/top-7\/"},{"@type":"ListItem","position":5,"name":"GR20 2024"}]},{"@type":"WebSite","@id":"https:\/\/www.jussihaikka.com\/fi\/#website","url":"https:\/\/www.jussihaikka.com\/fi\/","name":"Jussi Haikka","description":"Do Not Fear - Just Believe","potentialAction":[{"@type":"SearchAction","target":{"@type":"EntryPoint","urlTemplate":"https:\/\/www.jussihaikka.com\/fi\/?s={search_term_string}"},"query-input":{"@type":"PropertyValueSpecification","valueRequired":true,"valueName":"search_term_string"}}],"inLanguage":"fi"}]}},"_links":{"self":[{"href":"https:\/\/www.jussihaikka.com\/fi\/wp-json\/wp\/v2\/pages\/5795","targetHints":{"allow":["GET"]}}],"collection":[{"href":"https:\/\/www.jussihaikka.com\/fi\/wp-json\/wp\/v2\/pages"}],"about":[{"href":"https:\/\/www.jussihaikka.com\/fi\/wp-json\/wp\/v2\/types\/page"}],"author":[{"embeddable":true,"href":"https:\/\/www.jussihaikka.com\/fi\/wp-json\/wp\/v2\/users\/4"}],"replies":[{"embeddable":true,"href":"https:\/\/www.jussihaikka.com\/fi\/wp-json\/wp\/v2\/comments?post=5795"}],"version-history":[{"count":26,"href":"https:\/\/www.jussihaikka.com\/fi\/wp-json\/wp\/v2\/pages\/5795\/revisions"}],"predecessor-version":[{"id":9537,"href":"https:\/\/www.jussihaikka.com\/fi\/wp-json\/wp\/v2\/pages\/5795\/revisions\/9537"}],"up":[{"embeddable":true,"href":"https:\/\/www.jussihaikka.com\/fi\/wp-json\/wp\/v2\/pages\/5754"}],"wp:attachment":[{"href":"https:\/\/www.jussihaikka.com\/fi\/wp-json\/wp\/v2\/media?parent=5795"}],"curies":[{"name":"wp","href":"https:\/\/api.w.org\/{rel}","templated":true}]}}