{"id":5259,"date":"2023-07-28T02:47:57","date_gmt":"2023-07-28T00:47:57","guid":{"rendered":"https:\/\/www.jussihaikka.fi\/fi\/?page_id=5259"},"modified":"2024-03-11T00:53:34","modified_gmt":"2024-03-10T22:53:34","slug":"interlaken","status":"publish","type":"page","link":"https:\/\/www.jussihaikka.com\/fi\/verkkokauppa\/trail-running\/sveitsi\/interlaken\/","title":{"rendered":"Interlaken 2024"},"content":{"rendered":"<h1><strong>Interlaken Trail Running 2024<\/strong><\/h1>\n<h3><strong>Premium-tason vuorijuoksumatka<\/strong><\/h3>\n<p><img loading=\"lazy\" decoding=\"async\" class=\"alignnone wp-image-6263 size-full\" src=\"https:\/\/www.jussihaikka.fi\/fi\/wp-content\/uploads\/2023\/08\/shutterstock_714840958_713884516611-scaled.jpg\" alt=\"\" width=\"2560\" height=\"1722\" srcset=\"https:\/\/www.jussihaikka.com\/fi\/wp-content\/uploads\/2023\/08\/shutterstock_714840958_713884516611-scaled.jpg 2560w, https:\/\/www.jussihaikka.com\/fi\/wp-content\/uploads\/2023\/08\/shutterstock_714840958_713884516611-300x202.jpg 300w, https:\/\/www.jussihaikka.com\/fi\/wp-content\/uploads\/2023\/08\/shutterstock_714840958_713884516611-1024x689.jpg 1024w, https:\/\/www.jussihaikka.com\/fi\/wp-content\/uploads\/2023\/08\/shutterstock_714840958_713884516611-768x517.jpg 768w, https:\/\/www.jussihaikka.com\/fi\/wp-content\/uploads\/2023\/08\/shutterstock_714840958_713884516611-1536x1033.jpg 1536w, https:\/\/www.jussihaikka.com\/fi\/wp-content\/uploads\/2023\/08\/shutterstock_714840958_713884516611-2048x1377.jpg 2048w\" sizes=\"auto, (max-width: 2560px) 100vw, 2560px\" \/><\/p>\n<h2>Alppi-kyl\u00e4 j\u00e4rvien ja vuorten keskell\u00e4<\/h2>\n<p>Interlaken Trail Running on yksi Alppien upeimmista paikoista juosta. Kaksi j\u00e4rve\u00e4 ja vuoret luovat uniikin vuorijuoksukohteen, josta ei puutu vaihtelevuutta. Juoksemme ja vaellamme j\u00e4rvien ymp\u00e4rill\u00e4 ja vuoristossa.<\/p>\n<h3>Eiger North Face &#8211; vuorikiipeilyn Olympialaiset 1936<\/h3>\n<p>Interlakenista on tulossa uusi vuorijuoksusuosikki Alpeilla hienojen polkujuoksu-, melonta- ja liitovarjoilumahdollisuuksien ansiosta. L\u00e4heisell\u00e4 Eiger-vuoren pohjoissein\u00e4ll\u00e4 on historian ainoan kerran kilpailtu vuorikiipeilyss\u00e4 Olympialaisissa, josta on tehty katsomisen arvoinen dramaattinen The North Face -elokuva. Tule mukaan vuoristoseikkailuun 3900 metri\u00e4 korkean Eiger-vuoren juurelle.<\/p>\n<h3>Premium-tason vuorijuoksumatkoilla tavoitteena on paras mahdollinen laatu<\/h3>\n<p>Tarvittessa voin suunnitella vuorijuoksumatkan my\u00f6s siten, ett\u00e4 p\u00e4\u00e4sette nauttimaan Interlakenin hotelli- ja ravintolatarjonnasta, ja teemme 1 &#8211; 2 p\u00e4iv\u00e4n retki\u00e4 yl\u00f6s vuoristoon. Olen paikan p\u00e4\u00e4ll\u00e4 Alpeilla jo toukokuun lopussa, joten voin k\u00e4yd\u00e4 varmistamassa vuoristomatkan toiveitanne etuk\u00e4teen. K\u00e4yn tutustumassa Interlakenin vuoristopolkuihin ja ravintolatarjontaan ennen vuorijuoksua, jotta voin tarjota parasta laatua asiakkailleni. Tavoitteeni on tyytyv\u00e4iset asiakkaat, jotka suosittelevat vuorijuoksupalveluita yst\u00e4villeen. Otan mielell\u00e4ni toiveita vastaan jo ennen vuorijuoksumatkaa.<\/p>\n<h3>Interlaken Trail Running, 7 p\u00e4iv\u00e4\u00e4,\u00a0500 \u20ac<\/h3>\n<p>Vastaanotto Geneven (GVA) lentokent\u00e4ll\u00e4 6. hein\u00e4kuuta klo 10.00, josta on opastus kohteeseen.<\/p>\n<p><strong>Urheilu- ja vuoristomatka, Premium-tason vuorijuoksu Sveitsin Alpeilla<\/strong><\/p>\n<p>70 km \/ 3 vkm, 4 \u2013 20 osallistujaa, voidaan toteuttaa my\u00f6s vuoristovaelluksena toiveidenne mukaisesti, matkalaukut kulkevat Jeepill\u00e4 seuraavaan vuoristomajaan, suunnittelen ohjelman asiakkaiden tarpeiden ja toiveiden mukaisesti.<\/p>\n<p>&nbsp;<\/p>\n<h3 style=\"text-align: center;\"><a href=\"https:\/\/www.jussihaikka.fi\/fi\/verkkokauppa\/ilmoittautuminen\/\"><strong>ILMOITTAUDU VUORIJUOKSUUN<\/strong><\/a><\/h3>\n<h3 style=\"text-align: center;\"><a href=\"https:\/\/www.jussihaikka.fi\/fi\/verkkokauppa\/urheiluvalmennus\/juoksuvalmennus\/\"><strong>ILMOITTAUDU JUOKSUVALMENNUKSEEN<\/strong><\/a><\/h3>\n","protected":false},"excerpt":{"rendered":"<p>Interlaken Trail Running 2024 Premium-tason vuorijuoksumatka Alppi-kyl\u00e4 j\u00e4rvien ja vuorten keskell\u00e4 Interlaken Trail Running on yksi Alppien upeimmista paikoista juosta. Kaksi j\u00e4rve\u00e4 ja vuoret luovat uniikin vuorijuoksukohteen, josta ei puutu &#8230;<\/p>\n","protected":false},"author":4,"featured_media":0,"parent":7195,"menu_order":0,"comment_status":"closed","ping_status":"closed","template":"","meta":{"footnotes":""},"class_list":["post-5259","page","type-page","status-publish","hentry"],"yoast_head":"<!-- This site is optimized with the Yoast SEO plugin v27.4 - https:\/\/yoast.com\/product\/yoast-seo-wordpress\/ -->\n<title>Interlaken 2024 - Jussi Haikka<\/title>\n<meta name=\"robots\" content=\"index, follow, max-snippet:-1, max-image-preview:large, max-video-preview:-1\" \/>\n<link rel=\"canonical\" href=\"https:\/\/www.jussihaikka.com\/fi\/verkkokauppa\/trail-running\/sveitsi\/interlaken\/\" \/>\n<meta property=\"og:locale\" content=\"fi_FI\" \/>\n<meta property=\"og:type\" content=\"article\" \/>\n<meta property=\"og:title\" content=\"Interlaken 2024 - Jussi Haikka\" \/>\n<meta property=\"og:description\" content=\"Interlaken Trail Running 2024 Premium-tason vuorijuoksumatka Alppi-kyl\u00e4 j\u00e4rvien ja vuorten keskell\u00e4 Interlaken Trail Running on yksi Alppien upeimmista paikoista juosta. Kaksi j\u00e4rve\u00e4 ja vuoret luovat uniikin vuorijuoksukohteen, josta ei puutu ...\" \/>\n<meta property=\"og:url\" content=\"https:\/\/www.jussihaikka.com\/fi\/verkkokauppa\/trail-running\/sveitsi\/interlaken\/\" \/>\n<meta property=\"og:site_name\" content=\"Jussi Haikka\" \/>\n<meta property=\"article:modified_time\" content=\"2024-03-10T22:53:34+00:00\" \/>\n<meta property=\"og:image\" content=\"https:\/\/www.jussihaikka.fi\/fi\/wp-content\/uploads\/2023\/08\/shutterstock_714840958_713884516611-scaled.jpg\" \/>\n<meta name=\"twitter:card\" content=\"summary_large_image\" \/>\n<meta name=\"twitter:label1\" content=\"Arvioitu lukuaika\" \/>\n\t<meta name=\"twitter:data1\" content=\"2 minuuttia\" \/>\n<script type=\"application\/ld+json\" class=\"yoast-schema-graph\">{\"@context\":\"https:\\\/\\\/schema.org\",\"@graph\":[{\"@type\":\"WebPage\",\"@id\":\"https:\\\/\\\/www.jussihaikka.com\\\/fi\\\/verkkokauppa\\\/trail-running\\\/sveitsi\\\/interlaken\\\/\",\"url\":\"https:\\\/\\\/www.jussihaikka.com\\\/fi\\\/verkkokauppa\\\/trail-running\\\/sveitsi\\\/interlaken\\\/\",\"name\":\"Interlaken 2024 - Jussi Haikka\",\"isPartOf\":{\"@id\":\"https:\\\/\\\/www.jussihaikka.com\\\/fi\\\/#website\"},\"primaryImageOfPage\":{\"@id\":\"https:\\\/\\\/www.jussihaikka.com\\\/fi\\\/verkkokauppa\\\/trail-running\\\/sveitsi\\\/interlaken\\\/#primaryimage\"},\"image\":{\"@id\":\"https:\\\/\\\/www.jussihaikka.com\\\/fi\\\/verkkokauppa\\\/trail-running\\\/sveitsi\\\/interlaken\\\/#primaryimage\"},\"thumbnailUrl\":\"https:\\\/\\\/www.jussihaikka.fi\\\/fi\\\/wp-content\\\/uploads\\\/2023\\\/08\\\/shutterstock_714840958_713884516611-scaled.jpg\",\"datePublished\":\"2023-07-28T00:47:57+00:00\",\"dateModified\":\"2024-03-10T22:53:34+00:00\",\"breadcrumb\":{\"@id\":\"https:\\\/\\\/www.jussihaikka.com\\\/fi\\\/verkkokauppa\\\/trail-running\\\/sveitsi\\\/interlaken\\\/#breadcrumb\"},\"inLanguage\":\"fi\",\"potentialAction\":[{\"@type\":\"ReadAction\",\"target\":[\"https:\\\/\\\/www.jussihaikka.com\\\/fi\\\/verkkokauppa\\\/trail-running\\\/sveitsi\\\/interlaken\\\/\"]}]},{\"@type\":\"ImageObject\",\"inLanguage\":\"fi\",\"@id\":\"https:\\\/\\\/www.jussihaikka.com\\\/fi\\\/verkkokauppa\\\/trail-running\\\/sveitsi\\\/interlaken\\\/#primaryimage\",\"url\":\"https:\\\/\\\/www.jussihaikka.fi\\\/fi\\\/wp-content\\\/uploads\\\/2023\\\/08\\\/shutterstock_714840958_713884516611-scaled.jpg\",\"contentUrl\":\"https:\\\/\\\/www.jussihaikka.fi\\\/fi\\\/wp-content\\\/uploads\\\/2023\\\/08\\\/shutterstock_714840958_713884516611-scaled.jpg\"},{\"@type\":\"BreadcrumbList\",\"@id\":\"https:\\\/\\\/www.jussihaikka.com\\\/fi\\\/verkkokauppa\\\/trail-running\\\/sveitsi\\\/interlaken\\\/#breadcrumb\",\"itemListElement\":[{\"@type\":\"ListItem\",\"position\":1,\"name\":\"Etusivu\",\"item\":\"https:\\\/\\\/www.jussihaikka.com\\\/fi\\\/\"},{\"@type\":\"ListItem\",\"position\":2,\"name\":\"Verkkokauppa\",\"item\":\"https:\\\/\\\/www.jussihaikka.com\\\/fi\\\/verkkokauppa\\\/\"},{\"@type\":\"ListItem\",\"position\":3,\"name\":\"Trail Running\",\"item\":\"https:\\\/\\\/www.jussihaikka.com\\\/fi\\\/verkkokauppa\\\/trail-running\\\/\"},{\"@type\":\"ListItem\",\"position\":4,\"name\":\"Trail Running Sveitsiss\u00e4\",\"item\":\"https:\\\/\\\/www.jussihaikka.com\\\/fi\\\/verkkokauppa\\\/trail-running\\\/sveitsi\\\/\"},{\"@type\":\"ListItem\",\"position\":5,\"name\":\"Interlaken 2024\"}]},{\"@type\":\"WebSite\",\"@id\":\"https:\\\/\\\/www.jussihaikka.com\\\/fi\\\/#website\",\"url\":\"https:\\\/\\\/www.jussihaikka.com\\\/fi\\\/\",\"name\":\"Jussi Haikka\",\"description\":\"Do Not Fear - Just Believe\",\"potentialAction\":[{\"@type\":\"SearchAction\",\"target\":{\"@type\":\"EntryPoint\",\"urlTemplate\":\"https:\\\/\\\/www.jussihaikka.com\\\/fi\\\/?s={search_term_string}\"},\"query-input\":{\"@type\":\"PropertyValueSpecification\",\"valueRequired\":true,\"valueName\":\"search_term_string\"}}],\"inLanguage\":\"fi\"}]}<\/script>\n<!-- \/ Yoast SEO plugin. -->","yoast_head_json":{"title":"Interlaken 2024 - Jussi Haikka","robots":{"index":"index","follow":"follow","max-snippet":"max-snippet:-1","max-image-preview":"max-image-preview:large","max-video-preview":"max-video-preview:-1"},"canonical":"https:\/\/www.jussihaikka.com\/fi\/verkkokauppa\/trail-running\/sveitsi\/interlaken\/","og_locale":"fi_FI","og_type":"article","og_title":"Interlaken 2024 - Jussi Haikka","og_description":"Interlaken Trail Running 2024 Premium-tason vuorijuoksumatka Alppi-kyl\u00e4 j\u00e4rvien ja vuorten keskell\u00e4 Interlaken Trail Running on yksi Alppien upeimmista paikoista juosta. Kaksi j\u00e4rve\u00e4 ja vuoret luovat uniikin vuorijuoksukohteen, josta ei puutu ...","og_url":"https:\/\/www.jussihaikka.com\/fi\/verkkokauppa\/trail-running\/sveitsi\/interlaken\/","og_site_name":"Jussi Haikka","article_modified_time":"2024-03-10T22:53:34+00:00","og_image":[{"url":"https:\/\/www.jussihaikka.fi\/fi\/wp-content\/uploads\/2023\/08\/shutterstock_714840958_713884516611-scaled.jpg","type":"","width":"","height":""}],"twitter_card":"summary_large_image","twitter_misc":{"Arvioitu lukuaika":"2 minuuttia"},"schema":{"@context":"https:\/\/schema.org","@graph":[{"@type":"WebPage","@id":"https:\/\/www.jussihaikka.com\/fi\/verkkokauppa\/trail-running\/sveitsi\/interlaken\/","url":"https:\/\/www.jussihaikka.com\/fi\/verkkokauppa\/trail-running\/sveitsi\/interlaken\/","name":"Interlaken 2024 - Jussi Haikka","isPartOf":{"@id":"https:\/\/www.jussihaikka.com\/fi\/#website"},"primaryImageOfPage":{"@id":"https:\/\/www.jussihaikka.com\/fi\/verkkokauppa\/trail-running\/sveitsi\/interlaken\/#primaryimage"},"image":{"@id":"https:\/\/www.jussihaikka.com\/fi\/verkkokauppa\/trail-running\/sveitsi\/interlaken\/#primaryimage"},"thumbnailUrl":"https:\/\/www.jussihaikka.fi\/fi\/wp-content\/uploads\/2023\/08\/shutterstock_714840958_713884516611-scaled.jpg","datePublished":"2023-07-28T00:47:57+00:00","dateModified":"2024-03-10T22:53:34+00:00","breadcrumb":{"@id":"https:\/\/www.jussihaikka.com\/fi\/verkkokauppa\/trail-running\/sveitsi\/interlaken\/#breadcrumb"},"inLanguage":"fi","potentialAction":[{"@type":"ReadAction","target":["https:\/\/www.jussihaikka.com\/fi\/verkkokauppa\/trail-running\/sveitsi\/interlaken\/"]}]},{"@type":"ImageObject","inLanguage":"fi","@id":"https:\/\/www.jussihaikka.com\/fi\/verkkokauppa\/trail-running\/sveitsi\/interlaken\/#primaryimage","url":"https:\/\/www.jussihaikka.fi\/fi\/wp-content\/uploads\/2023\/08\/shutterstock_714840958_713884516611-scaled.jpg","contentUrl":"https:\/\/www.jussihaikka.fi\/fi\/wp-content\/uploads\/2023\/08\/shutterstock_714840958_713884516611-scaled.jpg"},{"@type":"BreadcrumbList","@id":"https:\/\/www.jussihaikka.com\/fi\/verkkokauppa\/trail-running\/sveitsi\/interlaken\/#breadcrumb","itemListElement":[{"@type":"ListItem","position":1,"name":"Etusivu","item":"https:\/\/www.jussihaikka.com\/fi\/"},{"@type":"ListItem","position":2,"name":"Verkkokauppa","item":"https:\/\/www.jussihaikka.com\/fi\/verkkokauppa\/"},{"@type":"ListItem","position":3,"name":"Trail Running","item":"https:\/\/www.jussihaikka.com\/fi\/verkkokauppa\/trail-running\/"},{"@type":"ListItem","position":4,"name":"Trail Running Sveitsiss\u00e4","item":"https:\/\/www.jussihaikka.com\/fi\/verkkokauppa\/trail-running\/sveitsi\/"},{"@type":"ListItem","position":5,"name":"Interlaken 2024"}]},{"@type":"WebSite","@id":"https:\/\/www.jussihaikka.com\/fi\/#website","url":"https:\/\/www.jussihaikka.com\/fi\/","name":"Jussi Haikka","description":"Do Not Fear - Just Believe","potentialAction":[{"@type":"SearchAction","target":{"@type":"EntryPoint","urlTemplate":"https:\/\/www.jussihaikka.com\/fi\/?s={search_term_string}"},"query-input":{"@type":"PropertyValueSpecification","valueRequired":true,"valueName":"search_term_string"}}],"inLanguage":"fi"}]}},"_links":{"self":[{"href":"https:\/\/www.jussihaikka.com\/fi\/wp-json\/wp\/v2\/pages\/5259","targetHints":{"allow":["GET"]}}],"collection":[{"href":"https:\/\/www.jussihaikka.com\/fi\/wp-json\/wp\/v2\/pages"}],"about":[{"href":"https:\/\/www.jussihaikka.com\/fi\/wp-json\/wp\/v2\/types\/page"}],"author":[{"embeddable":true,"href":"https:\/\/www.jussihaikka.com\/fi\/wp-json\/wp\/v2\/users\/4"}],"replies":[{"embeddable":true,"href":"https:\/\/www.jussihaikka.com\/fi\/wp-json\/wp\/v2\/comments?post=5259"}],"version-history":[{"count":29,"href":"https:\/\/www.jussihaikka.com\/fi\/wp-json\/wp\/v2\/pages\/5259\/revisions"}],"predecessor-version":[{"id":9533,"href":"https:\/\/www.jussihaikka.com\/fi\/wp-json\/wp\/v2\/pages\/5259\/revisions\/9533"}],"up":[{"embeddable":true,"href":"https:\/\/www.jussihaikka.com\/fi\/wp-json\/wp\/v2\/pages\/7195"}],"wp:attachment":[{"href":"https:\/\/www.jussihaikka.com\/fi\/wp-json\/wp\/v2\/media?parent=5259"}],"curies":[{"name":"wp","href":"https:\/\/api.w.org\/{rel}","templated":true}]}}