{"id":2651,"date":"2022-03-11T19:43:26","date_gmt":"2022-03-11T17:43:26","guid":{"rendered":"https:\/\/www.jussihaikka.fi\/fi\/?page_id=2651"},"modified":"2024-03-10T19:19:21","modified_gmt":"2024-03-10T17:19:21","slug":"liitovarjoilu","status":"publish","type":"page","link":"https:\/\/www.jussihaikka.com\/fi\/vuorikiipeilyharjoittelu\/liitovarjoilu\/","title":{"rendered":"Liitovarjoilu"},"content":{"rendered":"<h1>Alpinismin tulevaisuus<\/h1>\n<h3>Kirjoitan artikkeleita vuorikiipeilyharjoittelusta vuosina 2024 &#8211; 2028<\/h3>\n<p>Vuonna 2021 kirjoitin erilaisista vuorikiipeilytyyleist\u00e4: Vuorikiipeilyn kultainen aikakausi on ollut huiputettaessa vuoria ensimm\u00e4ist\u00e4 kertaa, nyt on vuorikiipeily erilaisilla vuorikiipeilytyyleill\u00e4 ja vuorikiipeilyn nopeusenn\u00e4tykset ovat tulossa. Vuorikiipeilyn kultaisen aikakauden (Euroopassa 1800-luku) tavoitteena oli kiivet\u00e4 vuoren huipulle ensimm\u00e4isen\u00e4, kuten Edmund Hillary ja Norgay Tenzing tekiv\u00e4t Mount Everestill\u00e4. Style-aikakauden tavoitteena on tehd\u00e4 hienoja juttuja vuoristossa, uusia reittej\u00e4, kes\u00e4ll\u00e4 ja talvella, suksilla ja liitovarjolla sek\u00e4 vuorikiipeill\u00e4 meren rannasta koko matka vuoren huipulle. Vuorikiipeilyn tulevan Mountain Sport-aikakauden tavoitteena on aika ja nopeusenn\u00e4tykset.<\/p>\n<p>Vuorikiipeilij\u00e4t kiipe\u00e4v\u00e4t koko ajan nopeammin ja tekev\u00e4t upeita vuoristovideoita, joka antaa suunnan vuorikiipeilyn Future Style -tyylille. Nopein tapa vuorikiipeilyn j\u00e4lkeen palata vuoren huipulta alas on k\u00e4ytt\u00e4\u00e4 liitovarjoa. Kevyimm\u00e4t liitovarjot painavat vain 1000 grammaa, ja valjaat p\u00e4\u00e4lle, joten voit vuorikiipeill\u00e4 huipulle ja liit\u00e4\u00e4 alas laaksoon. Se on nopea tapa palata Alppi-kyl\u00e4\u00e4n tai Himalajan perusleiriin, joka tarjoaa paljon mahdollisuuksia yhteisty\u00f6kumppaneille, vuoristovideokuvaamiseen ja sosiaalisen median n\u00e4kyvyyteen lyhytvideoina.<\/p>\n<h2>Vuorikiipeillen yl\u00f6s ja varjolla liit\u00e4en alas<\/h2>\n<p>Climb and Fly &#8211; jota kutsun tulevaisuuden alppinismiksi, on haastavaa, koska on opittava paljon uusia taitoja vuorikiipeilyn lis\u00e4ksi. Alppiymp\u00e4rist\u00f6 vaatii useita erilaisia \u200b\u200btaitoja ja pitk\u00e4\u00e4 kokemusta, jotta voi liikkua vuorilla kevyesti ja nopeasti yhden y\u00f6n yli. Vuorikiipeilyn lis\u00e4ksi on opittava lent\u00e4m\u00e4\u00e4n taivaalla. Liitovarjoilussa vuorilla on opittava 3 &#8211; 5 vaikeaa taitoa. Aluksi kiipe\u00e4minen painavamman liitovarjon kanssa on raskasta Alpeilla. Toinen ja ehk\u00e4 suurin haaste liitovarjoilussa on lentoonl\u00e4ht\u00f6 vuoren huipulta. Myrskyinen s\u00e4\u00e4, lyhyt juoksumatka vuoren rinteell\u00e4, vuorikiipeilyvarusteiden tuoma lis\u00e4paino ja lennon alku on varmasti eritt\u00e4in vaikeaa. Kolmas haaste, varsinkin talvella ja Himalajalla, on liitovarjon ohjaaminen j\u00e4ttikokoisilla 8000 metrin talvirukkasilla. Liitovarjoilussa talviolosuhteissa ohjaaminen on vaikeaa ja sormet voivat j\u00e4\u00e4ty\u00e4. Onneksi nyky\u00e4\u00e4n on olemassa s\u00e4hk\u00f6iset varpaiden ja sormien l\u00e4mmittimet, mutta kaikki pit\u00e4\u00e4 kantaa yl\u00f6s vuorelle. Nelj\u00e4s suuri haaste liitovarjoilussa on l\u00f6yt\u00e4\u00e4 sopiva, riitt\u00e4v\u00e4n tasainen laskeutumispaikka vuoristossa. Vuoristossa tuuliolosuhteet muuttuvat jatkuvasti ja vuorelle yl\u00f6s l\u00e4htiess\u00e4 ei tied\u00e4 millainen lentos\u00e4\u00e4 on alas tullessa. Taivaalla saattaa olla paljon pilvi\u00e4 ja huono n\u00e4kyvyys tai liian tuulinen s\u00e4\u00e4. Tarvittaessa lento pit\u00e4\u00e4 perua ja vuorikiipeill\u00e4 alas, joka kest\u00e4\u00e4 kauemmin, vaatii lis\u00e4\u00e4 energiaa, ja mahdollisesti teltan ja muita varusteita. Toisin sanoen liitovarjoilu saattaa olla mahdollista vain Fast and Light -vuorikiipeilytyylill\u00e4, joka sis\u00e4lt\u00e4\u00e4 enemm\u00e4n mahdollisuuksia ja riskej\u00e4.<\/p>\n<p>Copyright Jussi Haikka 2023<\/p>\n","protected":false},"excerpt":{"rendered":"<p>Alpinismin tulevaisuus Kirjoitan artikkeleita vuorikiipeilyharjoittelusta vuosina 2024 &#8211; 2028 Vuonna 2021 kirjoitin erilaisista vuorikiipeilytyyleist\u00e4: Vuorikiipeilyn kultainen aikakausi on ollut huiputettaessa vuoria ensimm\u00e4ist\u00e4 kertaa, nyt on vuorikiipeily erilaisilla vuorikiipeilytyyleill\u00e4 ja vuorikiipeilyn &#8230;<\/p>\n","protected":false},"author":4,"featured_media":0,"parent":2275,"menu_order":0,"comment_status":"closed","ping_status":"closed","template":"","meta":{"footnotes":""},"class_list":["post-2651","page","type-page","status-publish","hentry"],"yoast_head":"<!-- This site is optimized with the Yoast SEO plugin v27.5 - https:\/\/yoast.com\/product\/yoast-seo-wordpress\/ -->\n<title>Liitovarjoilu - Jussi Haikka<\/title>\n<meta name=\"robots\" content=\"index, follow, max-snippet:-1, max-image-preview:large, max-video-preview:-1\" \/>\n<link rel=\"canonical\" href=\"https:\/\/www.jussihaikka.com\/fi\/vuorikiipeilyharjoittelu\/liitovarjoilu\/\" \/>\n<meta property=\"og:locale\" content=\"fi_FI\" \/>\n<meta property=\"og:type\" content=\"article\" \/>\n<meta property=\"og:title\" content=\"Liitovarjoilu - Jussi Haikka\" \/>\n<meta property=\"og:description\" content=\"Alpinismin tulevaisuus Kirjoitan artikkeleita vuorikiipeilyharjoittelusta vuosina 2024 &#8211; 2028 Vuonna 2021 kirjoitin erilaisista vuorikiipeilytyyleist\u00e4: Vuorikiipeilyn kultainen aikakausi on ollut huiputettaessa vuoria ensimm\u00e4ist\u00e4 kertaa, nyt on vuorikiipeily erilaisilla vuorikiipeilytyyleill\u00e4 ja vuorikiipeilyn ...\" \/>\n<meta property=\"og:url\" content=\"https:\/\/www.jussihaikka.com\/fi\/vuorikiipeilyharjoittelu\/liitovarjoilu\/\" \/>\n<meta property=\"og:site_name\" content=\"Jussi Haikka\" \/>\n<meta property=\"article:modified_time\" content=\"2024-03-10T17:19:21+00:00\" \/>\n<meta name=\"twitter:card\" content=\"summary_large_image\" \/>\n<meta name=\"twitter:label1\" content=\"Arvioitu lukuaika\" \/>\n\t<meta name=\"twitter:data1\" content=\"3 minuuttia\" \/>\n<script type=\"application\/ld+json\" class=\"yoast-schema-graph\">{\"@context\":\"https:\\\/\\\/schema.org\",\"@graph\":[{\"@type\":\"WebPage\",\"@id\":\"https:\\\/\\\/www.jussihaikka.com\\\/fi\\\/vuorikiipeilyharjoittelu\\\/liitovarjoilu\\\/\",\"url\":\"https:\\\/\\\/www.jussihaikka.com\\\/fi\\\/vuorikiipeilyharjoittelu\\\/liitovarjoilu\\\/\",\"name\":\"Liitovarjoilu - Jussi Haikka\",\"isPartOf\":{\"@id\":\"https:\\\/\\\/www.jussihaikka.com\\\/fi\\\/#website\"},\"datePublished\":\"2022-03-11T17:43:26+00:00\",\"dateModified\":\"2024-03-10T17:19:21+00:00\",\"breadcrumb\":{\"@id\":\"https:\\\/\\\/www.jussihaikka.com\\\/fi\\\/vuorikiipeilyharjoittelu\\\/liitovarjoilu\\\/#breadcrumb\"},\"inLanguage\":\"fi\",\"potentialAction\":[{\"@type\":\"ReadAction\",\"target\":[\"https:\\\/\\\/www.jussihaikka.com\\\/fi\\\/vuorikiipeilyharjoittelu\\\/liitovarjoilu\\\/\"]}]},{\"@type\":\"BreadcrumbList\",\"@id\":\"https:\\\/\\\/www.jussihaikka.com\\\/fi\\\/vuorikiipeilyharjoittelu\\\/liitovarjoilu\\\/#breadcrumb\",\"itemListElement\":[{\"@type\":\"ListItem\",\"position\":1,\"name\":\"Etusivu\",\"item\":\"https:\\\/\\\/www.jussihaikka.com\\\/fi\\\/\"},{\"@type\":\"ListItem\",\"position\":2,\"name\":\"Vuorikiipeilyharjoittelu\",\"item\":\"https:\\\/\\\/www.jussihaikka.com\\\/fi\\\/vuorikiipeilyharjoittelu\\\/\"},{\"@type\":\"ListItem\",\"position\":3,\"name\":\"Liitovarjoilu\"}]},{\"@type\":\"WebSite\",\"@id\":\"https:\\\/\\\/www.jussihaikka.com\\\/fi\\\/#website\",\"url\":\"https:\\\/\\\/www.jussihaikka.com\\\/fi\\\/\",\"name\":\"Jussi Haikka\",\"description\":\"Do Not Fear - Just Believe\",\"potentialAction\":[{\"@type\":\"SearchAction\",\"target\":{\"@type\":\"EntryPoint\",\"urlTemplate\":\"https:\\\/\\\/www.jussihaikka.com\\\/fi\\\/?s={search_term_string}\"},\"query-input\":{\"@type\":\"PropertyValueSpecification\",\"valueRequired\":true,\"valueName\":\"search_term_string\"}}],\"inLanguage\":\"fi\"}]}<\/script>\n<!-- \/ Yoast SEO plugin. -->","yoast_head_json":{"title":"Liitovarjoilu - Jussi Haikka","robots":{"index":"index","follow":"follow","max-snippet":"max-snippet:-1","max-image-preview":"max-image-preview:large","max-video-preview":"max-video-preview:-1"},"canonical":"https:\/\/www.jussihaikka.com\/fi\/vuorikiipeilyharjoittelu\/liitovarjoilu\/","og_locale":"fi_FI","og_type":"article","og_title":"Liitovarjoilu - Jussi Haikka","og_description":"Alpinismin tulevaisuus Kirjoitan artikkeleita vuorikiipeilyharjoittelusta vuosina 2024 &#8211; 2028 Vuonna 2021 kirjoitin erilaisista vuorikiipeilytyyleist\u00e4: Vuorikiipeilyn kultainen aikakausi on ollut huiputettaessa vuoria ensimm\u00e4ist\u00e4 kertaa, nyt on vuorikiipeily erilaisilla vuorikiipeilytyyleill\u00e4 ja vuorikiipeilyn ...","og_url":"https:\/\/www.jussihaikka.com\/fi\/vuorikiipeilyharjoittelu\/liitovarjoilu\/","og_site_name":"Jussi Haikka","article_modified_time":"2024-03-10T17:19:21+00:00","twitter_card":"summary_large_image","twitter_misc":{"Arvioitu lukuaika":"3 minuuttia"},"schema":{"@context":"https:\/\/schema.org","@graph":[{"@type":"WebPage","@id":"https:\/\/www.jussihaikka.com\/fi\/vuorikiipeilyharjoittelu\/liitovarjoilu\/","url":"https:\/\/www.jussihaikka.com\/fi\/vuorikiipeilyharjoittelu\/liitovarjoilu\/","name":"Liitovarjoilu - Jussi Haikka","isPartOf":{"@id":"https:\/\/www.jussihaikka.com\/fi\/#website"},"datePublished":"2022-03-11T17:43:26+00:00","dateModified":"2024-03-10T17:19:21+00:00","breadcrumb":{"@id":"https:\/\/www.jussihaikka.com\/fi\/vuorikiipeilyharjoittelu\/liitovarjoilu\/#breadcrumb"},"inLanguage":"fi","potentialAction":[{"@type":"ReadAction","target":["https:\/\/www.jussihaikka.com\/fi\/vuorikiipeilyharjoittelu\/liitovarjoilu\/"]}]},{"@type":"BreadcrumbList","@id":"https:\/\/www.jussihaikka.com\/fi\/vuorikiipeilyharjoittelu\/liitovarjoilu\/#breadcrumb","itemListElement":[{"@type":"ListItem","position":1,"name":"Etusivu","item":"https:\/\/www.jussihaikka.com\/fi\/"},{"@type":"ListItem","position":2,"name":"Vuorikiipeilyharjoittelu","item":"https:\/\/www.jussihaikka.com\/fi\/vuorikiipeilyharjoittelu\/"},{"@type":"ListItem","position":3,"name":"Liitovarjoilu"}]},{"@type":"WebSite","@id":"https:\/\/www.jussihaikka.com\/fi\/#website","url":"https:\/\/www.jussihaikka.com\/fi\/","name":"Jussi Haikka","description":"Do Not Fear - Just Believe","potentialAction":[{"@type":"SearchAction","target":{"@type":"EntryPoint","urlTemplate":"https:\/\/www.jussihaikka.com\/fi\/?s={search_term_string}"},"query-input":{"@type":"PropertyValueSpecification","valueRequired":true,"valueName":"search_term_string"}}],"inLanguage":"fi"}]}},"_links":{"self":[{"href":"https:\/\/www.jussihaikka.com\/fi\/wp-json\/wp\/v2\/pages\/2651","targetHints":{"allow":["GET"]}}],"collection":[{"href":"https:\/\/www.jussihaikka.com\/fi\/wp-json\/wp\/v2\/pages"}],"about":[{"href":"https:\/\/www.jussihaikka.com\/fi\/wp-json\/wp\/v2\/types\/page"}],"author":[{"embeddable":true,"href":"https:\/\/www.jussihaikka.com\/fi\/wp-json\/wp\/v2\/users\/4"}],"replies":[{"embeddable":true,"href":"https:\/\/www.jussihaikka.com\/fi\/wp-json\/wp\/v2\/comments?post=2651"}],"version-history":[{"count":19,"href":"https:\/\/www.jussihaikka.com\/fi\/wp-json\/wp\/v2\/pages\/2651\/revisions"}],"predecessor-version":[{"id":9465,"href":"https:\/\/www.jussihaikka.com\/fi\/wp-json\/wp\/v2\/pages\/2651\/revisions\/9465"}],"up":[{"embeddable":true,"href":"https:\/\/www.jussihaikka.com\/fi\/wp-json\/wp\/v2\/pages\/2275"}],"wp:attachment":[{"href":"https:\/\/www.jussihaikka.com\/fi\/wp-json\/wp\/v2\/media?parent=2651"}],"curies":[{"name":"wp","href":"https:\/\/api.w.org\/{rel}","templated":true}]}}