{"id":2281,"date":"2022-03-11T14:15:23","date_gmt":"2022-03-11T12:15:23","guid":{"rendered":"https:\/\/www.jussihaikka.fi\/fi\/?page_id=2281"},"modified":"2024-03-10T17:08:57","modified_gmt":"2024-03-10T15:08:57","slug":"saaikkuna","status":"publish","type":"page","link":"https:\/\/www.jussihaikka.com\/fi\/himalaja\/sea-to-summit-suunnittelu\/saaikkuna\/","title":{"rendered":"Vuoristos\u00e4\u00e4 ja s\u00e4\u00e4ikkuna"},"content":{"rendered":"<h1>Vuoristos\u00e4\u00e4 Himalajalla<\/h1>\n<h4>Kirjoitan artikkelin Himalajan vuoristos\u00e4\u00e4st\u00e4 valmiiksi, kun valmistaudun seuraavaan vuorikiipeilyyn.<\/h4>\n<p>&nbsp;<\/p>\n<p>&nbsp;<\/p>\n<p>&nbsp;<\/p>\n<h2>Talvi ja huippuvirtaukset Himalajalla<\/h2>\n<p>-60 C pakkasvaikutus on liian kylm\u00e4 ihmiselle<\/p>\n<p>JetStreamit<\/p>\n<p>Chill<\/p>\n<p>Huhtikuussa on liian kylm\u00e4\u00e4 huiputtaa<\/p>\n<h2>Monsuunikausi ja lumivy\u00f6ryt Himalajalla<\/h2>\n<p>Monsuunikausi tulee etel\u00e4st\u00e4<\/p>\n<p>Ensin Nepaliin, sitten Kiinaan ja Pakistaniin<\/p>\n<p>Vesi sataa lumena ja p\u00e4\u00e4tt\u00e4\u00e4 vuorikiipeilykauden<\/p>\n<p>Fiilis, kun nelj\u00e4ss\u00e4 tunnissa sataa metri lunta<\/p>\n<h2>4 &#8211; 11 p\u00e4iv\u00e4n s\u00e4\u00e4ikkuna<\/h2>\n<p>Talven vaihtuessa kes\u00e4ksi v\u00e4liin aukeaa 4 &#8211; 11 p\u00e4iv\u00e4n s\u00e4\u00e4ikkuna<\/p>\n<p>Tilastojen mukaan 23. huhtikuuta on huiputukselle\u00a0paras<\/p>\n<p>Valmius huiputukseen 10. toukokuuta<\/p>\n<h3>Vuoristos\u00e4\u00e4n ennustamisj\u00e4rjestelm\u00e4<\/h3>\n<p>Vuoristos\u00e4\u00e4<\/p>\n<p>Viestij\u00e4rjestelm\u00e4<\/p>\n<p>S\u00e4\u00e4palvelu<\/p>\n<h2>1. Huippuvirtaukset<\/h2>\n<p>&nbsp;<\/p>\n<h3>Talvi vaihtuu Himalajalla monsuunikaudeksi<\/h3>\n<p>&nbsp;<\/p>\n<h3>Chill &#8211; Pakkasvaikutus<\/h3>\n<p>Temperature &#8211; Pakkanen<\/p>\n<p>Wind &#8211; Tuuli<\/p>\n<h3>Kylm\u00e4lt\u00e4 JetStreamilta suojautuminen<\/h3>\n<p>Liikkeess\u00e4 pysyminen<\/p>\n<p>Keitt\u00e4minen teltassa<\/p>\n<p>Modulaarinen 6L-kerrospukeutuminen<\/p>\n<p>Arktiset selviytymistaidot<\/p>\n<h2>2. Lumimyrskyt Himalajalla<\/h2>\n<h3>Kerron my\u00f6hemmin kaksi selviytymistarinaani Himalajan lumimyrskyiss\u00e4<\/h3>\n<figure id=\"attachment_4561\" aria-describedby=\"caption-attachment-4561\" style=\"width: 1024px\" class=\"wp-caption aligncenter\"><img loading=\"lazy\" decoding=\"async\" class=\"wp-image-4561 size-full\" src=\"https:\/\/www.jussihaikka.com\/wp-content\/uploads\/2022\/08\/UNADJUSTEDNONRAW_thumb_144d.jpg\" alt=\"\" width=\"1024\" height=\"768\" srcset=\"https:\/\/www.jussihaikka.com\/fi\/wp-content\/uploads\/2022\/08\/UNADJUSTEDNONRAW_thumb_144d.jpg 1024w, https:\/\/www.jussihaikka.com\/fi\/wp-content\/uploads\/2022\/08\/UNADJUSTEDNONRAW_thumb_144d-300x225.jpg 300w, https:\/\/www.jussihaikka.com\/fi\/wp-content\/uploads\/2022\/08\/UNADJUSTEDNONRAW_thumb_144d-768x576.jpg 768w\" sizes=\"auto, (max-width: 1024px) 100vw, 1024px\" \/><figcaption id=\"caption-attachment-4561\" class=\"wp-caption-text\"><strong>Mahdoton kiivet\u00e4 alas.<\/strong> Iso lumimyrsky 7100 m korkeudessa Mount Everestill\u00e4, Lhotse Wall, 45 asteisella vuoren sein\u00e4ll\u00e4.<\/figcaption><\/figure>\n<p>&nbsp;<\/p>\n<figure id=\"attachment_4567\" aria-describedby=\"caption-attachment-4567\" style=\"width: 1024px\" class=\"wp-caption aligncenter\"><img loading=\"lazy\" decoding=\"async\" class=\"wp-image-4567 size-full\" src=\"https:\/\/www.jussihaikka.com\/wp-content\/uploads\/2022\/08\/UNADJUSTEDNONRAW_thumb_1447.jpg\" alt=\"\" width=\"1024\" height=\"768\" srcset=\"https:\/\/www.jussihaikka.com\/fi\/wp-content\/uploads\/2022\/08\/UNADJUSTEDNONRAW_thumb_1447.jpg 1024w, https:\/\/www.jussihaikka.com\/fi\/wp-content\/uploads\/2022\/08\/UNADJUSTEDNONRAW_thumb_1447-300x225.jpg 300w, https:\/\/www.jussihaikka.com\/fi\/wp-content\/uploads\/2022\/08\/UNADJUSTEDNONRAW_thumb_1447-768x576.jpg 768w\" sizes=\"auto, (max-width: 1024px) 100vw, 1024px\" \/><figcaption id=\"caption-attachment-4567\" class=\"wp-caption-text\"><strong>Kuva lumimyrskyn keskelt\u00e4 kertoo selviytymisest\u00e4<\/strong> 1) K\u00e4ytin retkikeitint\u00e4 teltan sis\u00e4ll\u00e4, koska yritin l\u00e4mmitt\u00e4\u00e4 telttaa myrskyn keskell\u00e4 (\u00c4l\u00e4 yrit\u00e4 kotona (!!), koska vaarana on kuolla h\u00e4k\u00e4myrkytykseen), 2) Teltan ikkunat ovat suljettuja, koska ulkona riehuu Iso Himalajan lumimyrsky, 3) Olen erist\u00e4nyt vuoristoteltan sein\u00e4n extra makuualustoilla kylm\u00e4n tuulen takia, 4) GoPro ei ottanut videoita, koska pakkanen oli liian kylm\u00e4 GoPro:lle (!!), 5) Olen juuri tullut telttaan sis\u00e4lle, koska en ole viel\u00e4 makuupussin sis\u00e4ll\u00e4. Minulla oli kuusikerrosta vaatteita ja makuupussi sek\u00e4 20 k\u00e4si- ja jalkal\u00e4mmitint\u00e4.<\/figcaption><\/figure>\n<p>&nbsp;<\/p>\n<figure id=\"attachment_4552\" aria-describedby=\"caption-attachment-4552\" style=\"width: 1024px\" class=\"wp-caption aligncenter\"><img loading=\"lazy\" decoding=\"async\" class=\"wp-image-4552 size-full\" src=\"https:\/\/www.jussihaikka.com\/wp-content\/uploads\/2022\/08\/3iBDCngKQFqU8gOfjsyz9g_thumb_144f.jpg\" alt=\"\" width=\"1024\" height=\"768\" srcset=\"https:\/\/www.jussihaikka.com\/fi\/wp-content\/uploads\/2022\/08\/3iBDCngKQFqU8gOfjsyz9g_thumb_144f.jpg 1024w, https:\/\/www.jussihaikka.com\/fi\/wp-content\/uploads\/2022\/08\/3iBDCngKQFqU8gOfjsyz9g_thumb_144f-300x225.jpg 300w, https:\/\/www.jussihaikka.com\/fi\/wp-content\/uploads\/2022\/08\/3iBDCngKQFqU8gOfjsyz9g_thumb_144f-768x576.jpg 768w\" sizes=\"auto, (max-width: 1024px) 100vw, 1024px\" \/><figcaption id=\"caption-attachment-4552\" class=\"wp-caption-text\"><strong>Arktiset selviytymistaidot <\/strong>ovat Himalajalla ratkaisevia. Keskell\u00e4 lumimyrsky\u00e4 7100 m korkeudessa rakensin lumiluolan ja pelastauduin 4 metriseen luolaan.<\/figcaption><\/figure>\n<h2>3. Lumisateet ja lumivy\u00f6ryt<\/h2>\n<h3>Lumivy\u00f6ryt Himalajalla ovat isoja<\/h3>\n<p>Jos koko rinne vy\u00f6ryy, niin se on Game Over &#8211; my\u00f6s omakotitalot j\u00e4isiv\u00e4t alle<\/p>\n<p>Vanhojen j\u00e4lkien perusteella voi arvioida tulevaa<\/p>\n<p>Lumivy\u00f6ryj\u00e4 laukaisevat tekij\u00e4t<\/p>\n<p>Death Zonet<\/p>\n<h3>Strategisia valintoja<\/h3>\n<p>Aina voi j\u00e4\u00e4d\u00e4 kotiin<\/p>\n<p>Lumisateen j\u00e4lkeen pit\u00e4\u00e4 odottaa 2 &#8211; 3 p\u00e4iv\u00e4\u00e4 ennen liikkumista<\/p>\n<p>Monsuunikausi p\u00e4\u00e4tt\u00e4\u00e4 vuorikiipeilykauden Himalajalla<\/p>\n","protected":false},"excerpt":{"rendered":"<p>Vuoristos\u00e4\u00e4 Himalajalla Kirjoitan artikkelin Himalajan vuoristos\u00e4\u00e4st\u00e4 valmiiksi, kun valmistaudun seuraavaan vuorikiipeilyyn. &nbsp; &nbsp; &nbsp; Talvi ja huippuvirtaukset Himalajalla -60 C pakkasvaikutus on liian kylm\u00e4 ihmiselle JetStreamit Chill Huhtikuussa on liian &#8230;<\/p>\n","protected":false},"author":4,"featured_media":0,"parent":5055,"menu_order":0,"comment_status":"closed","ping_status":"closed","template":"","meta":{"footnotes":""},"class_list":["post-2281","page","type-page","status-publish","hentry"],"yoast_head":"<!-- This site is optimized with the Yoast SEO plugin v27.4 - https:\/\/yoast.com\/product\/yoast-seo-wordpress\/ -->\n<title>Vuoristos\u00e4\u00e4 ja s\u00e4\u00e4ikkuna - Jussi Haikka<\/title>\n<meta name=\"robots\" content=\"index, follow, max-snippet:-1, max-image-preview:large, max-video-preview:-1\" \/>\n<link rel=\"canonical\" href=\"https:\/\/www.jussihaikka.com\/fi\/himalaja\/sea-to-summit-suunnittelu\/saaikkuna\/\" \/>\n<meta property=\"og:locale\" content=\"fi_FI\" \/>\n<meta property=\"og:type\" content=\"article\" \/>\n<meta property=\"og:title\" content=\"Vuoristos\u00e4\u00e4 ja s\u00e4\u00e4ikkuna - Jussi Haikka\" \/>\n<meta property=\"og:description\" content=\"Vuoristos\u00e4\u00e4 Himalajalla Kirjoitan artikkelin Himalajan vuoristos\u00e4\u00e4st\u00e4 valmiiksi, kun valmistaudun seuraavaan vuorikiipeilyyn. &nbsp; &nbsp; &nbsp; Talvi ja huippuvirtaukset Himalajalla -60 C pakkasvaikutus on liian kylm\u00e4 ihmiselle JetStreamit Chill Huhtikuussa on liian ...\" \/>\n<meta property=\"og:url\" content=\"https:\/\/www.jussihaikka.com\/fi\/himalaja\/sea-to-summit-suunnittelu\/saaikkuna\/\" \/>\n<meta property=\"og:site_name\" content=\"Jussi Haikka\" \/>\n<meta property=\"article:modified_time\" content=\"2024-03-10T15:08:57+00:00\" \/>\n<meta property=\"og:image\" content=\"https:\/\/www.jussihaikka.com\/wp-content\/uploads\/2022\/08\/UNADJUSTEDNONRAW_thumb_144d.jpg\" \/>\n<meta name=\"twitter:card\" content=\"summary_large_image\" \/>\n<meta name=\"twitter:label1\" content=\"Arvioitu lukuaika\" \/>\n\t<meta name=\"twitter:data1\" content=\"3 minuuttia\" \/>\n<script type=\"application\/ld+json\" class=\"yoast-schema-graph\">{\"@context\":\"https:\\\/\\\/schema.org\",\"@graph\":[{\"@type\":\"WebPage\",\"@id\":\"https:\\\/\\\/www.jussihaikka.com\\\/fi\\\/himalaja\\\/sea-to-summit-suunnittelu\\\/saaikkuna\\\/\",\"url\":\"https:\\\/\\\/www.jussihaikka.com\\\/fi\\\/himalaja\\\/sea-to-summit-suunnittelu\\\/saaikkuna\\\/\",\"name\":\"Vuoristos\u00e4\u00e4 ja s\u00e4\u00e4ikkuna - Jussi Haikka\",\"isPartOf\":{\"@id\":\"https:\\\/\\\/www.jussihaikka.com\\\/fi\\\/#website\"},\"primaryImageOfPage\":{\"@id\":\"https:\\\/\\\/www.jussihaikka.com\\\/fi\\\/himalaja\\\/sea-to-summit-suunnittelu\\\/saaikkuna\\\/#primaryimage\"},\"image\":{\"@id\":\"https:\\\/\\\/www.jussihaikka.com\\\/fi\\\/himalaja\\\/sea-to-summit-suunnittelu\\\/saaikkuna\\\/#primaryimage\"},\"thumbnailUrl\":\"https:\\\/\\\/www.jussihaikka.com\\\/wp-content\\\/uploads\\\/2022\\\/08\\\/UNADJUSTEDNONRAW_thumb_144d.jpg\",\"datePublished\":\"2022-03-11T12:15:23+00:00\",\"dateModified\":\"2024-03-10T15:08:57+00:00\",\"breadcrumb\":{\"@id\":\"https:\\\/\\\/www.jussihaikka.com\\\/fi\\\/himalaja\\\/sea-to-summit-suunnittelu\\\/saaikkuna\\\/#breadcrumb\"},\"inLanguage\":\"fi\",\"potentialAction\":[{\"@type\":\"ReadAction\",\"target\":[\"https:\\\/\\\/www.jussihaikka.com\\\/fi\\\/himalaja\\\/sea-to-summit-suunnittelu\\\/saaikkuna\\\/\"]}]},{\"@type\":\"ImageObject\",\"inLanguage\":\"fi\",\"@id\":\"https:\\\/\\\/www.jussihaikka.com\\\/fi\\\/himalaja\\\/sea-to-summit-suunnittelu\\\/saaikkuna\\\/#primaryimage\",\"url\":\"https:\\\/\\\/www.jussihaikka.com\\\/wp-content\\\/uploads\\\/2022\\\/08\\\/UNADJUSTEDNONRAW_thumb_144d.jpg\",\"contentUrl\":\"https:\\\/\\\/www.jussihaikka.com\\\/wp-content\\\/uploads\\\/2022\\\/08\\\/UNADJUSTEDNONRAW_thumb_144d.jpg\"},{\"@type\":\"BreadcrumbList\",\"@id\":\"https:\\\/\\\/www.jussihaikka.com\\\/fi\\\/himalaja\\\/sea-to-summit-suunnittelu\\\/saaikkuna\\\/#breadcrumb\",\"itemListElement\":[{\"@type\":\"ListItem\",\"position\":1,\"name\":\"Etusivu\",\"item\":\"https:\\\/\\\/www.jussihaikka.com\\\/fi\\\/\"},{\"@type\":\"ListItem\",\"position\":2,\"name\":\"Himalaja\",\"item\":\"https:\\\/\\\/www.jussihaikka.com\\\/fi\\\/himalaja\\\/\"},{\"@type\":\"ListItem\",\"position\":3,\"name\":\"Retkikunnan suunnittelu vuodelle 2027 &#8211; 2028\",\"item\":\"https:\\\/\\\/www.jussihaikka.com\\\/fi\\\/himalaja\\\/sea-to-summit-suunnittelu\\\/\"},{\"@type\":\"ListItem\",\"position\":4,\"name\":\"Vuoristos\u00e4\u00e4 ja s\u00e4\u00e4ikkuna\"}]},{\"@type\":\"WebSite\",\"@id\":\"https:\\\/\\\/www.jussihaikka.com\\\/fi\\\/#website\",\"url\":\"https:\\\/\\\/www.jussihaikka.com\\\/fi\\\/\",\"name\":\"Jussi Haikka\",\"description\":\"Do Not Fear - Just Believe\",\"potentialAction\":[{\"@type\":\"SearchAction\",\"target\":{\"@type\":\"EntryPoint\",\"urlTemplate\":\"https:\\\/\\\/www.jussihaikka.com\\\/fi\\\/?s={search_term_string}\"},\"query-input\":{\"@type\":\"PropertyValueSpecification\",\"valueRequired\":true,\"valueName\":\"search_term_string\"}}],\"inLanguage\":\"fi\"}]}<\/script>\n<!-- \/ Yoast SEO plugin. -->","yoast_head_json":{"title":"Vuoristos\u00e4\u00e4 ja s\u00e4\u00e4ikkuna - Jussi Haikka","robots":{"index":"index","follow":"follow","max-snippet":"max-snippet:-1","max-image-preview":"max-image-preview:large","max-video-preview":"max-video-preview:-1"},"canonical":"https:\/\/www.jussihaikka.com\/fi\/himalaja\/sea-to-summit-suunnittelu\/saaikkuna\/","og_locale":"fi_FI","og_type":"article","og_title":"Vuoristos\u00e4\u00e4 ja s\u00e4\u00e4ikkuna - Jussi Haikka","og_description":"Vuoristos\u00e4\u00e4 Himalajalla Kirjoitan artikkelin Himalajan vuoristos\u00e4\u00e4st\u00e4 valmiiksi, kun valmistaudun seuraavaan vuorikiipeilyyn. &nbsp; &nbsp; &nbsp; Talvi ja huippuvirtaukset Himalajalla -60 C pakkasvaikutus on liian kylm\u00e4 ihmiselle JetStreamit Chill Huhtikuussa on liian ...","og_url":"https:\/\/www.jussihaikka.com\/fi\/himalaja\/sea-to-summit-suunnittelu\/saaikkuna\/","og_site_name":"Jussi Haikka","article_modified_time":"2024-03-10T15:08:57+00:00","og_image":[{"url":"https:\/\/www.jussihaikka.com\/wp-content\/uploads\/2022\/08\/UNADJUSTEDNONRAW_thumb_144d.jpg","type":"","width":"","height":""}],"twitter_card":"summary_large_image","twitter_misc":{"Arvioitu lukuaika":"3 minuuttia"},"schema":{"@context":"https:\/\/schema.org","@graph":[{"@type":"WebPage","@id":"https:\/\/www.jussihaikka.com\/fi\/himalaja\/sea-to-summit-suunnittelu\/saaikkuna\/","url":"https:\/\/www.jussihaikka.com\/fi\/himalaja\/sea-to-summit-suunnittelu\/saaikkuna\/","name":"Vuoristos\u00e4\u00e4 ja s\u00e4\u00e4ikkuna - Jussi Haikka","isPartOf":{"@id":"https:\/\/www.jussihaikka.com\/fi\/#website"},"primaryImageOfPage":{"@id":"https:\/\/www.jussihaikka.com\/fi\/himalaja\/sea-to-summit-suunnittelu\/saaikkuna\/#primaryimage"},"image":{"@id":"https:\/\/www.jussihaikka.com\/fi\/himalaja\/sea-to-summit-suunnittelu\/saaikkuna\/#primaryimage"},"thumbnailUrl":"https:\/\/www.jussihaikka.com\/wp-content\/uploads\/2022\/08\/UNADJUSTEDNONRAW_thumb_144d.jpg","datePublished":"2022-03-11T12:15:23+00:00","dateModified":"2024-03-10T15:08:57+00:00","breadcrumb":{"@id":"https:\/\/www.jussihaikka.com\/fi\/himalaja\/sea-to-summit-suunnittelu\/saaikkuna\/#breadcrumb"},"inLanguage":"fi","potentialAction":[{"@type":"ReadAction","target":["https:\/\/www.jussihaikka.com\/fi\/himalaja\/sea-to-summit-suunnittelu\/saaikkuna\/"]}]},{"@type":"ImageObject","inLanguage":"fi","@id":"https:\/\/www.jussihaikka.com\/fi\/himalaja\/sea-to-summit-suunnittelu\/saaikkuna\/#primaryimage","url":"https:\/\/www.jussihaikka.com\/wp-content\/uploads\/2022\/08\/UNADJUSTEDNONRAW_thumb_144d.jpg","contentUrl":"https:\/\/www.jussihaikka.com\/wp-content\/uploads\/2022\/08\/UNADJUSTEDNONRAW_thumb_144d.jpg"},{"@type":"BreadcrumbList","@id":"https:\/\/www.jussihaikka.com\/fi\/himalaja\/sea-to-summit-suunnittelu\/saaikkuna\/#breadcrumb","itemListElement":[{"@type":"ListItem","position":1,"name":"Etusivu","item":"https:\/\/www.jussihaikka.com\/fi\/"},{"@type":"ListItem","position":2,"name":"Himalaja","item":"https:\/\/www.jussihaikka.com\/fi\/himalaja\/"},{"@type":"ListItem","position":3,"name":"Retkikunnan suunnittelu vuodelle 2027 &#8211; 2028","item":"https:\/\/www.jussihaikka.com\/fi\/himalaja\/sea-to-summit-suunnittelu\/"},{"@type":"ListItem","position":4,"name":"Vuoristos\u00e4\u00e4 ja s\u00e4\u00e4ikkuna"}]},{"@type":"WebSite","@id":"https:\/\/www.jussihaikka.com\/fi\/#website","url":"https:\/\/www.jussihaikka.com\/fi\/","name":"Jussi Haikka","description":"Do Not Fear - Just Believe","potentialAction":[{"@type":"SearchAction","target":{"@type":"EntryPoint","urlTemplate":"https:\/\/www.jussihaikka.com\/fi\/?s={search_term_string}"},"query-input":{"@type":"PropertyValueSpecification","valueRequired":true,"valueName":"search_term_string"}}],"inLanguage":"fi"}]}},"_links":{"self":[{"href":"https:\/\/www.jussihaikka.com\/fi\/wp-json\/wp\/v2\/pages\/2281","targetHints":{"allow":["GET"]}}],"collection":[{"href":"https:\/\/www.jussihaikka.com\/fi\/wp-json\/wp\/v2\/pages"}],"about":[{"href":"https:\/\/www.jussihaikka.com\/fi\/wp-json\/wp\/v2\/types\/page"}],"author":[{"embeddable":true,"href":"https:\/\/www.jussihaikka.com\/fi\/wp-json\/wp\/v2\/users\/4"}],"replies":[{"embeddable":true,"href":"https:\/\/www.jussihaikka.com\/fi\/wp-json\/wp\/v2\/comments?post=2281"}],"version-history":[{"count":23,"href":"https:\/\/www.jussihaikka.com\/fi\/wp-json\/wp\/v2\/pages\/2281\/revisions"}],"predecessor-version":[{"id":9442,"href":"https:\/\/www.jussihaikka.com\/fi\/wp-json\/wp\/v2\/pages\/2281\/revisions\/9442"}],"up":[{"embeddable":true,"href":"https:\/\/www.jussihaikka.com\/fi\/wp-json\/wp\/v2\/pages\/5055"}],"wp:attachment":[{"href":"https:\/\/www.jussihaikka.com\/fi\/wp-json\/wp\/v2\/media?parent=2281"}],"curies":[{"name":"wp","href":"https:\/\/api.w.org\/{rel}","templated":true}]}}