{"id":1498,"date":"2021-12-30T12:05:02","date_gmt":"2021-12-30T10:05:02","guid":{"rendered":"https:\/\/www.jussihaikka.fi\/fi\/?page_id=1498"},"modified":"2024-02-08T22:49:55","modified_gmt":"2024-02-08T20:49:55","slug":"ajankohtaista","status":"publish","type":"page","link":"https:\/\/www.jussihaikka.com\/fi\/jussi-haikka\/ajankohtaista\/","title":{"rendered":"Ajankohtaista"},"content":{"rendered":"<h1>Ajankohtaista<\/h1>\n<figure id=\"attachment_2083\" aria-describedby=\"caption-attachment-2083\" style=\"width: 500px\" class=\"wp-caption alignleft\"><img loading=\"lazy\" decoding=\"async\" class=\"wp-image-2083\" src=\"https:\/\/www.jussihaikka.fi\/fi\/wp-content\/uploads\/2022\/01\/ajankohtaista1.jpg\" alt=\"\" width=\"500\" height=\"667\" srcset=\"https:\/\/www.jussihaikka.com\/fi\/wp-content\/uploads\/2022\/01\/ajankohtaista1.jpg 768w, https:\/\/www.jussihaikka.com\/fi\/wp-content\/uploads\/2022\/01\/ajankohtaista1-225x300.jpg 225w\" sizes=\"auto, (max-width: 500px) 100vw, 500px\" \/><figcaption id=\"caption-attachment-2083\" class=\"wp-caption-text\"><strong>Talvitestit Alpeilla puurajan yl\u00e4puolella<\/strong> 2500 metrin korkeudessa ovat ratkaiseva osa selviytymistaitojen kehitt\u00e4misess\u00e4. Tammikuussa 2021 sain hyv\u00e4\u00e4 kokemusta 85 km\/h talvimyrskyss\u00e4. Valokuva on otettu samassa paikassa aurinkoisella s\u00e4\u00e4ll\u00e4.<\/figcaption><\/figure>\n","protected":false},"excerpt":{"rendered":"<p>Ajankohtaista<\/p>\n","protected":false},"author":4,"featured_media":0,"parent":1494,"menu_order":0,"comment_status":"closed","ping_status":"closed","template":"","meta":{"footnotes":""},"class_list":["post-1498","page","type-page","status-publish","hentry"],"yoast_head":"<!-- This site is optimized with the Yoast SEO plugin v27.5 - https:\/\/yoast.com\/product\/yoast-seo-wordpress\/ -->\n<title>Ajankohtaista - Jussi Haikka<\/title>\n<meta name=\"robots\" content=\"index, follow, max-snippet:-1, max-image-preview:large, max-video-preview:-1\" \/>\n<link rel=\"canonical\" href=\"https:\/\/www.jussihaikka.com\/fi\/jussi-haikka\/ajankohtaista\/\" \/>\n<meta property=\"og:locale\" content=\"fi_FI\" \/>\n<meta property=\"og:type\" content=\"article\" \/>\n<meta property=\"og:title\" content=\"Ajankohtaista - Jussi Haikka\" \/>\n<meta property=\"og:description\" content=\"Ajankohtaista\" \/>\n<meta property=\"og:url\" content=\"https:\/\/www.jussihaikka.com\/fi\/jussi-haikka\/ajankohtaista\/\" \/>\n<meta property=\"og:site_name\" content=\"Jussi Haikka\" \/>\n<meta property=\"article:modified_time\" content=\"2024-02-08T20:49:55+00:00\" \/>\n<meta property=\"og:image\" content=\"https:\/\/www.jussihaikka.fi\/fi\/wp-content\/uploads\/2022\/01\/ajankohtaista1.jpg\" \/>\n<meta name=\"twitter:card\" content=\"summary_large_image\" \/>\n<meta name=\"twitter:label1\" content=\"Arvioitu lukuaika\" \/>\n\t<meta name=\"twitter:data1\" content=\"1 minuutti\" \/>\n<script type=\"application\/ld+json\" class=\"yoast-schema-graph\">{\"@context\":\"https:\\\/\\\/schema.org\",\"@graph\":[{\"@type\":\"WebPage\",\"@id\":\"https:\\\/\\\/www.jussihaikka.com\\\/fi\\\/jussi-haikka\\\/ajankohtaista\\\/\",\"url\":\"https:\\\/\\\/www.jussihaikka.com\\\/fi\\\/jussi-haikka\\\/ajankohtaista\\\/\",\"name\":\"Ajankohtaista - Jussi Haikka\",\"isPartOf\":{\"@id\":\"https:\\\/\\\/www.jussihaikka.com\\\/fi\\\/#website\"},\"primaryImageOfPage\":{\"@id\":\"https:\\\/\\\/www.jussihaikka.com\\\/fi\\\/jussi-haikka\\\/ajankohtaista\\\/#primaryimage\"},\"image\":{\"@id\":\"https:\\\/\\\/www.jussihaikka.com\\\/fi\\\/jussi-haikka\\\/ajankohtaista\\\/#primaryimage\"},\"thumbnailUrl\":\"https:\\\/\\\/www.jussihaikka.fi\\\/fi\\\/wp-content\\\/uploads\\\/2022\\\/01\\\/ajankohtaista1.jpg\",\"datePublished\":\"2021-12-30T10:05:02+00:00\",\"dateModified\":\"2024-02-08T20:49:55+00:00\",\"breadcrumb\":{\"@id\":\"https:\\\/\\\/www.jussihaikka.com\\\/fi\\\/jussi-haikka\\\/ajankohtaista\\\/#breadcrumb\"},\"inLanguage\":\"fi\",\"potentialAction\":[{\"@type\":\"ReadAction\",\"target\":[\"https:\\\/\\\/www.jussihaikka.com\\\/fi\\\/jussi-haikka\\\/ajankohtaista\\\/\"]}]},{\"@type\":\"ImageObject\",\"inLanguage\":\"fi\",\"@id\":\"https:\\\/\\\/www.jussihaikka.com\\\/fi\\\/jussi-haikka\\\/ajankohtaista\\\/#primaryimage\",\"url\":\"https:\\\/\\\/www.jussihaikka.fi\\\/fi\\\/wp-content\\\/uploads\\\/2022\\\/01\\\/ajankohtaista1.jpg\",\"contentUrl\":\"https:\\\/\\\/www.jussihaikka.fi\\\/fi\\\/wp-content\\\/uploads\\\/2022\\\/01\\\/ajankohtaista1.jpg\"},{\"@type\":\"BreadcrumbList\",\"@id\":\"https:\\\/\\\/www.jussihaikka.com\\\/fi\\\/jussi-haikka\\\/ajankohtaista\\\/#breadcrumb\",\"itemListElement\":[{\"@type\":\"ListItem\",\"position\":1,\"name\":\"Etusivu\",\"item\":\"https:\\\/\\\/www.jussihaikka.com\\\/fi\\\/\"},{\"@type\":\"ListItem\",\"position\":2,\"name\":\"Jussi Haikka\",\"item\":\"https:\\\/\\\/www.jussihaikka.com\\\/fi\\\/jussi-haikka\\\/\"},{\"@type\":\"ListItem\",\"position\":3,\"name\":\"Ajankohtaista\"}]},{\"@type\":\"WebSite\",\"@id\":\"https:\\\/\\\/www.jussihaikka.com\\\/fi\\\/#website\",\"url\":\"https:\\\/\\\/www.jussihaikka.com\\\/fi\\\/\",\"name\":\"Jussi Haikka\",\"description\":\"Do Not Fear - Just Believe\",\"potentialAction\":[{\"@type\":\"SearchAction\",\"target\":{\"@type\":\"EntryPoint\",\"urlTemplate\":\"https:\\\/\\\/www.jussihaikka.com\\\/fi\\\/?s={search_term_string}\"},\"query-input\":{\"@type\":\"PropertyValueSpecification\",\"valueRequired\":true,\"valueName\":\"search_term_string\"}}],\"inLanguage\":\"fi\"}]}<\/script>\n<!-- \/ Yoast SEO plugin. -->","yoast_head_json":{"title":"Ajankohtaista - Jussi Haikka","robots":{"index":"index","follow":"follow","max-snippet":"max-snippet:-1","max-image-preview":"max-image-preview:large","max-video-preview":"max-video-preview:-1"},"canonical":"https:\/\/www.jussihaikka.com\/fi\/jussi-haikka\/ajankohtaista\/","og_locale":"fi_FI","og_type":"article","og_title":"Ajankohtaista - Jussi Haikka","og_description":"Ajankohtaista","og_url":"https:\/\/www.jussihaikka.com\/fi\/jussi-haikka\/ajankohtaista\/","og_site_name":"Jussi Haikka","article_modified_time":"2024-02-08T20:49:55+00:00","og_image":[{"url":"https:\/\/www.jussihaikka.fi\/fi\/wp-content\/uploads\/2022\/01\/ajankohtaista1.jpg","type":"","width":"","height":""}],"twitter_card":"summary_large_image","twitter_misc":{"Arvioitu lukuaika":"1 minuutti"},"schema":{"@context":"https:\/\/schema.org","@graph":[{"@type":"WebPage","@id":"https:\/\/www.jussihaikka.com\/fi\/jussi-haikka\/ajankohtaista\/","url":"https:\/\/www.jussihaikka.com\/fi\/jussi-haikka\/ajankohtaista\/","name":"Ajankohtaista - Jussi Haikka","isPartOf":{"@id":"https:\/\/www.jussihaikka.com\/fi\/#website"},"primaryImageOfPage":{"@id":"https:\/\/www.jussihaikka.com\/fi\/jussi-haikka\/ajankohtaista\/#primaryimage"},"image":{"@id":"https:\/\/www.jussihaikka.com\/fi\/jussi-haikka\/ajankohtaista\/#primaryimage"},"thumbnailUrl":"https:\/\/www.jussihaikka.fi\/fi\/wp-content\/uploads\/2022\/01\/ajankohtaista1.jpg","datePublished":"2021-12-30T10:05:02+00:00","dateModified":"2024-02-08T20:49:55+00:00","breadcrumb":{"@id":"https:\/\/www.jussihaikka.com\/fi\/jussi-haikka\/ajankohtaista\/#breadcrumb"},"inLanguage":"fi","potentialAction":[{"@type":"ReadAction","target":["https:\/\/www.jussihaikka.com\/fi\/jussi-haikka\/ajankohtaista\/"]}]},{"@type":"ImageObject","inLanguage":"fi","@id":"https:\/\/www.jussihaikka.com\/fi\/jussi-haikka\/ajankohtaista\/#primaryimage","url":"https:\/\/www.jussihaikka.fi\/fi\/wp-content\/uploads\/2022\/01\/ajankohtaista1.jpg","contentUrl":"https:\/\/www.jussihaikka.fi\/fi\/wp-content\/uploads\/2022\/01\/ajankohtaista1.jpg"},{"@type":"BreadcrumbList","@id":"https:\/\/www.jussihaikka.com\/fi\/jussi-haikka\/ajankohtaista\/#breadcrumb","itemListElement":[{"@type":"ListItem","position":1,"name":"Etusivu","item":"https:\/\/www.jussihaikka.com\/fi\/"},{"@type":"ListItem","position":2,"name":"Jussi Haikka","item":"https:\/\/www.jussihaikka.com\/fi\/jussi-haikka\/"},{"@type":"ListItem","position":3,"name":"Ajankohtaista"}]},{"@type":"WebSite","@id":"https:\/\/www.jussihaikka.com\/fi\/#website","url":"https:\/\/www.jussihaikka.com\/fi\/","name":"Jussi Haikka","description":"Do Not Fear - Just Believe","potentialAction":[{"@type":"SearchAction","target":{"@type":"EntryPoint","urlTemplate":"https:\/\/www.jussihaikka.com\/fi\/?s={search_term_string}"},"query-input":{"@type":"PropertyValueSpecification","valueRequired":true,"valueName":"search_term_string"}}],"inLanguage":"fi"}]}},"_links":{"self":[{"href":"https:\/\/www.jussihaikka.com\/fi\/wp-json\/wp\/v2\/pages\/1498","targetHints":{"allow":["GET"]}}],"collection":[{"href":"https:\/\/www.jussihaikka.com\/fi\/wp-json\/wp\/v2\/pages"}],"about":[{"href":"https:\/\/www.jussihaikka.com\/fi\/wp-json\/wp\/v2\/types\/page"}],"author":[{"embeddable":true,"href":"https:\/\/www.jussihaikka.com\/fi\/wp-json\/wp\/v2\/users\/4"}],"replies":[{"embeddable":true,"href":"https:\/\/www.jussihaikka.com\/fi\/wp-json\/wp\/v2\/comments?post=1498"}],"version-history":[{"count":25,"href":"https:\/\/www.jussihaikka.com\/fi\/wp-json\/wp\/v2\/pages\/1498\/revisions"}],"predecessor-version":[{"id":8727,"href":"https:\/\/www.jussihaikka.com\/fi\/wp-json\/wp\/v2\/pages\/1498\/revisions\/8727"}],"up":[{"embeddable":true,"href":"https:\/\/www.jussihaikka.com\/fi\/wp-json\/wp\/v2\/pages\/1494"}],"wp:attachment":[{"href":"https:\/\/www.jussihaikka.com\/fi\/wp-json\/wp\/v2\/media?parent=1498"}],"curies":[{"name":"wp","href":"https:\/\/api.w.org\/{rel}","templated":true}]}}