{"id":1451,"date":"2021-12-14T08:45:34","date_gmt":"2021-12-14T06:45:34","guid":{"rendered":"https:\/\/www.jussihaikka.fi\/fi\/?page_id=1451"},"modified":"2024-03-10T18:08:08","modified_gmt":"2024-03-10T16:08:08","slug":"mountaineering-magazine","status":"publish","type":"page","link":"https:\/\/www.jussihaikka.com\/fi\/alpit\/mountaineering-magazine\/","title":{"rendered":"Mountaineering Magazine"},"content":{"rendered":"<h1>Mountaineering Magazine<\/h1>\n<h2>T\u00e4m\u00e4 sivu on siirtym\u00e4ss\u00e4 osoitteeseen:<\/h2>\n<h2>mountaineeringmagazine.com<\/h2>\n<p><img loading=\"lazy\" decoding=\"async\" class=\"alignnone size-full wp-image-3084\" src=\"https:\/\/www.jussihaikka.fi\/fi\/wp-content\/uploads\/2022\/03\/kansi1.jpg\" alt=\"\" width=\"2560\" height=\"1440\" srcset=\"https:\/\/www.jussihaikka.com\/fi\/wp-content\/uploads\/2022\/03\/kansi1.jpg 2560w, https:\/\/www.jussihaikka.com\/fi\/wp-content\/uploads\/2022\/03\/kansi1-300x169.jpg 300w, https:\/\/www.jussihaikka.com\/fi\/wp-content\/uploads\/2022\/03\/kansi1-1024x576.jpg 1024w, https:\/\/www.jussihaikka.com\/fi\/wp-content\/uploads\/2022\/03\/kansi1-768x432.jpg 768w, https:\/\/www.jussihaikka.com\/fi\/wp-content\/uploads\/2022\/03\/kansi1-1536x864.jpg 1536w, https:\/\/www.jussihaikka.com\/fi\/wp-content\/uploads\/2022\/03\/kansi1-2048x1152.jpg 2048w\" sizes=\"auto, (max-width: 2560px) 100vw, 2560px\" \/><\/p>\n<div class=\"all-news\"><a class=\"btn btn-theme-primary-outline\" href=\"https:\/\/www.jussihaikka.fi\/fi\/big-mountain-magazine\/2022-2\/february\/\">Lue lehti 2\/2022<\/a><\/div>\n<div>\n<div><\/div>\n<\/div>\n<p>&nbsp;<\/p>\n<p>&nbsp;<\/p>\n<div>\n<p><img loading=\"lazy\" decoding=\"async\" class=\"alignnone wp-image-8159 size-medium\" src=\"https:\/\/www.jussihaikka.fi\/fi\/wp-content\/uploads\/2023\/12\/IMG_3869-300x199.jpg\" alt=\"\" width=\"300\" height=\"199\" srcset=\"https:\/\/www.jussihaikka.com\/fi\/wp-content\/uploads\/2023\/12\/IMG_3869-300x199.jpg 300w, https:\/\/www.jussihaikka.com\/fi\/wp-content\/uploads\/2023\/12\/IMG_3869-1024x678.jpg 1024w, https:\/\/www.jussihaikka.com\/fi\/wp-content\/uploads\/2023\/12\/IMG_3869-768x509.jpg 768w\" sizes=\"auto, (max-width: 300px) 100vw, 300px\" \/><\/p>\n<h2>Kysy tarjous, olen aloittamassa yritystoimintaa ja ensimm\u00e4iset p\u00e4\u00e4sev\u00e4t edullisemmin vuorille<\/h2>\n<\/div>\n","protected":false},"excerpt":{"rendered":"<p>Mountaineering Magazine T\u00e4m\u00e4 sivu on siirtym\u00e4ss\u00e4 osoitteeseen: mountaineeringmagazine.com Lue lehti 2\/2022 &nbsp; &nbsp; Kysy tarjous, olen aloittamassa yritystoimintaa ja ensimm\u00e4iset p\u00e4\u00e4sev\u00e4t edullisemmin vuorille<\/p>\n","protected":false},"author":1,"featured_media":0,"parent":7367,"menu_order":0,"comment_status":"closed","ping_status":"closed","template":"","meta":{"footnotes":""},"class_list":["post-1451","page","type-page","status-publish","hentry"],"yoast_head":"<!-- This site is optimized with the Yoast SEO plugin v27.4 - https:\/\/yoast.com\/product\/yoast-seo-wordpress\/ -->\n<title>Mountaineering Magazine - Jussi Haikka<\/title>\n<meta name=\"robots\" content=\"index, follow, max-snippet:-1, max-image-preview:large, max-video-preview:-1\" \/>\n<link rel=\"canonical\" href=\"https:\/\/www.jussihaikka.com\/fi\/alpit\/mountaineering-magazine\/\" \/>\n<meta property=\"og:locale\" content=\"fi_FI\" \/>\n<meta property=\"og:type\" content=\"article\" \/>\n<meta property=\"og:title\" content=\"Mountaineering Magazine - Jussi Haikka\" \/>\n<meta property=\"og:description\" content=\"Mountaineering Magazine T\u00e4m\u00e4 sivu on siirtym\u00e4ss\u00e4 osoitteeseen: mountaineeringmagazine.com Lue lehti 2\/2022 &nbsp; &nbsp; Kysy tarjous, olen aloittamassa yritystoimintaa ja ensimm\u00e4iset p\u00e4\u00e4sev\u00e4t edullisemmin vuorille\" \/>\n<meta property=\"og:url\" content=\"https:\/\/www.jussihaikka.com\/fi\/alpit\/mountaineering-magazine\/\" \/>\n<meta property=\"og:site_name\" content=\"Jussi Haikka\" \/>\n<meta property=\"article:modified_time\" content=\"2024-03-10T16:08:08+00:00\" \/>\n<meta property=\"og:image\" content=\"https:\/\/www.jussihaikka.fi\/fi\/wp-content\/uploads\/2022\/03\/kansi1.jpg\" \/>\n<meta name=\"twitter:card\" content=\"summary_large_image\" \/>\n<meta name=\"twitter:label1\" content=\"Arvioitu lukuaika\" \/>\n\t<meta name=\"twitter:data1\" content=\"1 minuutti\" \/>\n<script type=\"application\/ld+json\" class=\"yoast-schema-graph\">{\"@context\":\"https:\\\/\\\/schema.org\",\"@graph\":[{\"@type\":\"WebPage\",\"@id\":\"https:\\\/\\\/www.jussihaikka.com\\\/fi\\\/alpit\\\/mountaineering-magazine\\\/\",\"url\":\"https:\\\/\\\/www.jussihaikka.com\\\/fi\\\/alpit\\\/mountaineering-magazine\\\/\",\"name\":\"Mountaineering Magazine - Jussi Haikka\",\"isPartOf\":{\"@id\":\"https:\\\/\\\/www.jussihaikka.com\\\/fi\\\/#website\"},\"primaryImageOfPage\":{\"@id\":\"https:\\\/\\\/www.jussihaikka.com\\\/fi\\\/alpit\\\/mountaineering-magazine\\\/#primaryimage\"},\"image\":{\"@id\":\"https:\\\/\\\/www.jussihaikka.com\\\/fi\\\/alpit\\\/mountaineering-magazine\\\/#primaryimage\"},\"thumbnailUrl\":\"https:\\\/\\\/www.jussihaikka.fi\\\/fi\\\/wp-content\\\/uploads\\\/2022\\\/03\\\/kansi1.jpg\",\"datePublished\":\"2021-12-14T06:45:34+00:00\",\"dateModified\":\"2024-03-10T16:08:08+00:00\",\"breadcrumb\":{\"@id\":\"https:\\\/\\\/www.jussihaikka.com\\\/fi\\\/alpit\\\/mountaineering-magazine\\\/#breadcrumb\"},\"inLanguage\":\"fi\",\"potentialAction\":[{\"@type\":\"ReadAction\",\"target\":[\"https:\\\/\\\/www.jussihaikka.com\\\/fi\\\/alpit\\\/mountaineering-magazine\\\/\"]}]},{\"@type\":\"ImageObject\",\"inLanguage\":\"fi\",\"@id\":\"https:\\\/\\\/www.jussihaikka.com\\\/fi\\\/alpit\\\/mountaineering-magazine\\\/#primaryimage\",\"url\":\"https:\\\/\\\/www.jussihaikka.fi\\\/fi\\\/wp-content\\\/uploads\\\/2022\\\/03\\\/kansi1.jpg\",\"contentUrl\":\"https:\\\/\\\/www.jussihaikka.fi\\\/fi\\\/wp-content\\\/uploads\\\/2022\\\/03\\\/kansi1.jpg\"},{\"@type\":\"BreadcrumbList\",\"@id\":\"https:\\\/\\\/www.jussihaikka.com\\\/fi\\\/alpit\\\/mountaineering-magazine\\\/#breadcrumb\",\"itemListElement\":[{\"@type\":\"ListItem\",\"position\":1,\"name\":\"Etusivu\",\"item\":\"https:\\\/\\\/www.jussihaikka.com\\\/fi\\\/\"},{\"@type\":\"ListItem\",\"position\":2,\"name\":\"Alpit\",\"item\":\"https:\\\/\\\/www.jussihaikka.com\\\/fi\\\/alpit\\\/\"},{\"@type\":\"ListItem\",\"position\":3,\"name\":\"Mountaineering Magazine\"}]},{\"@type\":\"WebSite\",\"@id\":\"https:\\\/\\\/www.jussihaikka.com\\\/fi\\\/#website\",\"url\":\"https:\\\/\\\/www.jussihaikka.com\\\/fi\\\/\",\"name\":\"Jussi Haikka\",\"description\":\"Do Not Fear - Just Believe\",\"potentialAction\":[{\"@type\":\"SearchAction\",\"target\":{\"@type\":\"EntryPoint\",\"urlTemplate\":\"https:\\\/\\\/www.jussihaikka.com\\\/fi\\\/?s={search_term_string}\"},\"query-input\":{\"@type\":\"PropertyValueSpecification\",\"valueRequired\":true,\"valueName\":\"search_term_string\"}}],\"inLanguage\":\"fi\"}]}<\/script>\n<!-- \/ Yoast SEO plugin. -->","yoast_head_json":{"title":"Mountaineering Magazine - Jussi Haikka","robots":{"index":"index","follow":"follow","max-snippet":"max-snippet:-1","max-image-preview":"max-image-preview:large","max-video-preview":"max-video-preview:-1"},"canonical":"https:\/\/www.jussihaikka.com\/fi\/alpit\/mountaineering-magazine\/","og_locale":"fi_FI","og_type":"article","og_title":"Mountaineering Magazine - Jussi Haikka","og_description":"Mountaineering Magazine T\u00e4m\u00e4 sivu on siirtym\u00e4ss\u00e4 osoitteeseen: mountaineeringmagazine.com Lue lehti 2\/2022 &nbsp; &nbsp; Kysy tarjous, olen aloittamassa yritystoimintaa ja ensimm\u00e4iset p\u00e4\u00e4sev\u00e4t edullisemmin vuorille","og_url":"https:\/\/www.jussihaikka.com\/fi\/alpit\/mountaineering-magazine\/","og_site_name":"Jussi Haikka","article_modified_time":"2024-03-10T16:08:08+00:00","og_image":[{"url":"https:\/\/www.jussihaikka.fi\/fi\/wp-content\/uploads\/2022\/03\/kansi1.jpg","type":"","width":"","height":""}],"twitter_card":"summary_large_image","twitter_misc":{"Arvioitu lukuaika":"1 minuutti"},"schema":{"@context":"https:\/\/schema.org","@graph":[{"@type":"WebPage","@id":"https:\/\/www.jussihaikka.com\/fi\/alpit\/mountaineering-magazine\/","url":"https:\/\/www.jussihaikka.com\/fi\/alpit\/mountaineering-magazine\/","name":"Mountaineering Magazine - Jussi Haikka","isPartOf":{"@id":"https:\/\/www.jussihaikka.com\/fi\/#website"},"primaryImageOfPage":{"@id":"https:\/\/www.jussihaikka.com\/fi\/alpit\/mountaineering-magazine\/#primaryimage"},"image":{"@id":"https:\/\/www.jussihaikka.com\/fi\/alpit\/mountaineering-magazine\/#primaryimage"},"thumbnailUrl":"https:\/\/www.jussihaikka.fi\/fi\/wp-content\/uploads\/2022\/03\/kansi1.jpg","datePublished":"2021-12-14T06:45:34+00:00","dateModified":"2024-03-10T16:08:08+00:00","breadcrumb":{"@id":"https:\/\/www.jussihaikka.com\/fi\/alpit\/mountaineering-magazine\/#breadcrumb"},"inLanguage":"fi","potentialAction":[{"@type":"ReadAction","target":["https:\/\/www.jussihaikka.com\/fi\/alpit\/mountaineering-magazine\/"]}]},{"@type":"ImageObject","inLanguage":"fi","@id":"https:\/\/www.jussihaikka.com\/fi\/alpit\/mountaineering-magazine\/#primaryimage","url":"https:\/\/www.jussihaikka.fi\/fi\/wp-content\/uploads\/2022\/03\/kansi1.jpg","contentUrl":"https:\/\/www.jussihaikka.fi\/fi\/wp-content\/uploads\/2022\/03\/kansi1.jpg"},{"@type":"BreadcrumbList","@id":"https:\/\/www.jussihaikka.com\/fi\/alpit\/mountaineering-magazine\/#breadcrumb","itemListElement":[{"@type":"ListItem","position":1,"name":"Etusivu","item":"https:\/\/www.jussihaikka.com\/fi\/"},{"@type":"ListItem","position":2,"name":"Alpit","item":"https:\/\/www.jussihaikka.com\/fi\/alpit\/"},{"@type":"ListItem","position":3,"name":"Mountaineering Magazine"}]},{"@type":"WebSite","@id":"https:\/\/www.jussihaikka.com\/fi\/#website","url":"https:\/\/www.jussihaikka.com\/fi\/","name":"Jussi Haikka","description":"Do Not Fear - Just Believe","potentialAction":[{"@type":"SearchAction","target":{"@type":"EntryPoint","urlTemplate":"https:\/\/www.jussihaikka.com\/fi\/?s={search_term_string}"},"query-input":{"@type":"PropertyValueSpecification","valueRequired":true,"valueName":"search_term_string"}}],"inLanguage":"fi"}]}},"_links":{"self":[{"href":"https:\/\/www.jussihaikka.com\/fi\/wp-json\/wp\/v2\/pages\/1451","targetHints":{"allow":["GET"]}}],"collection":[{"href":"https:\/\/www.jussihaikka.com\/fi\/wp-json\/wp\/v2\/pages"}],"about":[{"href":"https:\/\/www.jussihaikka.com\/fi\/wp-json\/wp\/v2\/types\/page"}],"author":[{"embeddable":true,"href":"https:\/\/www.jussihaikka.com\/fi\/wp-json\/wp\/v2\/users\/1"}],"replies":[{"embeddable":true,"href":"https:\/\/www.jussihaikka.com\/fi\/wp-json\/wp\/v2\/comments?post=1451"}],"version-history":[{"count":35,"href":"https:\/\/www.jussihaikka.com\/fi\/wp-json\/wp\/v2\/pages\/1451\/revisions"}],"predecessor-version":[{"id":9455,"href":"https:\/\/www.jussihaikka.com\/fi\/wp-json\/wp\/v2\/pages\/1451\/revisions\/9455"}],"up":[{"embeddable":true,"href":"https:\/\/www.jussihaikka.com\/fi\/wp-json\/wp\/v2\/pages\/7367"}],"wp:attachment":[{"href":"https:\/\/www.jussihaikka.com\/fi\/wp-json\/wp\/v2\/media?parent=1451"}],"curies":[{"name":"wp","href":"https:\/\/api.w.org\/{rel}","templated":true}]}}